{"id":287157,"date":"2023-03-16T12:59:19","date_gmt":"2023-03-16T10:59:19","guid":{"rendered":"https:\/\/www.huntersfriend.eu\/product\/warne-tikka-kikarsiktesringar-hog\/"},"modified":"2025-08-26T14:48:35","modified_gmt":"2025-08-26T12:48:35","slug":"warne-tikka-kikarsiktesringar-hog","status":"publish","type":"product","link":"https:\/\/www.huntersfriend.eu\/sv\/produkt\/warne-tikka-kikarsiktesringar-hog\/","title":{"rendered":"Warne tikka kikarsiktesringar, h\u00f6g"},"content":{"rendered":"<p class=\"\" data-start=\"0\" data-end=\"105\"><strong data-start=\"0\" data-end=\"105\">Warne kikarsiktesf\u00e4sten \u2013 h\u00f6gkvalitativa och prisv\u00e4rda optikf\u00e4sten f\u00f6r praktiska j\u00e4gare och skyttar<\/strong><\/p>\n<p class=\"\" data-start=\"107\" data-end=\"301\">Warne kikarsiktesf\u00e4sten \u00e4r slitstarka och prisv\u00e4rda, utformade f\u00f6r att m\u00f6ta behoven hos praktiska j\u00e4gare och skyttar. Warne Maxima-f\u00e4sten tillverkas i USA och \u00e4r gjorda av st\u00e5l. <\/p>\n<p class=\"\" data-start=\"303\" data-end=\"636\"><strong data-start=\"307\" data-end=\"335\">Warne Maxima Tikka-f\u00e4stet<\/strong> \u00e4r utformat f\u00f6r att f\u00e4sta kikarsikten med 30 mm tub p\u00e5 skjutvapen. Tikka-f\u00e4stet har en 17 mm kilsp\u00e5r, som anv\u00e4nds av gev\u00e4r som Tikka T3. Ett av f\u00e4stena har en rekylbuffert, som kan tas bort om det beh\u00f6vs. Kikarsiktet f\u00e4sts p\u00e5 Warne Maxima-f\u00e4stet via vertikal montering med fyra Torx T-15-skruvar.   <\/p>\n<p class=\"\" data-start=\"638\" data-end=\"851\"><strong data-start=\"642\" data-end=\"663\">Warne Tikka-f\u00e4stet<\/strong> finns i h\u00f6jderna <strong data-start=\"680\" data-end=\"690\">Medium<\/strong> och <strong data-start=\"695\" data-end=\"703\">H\u00f6g<\/strong>. L\u00e4mplig h\u00f6jd f\u00f6r f\u00e4stet beror p\u00e5 tjockleken p\u00e5 ditt gev\u00e4rs pipa och actionprofilen i f\u00f6rh\u00e5llande till det monterade kikarsiktet. <\/p>\n<p class=\"\" data-start=\"853\" data-end=\"872\"><strong data-start=\"853\" data-end=\"872\">Specifikationer:<\/strong><\/p>\n<ul data-start=\"873\" data-end=\"1038\" data-is-last-node=\"\" data-is-only-node=\"\">\n<li class=\"\" data-start=\"873\" data-end=\"918\">\n<p class=\"\" data-start=\"875\" data-end=\"918\"><strong data-start=\"875\" data-end=\"886\">H\u00f6jd:<\/strong> H\u00f6g (Max. 56 mm objektivlins)<\/p>\n<\/li>\n<li class=\"\" data-start=\"919\" data-end=\"945\">\n<p class=\"\" data-start=\"921\" data-end=\"945\"><strong data-start=\"921\" data-end=\"932\">Vikt:<\/strong> 175,77 gram<\/p>\n<\/li>\n<li class=\"\" data-start=\"946\" data-end=\"1038\">\n<p class=\"\" data-start=\"948\" data-end=\"963\"><strong data-start=\"948\" data-end=\"963\">M\u00e5tt:<\/strong><\/p>\n<ul data-start=\"966\" data-end=\"1038\" data-is-last-node=\"\">\n<li class=\"\" data-start=\"966\" data-end=\"986\">\n<p class=\"\" data-start=\"968\" data-end=\"986\"><strong data-start=\"968\" data-end=\"981\">Tub (A):<\/strong> 30 mm<\/p>\n<\/li>\n<li class=\"\" data-start=\"989\" data-end=\"1012\">\n<p class=\"\" data-start=\"991\" data-end=\"1012\"><strong data-start=\"991\" data-end=\"1004\">Bas (B):<\/strong> 14,48 mm<\/p>\n<\/li>\n<li class=\"\" data-start=\"1015\" data-end=\"1038\">\n<p class=\"\" data-start=\"1017\" data-end=\"1038\"><strong data-start=\"1017\" data-end=\"1031\">Bredd (C):<\/strong> 17,9 mm<\/p>\n<\/li>\n<\/ul>\n<\/li>\n<\/ul>\n","protected":false},"excerpt":{"rendered":"<p>Warne kikarsiktesf\u00e4sten \u2013 h\u00f6gkvalitativa och prisv\u00e4rda optikf\u00e4sten f\u00f6r praktiska j\u00e4gare och skyttar Warne kikarsiktesf\u00e4sten \u00e4r slitstarka och prisv\u00e4rda, utformade f\u00f6r att m\u00f6ta behoven hos praktiska j\u00e4gare och skyttar. Warne Maxima-f\u00e4sten tillverkas i USA och \u00e4r gjorda av st\u00e5l. Warne Maxima Tikka-f\u00e4stet \u00e4r utformat f\u00f6r att f\u00e4sta kikarsikten med 30 mm tub p\u00e5 skjutvapen. Tikka-f\u00e4stet har [&#8230;]\n","protected":false},"featured_media":277516,"comment_status":"open","ping_status":"closed","template":"","meta":[],"product_brand":[],"product_cat":[2619],"product_tag":[],"class_list":{"0":"post-287157","1":"product","2":"type-product","3":"status-publish","4":"has-post-thumbnail","6":"product_cat-kikarsiktesringar-och-fasten","8":"first","9":"instock","10":"taxable","11":"shipping-taxable","12":"purchasable","13":"product-type-simple"},"composite_virtual":false,"composite_layout":"","composite_add_to_cart_form_location":"","composite_editable_in_cart":false,"composite_sold_individually_context":"","composite_shop_price_calc":"","composite_components":[],"composite_scenarios":[],"group_of_quantity":0,"min_quantity":0,"max_quantity":"","exclude_order_quantity_value_rules":"no","exclude_category_quantity_rules":"no","combine_variations":"no","exclude_global_add_ons":[],"addons":[],"_links":{"self":[{"href":"https:\/\/www.huntersfriend.eu\/sv\/wp-json\/wp\/v2\/product\/287157","targetHints":{"allow":["GET"]}}],"collection":[{"href":"https:\/\/www.huntersfriend.eu\/sv\/wp-json\/wp\/v2\/product"}],"about":[{"href":"https:\/\/www.huntersfriend.eu\/sv\/wp-json\/wp\/v2\/types\/product"}],"replies":[{"embeddable":true,"href":"https:\/\/www.huntersfriend.eu\/sv\/wp-json\/wp\/v2\/comments?post=287157"}],"wp:featuredmedia":[{"embeddable":true,"href":"https:\/\/www.huntersfriend.eu\/sv\/wp-json\/wp\/v2\/media\/277516"}],"wp:attachment":[{"href":"https:\/\/www.huntersfriend.eu\/sv\/wp-json\/wp\/v2\/media?parent=287157"}],"wp:term":[{"taxonomy":"product_brand","embeddable":true,"href":"https:\/\/www.huntersfriend.eu\/sv\/wp-json\/wp\/v2\/product_brand?post=287157"},{"taxonomy":"product_cat","embeddable":true,"href":"https:\/\/www.huntersfriend.eu\/sv\/wp-json\/wp\/v2\/product_cat?post=287157"},{"taxonomy":"product_tag","embeddable":true,"href":"https:\/\/www.huntersfriend.eu\/sv\/wp-json\/wp\/v2\/product_tag?post=287157"}],"curies":[{"name":"wp","href":"https:\/\/api.w.org\/{rel}","templated":true}]}}