{"id":287155,"date":"2023-03-16T12:59:18","date_gmt":"2023-03-16T10:59:18","guid":{"rendered":"https:\/\/www.huntersfriend.eu\/product\/warne-tikka-kikarsiktesringar-medium\/"},"modified":"2025-08-26T14:48:34","modified_gmt":"2025-08-26T12:48:34","slug":"warne-tikka-kikarsiktesringar-medium","status":"publish","type":"product","link":"https:\/\/www.huntersfriend.eu\/sv\/produkt\/warne-tikka-kikarsiktesringar-medium\/","title":{"rendered":"Warne tikka kikarsiktesringar, Medium"},"content":{"rendered":"<p class=\"\" data-start=\"0\" data-end=\"105\"><strong data-start=\"0\" data-end=\"105\">Warne kikarsiktesf\u00e4sten \u2013 h\u00f6gkvalitativa och prisv\u00e4rda optikf\u00e4sten f\u00f6r praktiska j\u00e4gare och skyttar<\/strong><\/p>\n<p class=\"\" data-start=\"107\" data-end=\"295\">Warne kikarsiktesf\u00e4sten \u00e4r v\u00e4lbyggda och prisv\u00e4rda, utformade f\u00f6r att m\u00f6ta behoven hos praktiska j\u00e4gare och skyttar. Warne Maxima-f\u00e4sten \u00e4r tillverkade i USA och konstruerade av st\u00e5l. <\/p>\n<p class=\"\" data-start=\"297\" data-end=\"644\"><strong data-start=\"297\" data-end=\"325\">Warne Maxima Tikka-f\u00e4ste<\/strong> \u00e4r utformat f\u00f6r att f\u00e4sta kikarsikten med ett 30 mm-r\u00f6r p\u00e5 ett gev\u00e4r. Tikka-f\u00e4stet har en 17 mm kilsp\u00e5r, som ofta anv\u00e4nds med gev\u00e4r som Tikka T3. Ett av f\u00e4stena har en rekylbuffert, som kan tas bort vid behov. Kikarsiktet f\u00e4sts p\u00e5 Warne Maxima-f\u00e4stet med vertikal montering via fyra Torx T-15-skruvar.   <\/p>\n<p class=\"\" data-start=\"646\" data-end=\"872\">Warne Tikka-f\u00e4stet finns i <strong data-start=\"684\" data-end=\"694\">Medium<\/strong> och <strong data-start=\"699\" data-end=\"707\">High<\/strong> h\u00f6jder. Att v\u00e4lja r\u00e4tt h\u00f6jd f\u00f6r ditt f\u00e4ste beror p\u00e5 tjockleken p\u00e5 ditt gev\u00e4rs pipa och profilen p\u00e5 mekanismen i f\u00f6rh\u00e5llande till det monterade kikarsiktet. <\/p>\n<p class=\"\" data-start=\"874\" data-end=\"893\"><strong data-start=\"874\" data-end=\"893\">Specifikationer:<\/strong><\/p>\n<ul data-start=\"894\" data-end=\"1060\" data-is-last-node=\"\" data-is-only-node=\"\">\n<li class=\"\" data-start=\"894\" data-end=\"941\">\n<p class=\"\" data-start=\"896\" data-end=\"941\"><strong data-start=\"896\" data-end=\"907\">H\u00f6jd:<\/strong> Medium (Max. 52 mm objektivlins)<\/p>\n<\/li>\n<li class=\"\" data-start=\"942\" data-end=\"967\">\n<p class=\"\" data-start=\"944\" data-end=\"967\"><strong data-start=\"944\" data-end=\"955\">Vikt:<\/strong> 150,3 gram<\/p>\n<\/li>\n<li class=\"\" data-start=\"968\" data-end=\"1060\">\n<p class=\"\" data-start=\"970\" data-end=\"985\"><strong data-start=\"970\" data-end=\"985\">M\u00e5tt:<\/strong><\/p>\n<ul data-start=\"988\" data-end=\"1060\" data-is-last-node=\"\">\n<li class=\"\" data-start=\"988\" data-end=\"1008\">\n<p class=\"\" data-start=\"990\" data-end=\"1008\"><strong data-start=\"990\" data-end=\"1003\">Tub (A):<\/strong> 30 mm<\/p>\n<\/li>\n<li class=\"\" data-start=\"1011\" data-end=\"1034\">\n<p class=\"\" data-start=\"1013\" data-end=\"1034\"><strong data-start=\"1013\" data-end=\"1026\">Bas (B):<\/strong> 11,68 mm<\/p>\n<\/li>\n<li class=\"\" data-start=\"1037\" data-end=\"1060\">\n<p class=\"\" data-start=\"1039\" data-end=\"1060\"><strong data-start=\"1039\" data-end=\"1053\">Bredd (C):<\/strong> 17,9 mm<\/p>\n<\/li>\n<\/ul>\n<\/li>\n<\/ul>\n","protected":false},"excerpt":{"rendered":"<p>Warne kikarsiktesf\u00e4sten \u2013 h\u00f6gkvalitativa och prisv\u00e4rda optikf\u00e4sten f\u00f6r praktiska j\u00e4gare och skyttar Warne kikarsiktesf\u00e4sten \u00e4r v\u00e4lbyggda och prisv\u00e4rda, utformade f\u00f6r att m\u00f6ta behoven hos praktiska j\u00e4gare och skyttar. Warne Maxima-f\u00e4sten \u00e4r tillverkade i USA och konstruerade av st\u00e5l. Warne Maxima Tikka-f\u00e4ste \u00e4r utformat f\u00f6r att f\u00e4sta kikarsikten med ett 30 mm-r\u00f6r p\u00e5 ett gev\u00e4r. Tikka-f\u00e4stet [&#8230;]\n","protected":false},"featured_media":277512,"comment_status":"open","ping_status":"closed","template":"","meta":[],"product_brand":[],"product_cat":[2619],"product_tag":[],"class_list":{"0":"post-287155","1":"product","2":"type-product","3":"status-publish","4":"has-post-thumbnail","6":"product_cat-kikarsiktesringar-och-fasten","8":"first","9":"instock","10":"taxable","11":"shipping-taxable","12":"purchasable","13":"product-type-simple"},"composite_virtual":false,"composite_layout":"","composite_add_to_cart_form_location":"","composite_editable_in_cart":false,"composite_sold_individually_context":"","composite_shop_price_calc":"","composite_components":[],"composite_scenarios":[],"group_of_quantity":0,"min_quantity":0,"max_quantity":"","exclude_order_quantity_value_rules":"no","exclude_category_quantity_rules":"no","combine_variations":"no","exclude_global_add_ons":[],"addons":[],"_links":{"self":[{"href":"https:\/\/www.huntersfriend.eu\/sv\/wp-json\/wp\/v2\/product\/287155","targetHints":{"allow":["GET"]}}],"collection":[{"href":"https:\/\/www.huntersfriend.eu\/sv\/wp-json\/wp\/v2\/product"}],"about":[{"href":"https:\/\/www.huntersfriend.eu\/sv\/wp-json\/wp\/v2\/types\/product"}],"replies":[{"embeddable":true,"href":"https:\/\/www.huntersfriend.eu\/sv\/wp-json\/wp\/v2\/comments?post=287155"}],"wp:featuredmedia":[{"embeddable":true,"href":"https:\/\/www.huntersfriend.eu\/sv\/wp-json\/wp\/v2\/media\/277512"}],"wp:attachment":[{"href":"https:\/\/www.huntersfriend.eu\/sv\/wp-json\/wp\/v2\/media?parent=287155"}],"wp:term":[{"taxonomy":"product_brand","embeddable":true,"href":"https:\/\/www.huntersfriend.eu\/sv\/wp-json\/wp\/v2\/product_brand?post=287155"},{"taxonomy":"product_cat","embeddable":true,"href":"https:\/\/www.huntersfriend.eu\/sv\/wp-json\/wp\/v2\/product_cat?post=287155"},{"taxonomy":"product_tag","embeddable":true,"href":"https:\/\/www.huntersfriend.eu\/sv\/wp-json\/wp\/v2\/product_tag?post=287155"}],"curies":[{"name":"wp","href":"https:\/\/api.w.org\/{rel}","templated":true}]}}