{"id":287144,"date":"2023-03-16T12:57:55","date_gmt":"2023-03-16T10:57:55","guid":{"rendered":"https:\/\/www.huntersfriend.eu\/product\/buck-gardner-dubbel-cross-diamondwood-lockpipa-for-ander\/"},"modified":"2025-08-26T14:48:29","modified_gmt":"2025-08-26T12:48:29","slug":"buck-gardner-dubbel-cross-diamondwood-lockpipa-for-ander","status":"publish","type":"product","link":"https:\/\/www.huntersfriend.eu\/sv\/produkt\/buck-gardner-dubbel-cross-diamondwood-lockpipa-for-ander\/","title":{"rendered":"Buck Gardner dubbel cross diamondwood lockpipa f\u00f6r \u00e4nder"},"content":{"rendered":"<p>Denna diamondwood\/polykarbonat-version av Buck Gardners Double Cross Short Barrel \u00e4r en slitvarg i f\u00e4lt och en av de b\u00e4st s\u00e4ljande lockpiporna f\u00f6r \u00e4nder i v\u00e5rt sortiment. Spit-Tech-tonplatteteknik f\u00f6rhindrar att piporna fastnar, \u00e4ven n\u00e4r de \u00e4r v\u00e5ta av saliv, kondens eller ett oavsiktligt dopp i vattnet. Double Cross har en kort pipa f\u00f6r \u00f6kad kontroll och enkel anv\u00e4ndning. Denna allsidiga dubbelpipa kan verkligen g\u00f6ra allt. Har det klassiska utseendet av en tr\u00e4pipa med v\u00e5rt avancerade Spit-Tech-inl\u00e4gg i polykarbonat.    <\/p>\n","protected":false},"excerpt":{"rendered":"<p>Tr\u00e4\/poly \u2013 Cocobolo\/Klar<\/p>\n","protected":false},"featured_media":250756,"comment_status":"open","ping_status":"closed","template":"","meta":[],"product_brand":[],"product_cat":[2804],"product_tag":[],"class_list":{"0":"post-287144","1":"product","2":"type-product","3":"status-publish","4":"has-post-thumbnail","6":"product_cat-andlockbeten","8":"first","9":"instock","10":"taxable","11":"shipping-taxable","12":"purchasable","13":"product-type-simple"},"composite_virtual":false,"composite_layout":"","composite_add_to_cart_form_location":"","composite_editable_in_cart":false,"composite_sold_individually_context":"","composite_shop_price_calc":"","composite_components":[],"composite_scenarios":[],"group_of_quantity":0,"min_quantity":0,"max_quantity":"","exclude_order_quantity_value_rules":"no","exclude_category_quantity_rules":"no","combine_variations":"no","exclude_global_add_ons":[],"addons":[],"_links":{"self":[{"href":"https:\/\/www.huntersfriend.eu\/sv\/wp-json\/wp\/v2\/product\/287144","targetHints":{"allow":["GET"]}}],"collection":[{"href":"https:\/\/www.huntersfriend.eu\/sv\/wp-json\/wp\/v2\/product"}],"about":[{"href":"https:\/\/www.huntersfriend.eu\/sv\/wp-json\/wp\/v2\/types\/product"}],"replies":[{"embeddable":true,"href":"https:\/\/www.huntersfriend.eu\/sv\/wp-json\/wp\/v2\/comments?post=287144"}],"wp:featuredmedia":[{"embeddable":true,"href":"https:\/\/www.huntersfriend.eu\/sv\/wp-json\/wp\/v2\/media\/250756"}],"wp:attachment":[{"href":"https:\/\/www.huntersfriend.eu\/sv\/wp-json\/wp\/v2\/media?parent=287144"}],"wp:term":[{"taxonomy":"product_brand","embeddable":true,"href":"https:\/\/www.huntersfriend.eu\/sv\/wp-json\/wp\/v2\/product_brand?post=287144"},{"taxonomy":"product_cat","embeddable":true,"href":"https:\/\/www.huntersfriend.eu\/sv\/wp-json\/wp\/v2\/product_cat?post=287144"},{"taxonomy":"product_tag","embeddable":true,"href":"https:\/\/www.huntersfriend.eu\/sv\/wp-json\/wp\/v2\/product_tag?post=287144"}],"curies":[{"name":"wp","href":"https:\/\/api.w.org\/{rel}","templated":true}]}}