{"id":287141,"date":"2023-03-16T12:55:42","date_gmt":"2023-03-16T10:55:42","guid":{"rendered":"https:\/\/www.huntersfriend.eu\/product\/buck-gardner-dubbel-elak-poly-ank-lockpipa\/"},"modified":"2025-08-26T14:48:28","modified_gmt":"2025-08-26T12:48:28","slug":"buck-gardner-dubbel-elak-poly-ank-lockpipa","status":"publish","type":"product","link":"https:\/\/www.huntersfriend.eu\/sv\/produkt\/buck-gardner-dubbel-elak-poly-ank-lockpipa\/","title":{"rendered":"Buck Gardner dubbel elak poly ank-lockpipa"},"content":{"rendered":"<p>Double Nasty dubbel vass ank-lockpipa \u00e4r en h\u00f6rnsten i Buck Gardners sortiment och en av de b\u00e4st s\u00e4ljande lockpiporna genom tiderna. Den \u00e4r h\u00f6gljudd, extra raspig och garanterat att inte fastna tack vare v\u00e5r Spit-Tech tonbr\u00e4dedesign. Spit-Tech-tekniken g\u00f6r att lockpipan kan bl\u00e5sas n\u00e4r den \u00e4r v\u00e5t av saliv, kondens och till och med oavsiktliga dopp i vattnet. Varje Double Nasty ank-lockpipa \u00e4r handjusterad och testad av v\u00e5r personal av h\u00e4ngivna ankj\u00e4gare i Memphis, Tennessee, USA.   <\/p>\n","protected":false},"excerpt":{"rendered":"<p>Camo Gr\u00f6n<\/p>\n","protected":false},"featured_media":250780,"comment_status":"open","ping_status":"closed","template":"","meta":[],"product_brand":[],"product_cat":[878],"product_tag":[],"class_list":{"0":"post-287141","1":"product","2":"type-product","3":"status-publish","4":"has-post-thumbnail","6":"product_cat-uncategorized-sv","8":"first","9":"outofstock","10":"taxable","11":"shipping-taxable","12":"purchasable","13":"product-type-simple"},"composite_virtual":false,"composite_layout":"","composite_add_to_cart_form_location":"","composite_editable_in_cart":false,"composite_sold_individually_context":"","composite_shop_price_calc":"","composite_components":[],"composite_scenarios":[],"group_of_quantity":0,"min_quantity":0,"max_quantity":"","exclude_order_quantity_value_rules":"no","exclude_category_quantity_rules":"no","combine_variations":"no","exclude_global_add_ons":[],"addons":[],"_links":{"self":[{"href":"https:\/\/www.huntersfriend.eu\/sv\/wp-json\/wp\/v2\/product\/287141","targetHints":{"allow":["GET"]}}],"collection":[{"href":"https:\/\/www.huntersfriend.eu\/sv\/wp-json\/wp\/v2\/product"}],"about":[{"href":"https:\/\/www.huntersfriend.eu\/sv\/wp-json\/wp\/v2\/types\/product"}],"replies":[{"embeddable":true,"href":"https:\/\/www.huntersfriend.eu\/sv\/wp-json\/wp\/v2\/comments?post=287141"}],"wp:featuredmedia":[{"embeddable":true,"href":"https:\/\/www.huntersfriend.eu\/sv\/wp-json\/wp\/v2\/media\/250780"}],"wp:attachment":[{"href":"https:\/\/www.huntersfriend.eu\/sv\/wp-json\/wp\/v2\/media?parent=287141"}],"wp:term":[{"taxonomy":"product_brand","embeddable":true,"href":"https:\/\/www.huntersfriend.eu\/sv\/wp-json\/wp\/v2\/product_brand?post=287141"},{"taxonomy":"product_cat","embeddable":true,"href":"https:\/\/www.huntersfriend.eu\/sv\/wp-json\/wp\/v2\/product_cat?post=287141"},{"taxonomy":"product_tag","embeddable":true,"href":"https:\/\/www.huntersfriend.eu\/sv\/wp-json\/wp\/v2\/product_tag?post=287141"}],"curies":[{"name":"wp","href":"https:\/\/api.w.org\/{rel}","templated":true}]}}