{"id":287134,"date":"2022-11-02T10:20:17","date_gmt":"2022-11-02T08:20:17","guid":{"rendered":"https:\/\/www.huntersfriend.eu\/product\/sitka-traverse-mossa-elevated\/"},"modified":"2025-08-26T14:48:22","modified_gmt":"2025-08-26T12:48:22","slug":"sitka-traverse-mossa-elevated","status":"publish","type":"product","link":"https:\/\/www.huntersfriend.eu\/sv\/produkt\/sitka-traverse-mossa-elevated\/","title":{"rendered":"SITKA traverse-m\u00f6ssa, Elevated"},"content":{"rendered":"<p>Traverse-m\u00f6ssan \u00e4r gjord f\u00f6r komfort och ventilerande v\u00e4rme och har mjuk, snabbtorkande stretchfleece. Den \u00e4r tillverkad av tyger gjorda av \u00e5tervunna material och har Polygiene\u00ae Odor Control Technology f\u00f6r att neutralisera lukt som orsakas av svett. <\/p>\n<p>Snabbtorkande, medeltjock komfortstretchfleece (96 % polyester\/4 % elastan)<\/p>\n<p>Milj\u00f6medvetet tyg tillverkat av \u00e5tervunna material<\/p>\n<p>Slitstark vattenavvisande finish avvisar fukt och hindrar tyget fr\u00e5n att bli bl\u00f6tt<\/p>\n<p>Polygiene\u00ae Odor Control Technology neutraliserar s\u00e4kert lukt som orsakas av svett<\/p>\n","protected":false},"excerpt":{"rendered":"<p>Traverse-m\u00f6ssan \u00e4r gjord f\u00f6r komfort och ventilerande v\u00e4rme och har mjuk, snabbtorkande stretchfleece. Den \u00e4r tillverkad av tyger gjorda av \u00e5tervunna material och har Polygiene\u00ae Odor Control Technology f\u00f6r att neutralisera lukt som orsakas av svett. Snabbtorkande, medeltjock komfortstretchfleece (96 % polyester\/4 % elastan) Milj\u00f6medvetet tyg tillverkat av \u00e5tervunna material Slitstark vattenavvisande finish avvisar fukt [&#8230;]\n","protected":false},"featured_media":257863,"comment_status":"open","ping_status":"closed","template":"","meta":[],"product_brand":[],"product_cat":[878],"product_tag":[],"class_list":{"0":"post-287134","1":"product","2":"type-product","3":"status-publish","4":"has-post-thumbnail","6":"product_cat-uncategorized-sv","8":"first","9":"outofstock","10":"taxable","11":"shipping-taxable","12":"purchasable","13":"product-type-simple"},"composite_virtual":false,"composite_layout":"","composite_add_to_cart_form_location":"","composite_editable_in_cart":false,"composite_sold_individually_context":"","composite_shop_price_calc":"","composite_components":[],"composite_scenarios":[],"group_of_quantity":0,"min_quantity":0,"max_quantity":"","exclude_order_quantity_value_rules":"no","exclude_category_quantity_rules":"no","combine_variations":"no","exclude_global_add_ons":[],"addons":[],"_links":{"self":[{"href":"https:\/\/www.huntersfriend.eu\/sv\/wp-json\/wp\/v2\/product\/287134","targetHints":{"allow":["GET"]}}],"collection":[{"href":"https:\/\/www.huntersfriend.eu\/sv\/wp-json\/wp\/v2\/product"}],"about":[{"href":"https:\/\/www.huntersfriend.eu\/sv\/wp-json\/wp\/v2\/types\/product"}],"replies":[{"embeddable":true,"href":"https:\/\/www.huntersfriend.eu\/sv\/wp-json\/wp\/v2\/comments?post=287134"}],"wp:featuredmedia":[{"embeddable":true,"href":"https:\/\/www.huntersfriend.eu\/sv\/wp-json\/wp\/v2\/media\/257863"}],"wp:attachment":[{"href":"https:\/\/www.huntersfriend.eu\/sv\/wp-json\/wp\/v2\/media?parent=287134"}],"wp:term":[{"taxonomy":"product_brand","embeddable":true,"href":"https:\/\/www.huntersfriend.eu\/sv\/wp-json\/wp\/v2\/product_brand?post=287134"},{"taxonomy":"product_cat","embeddable":true,"href":"https:\/\/www.huntersfriend.eu\/sv\/wp-json\/wp\/v2\/product_cat?post=287134"},{"taxonomy":"product_tag","embeddable":true,"href":"https:\/\/www.huntersfriend.eu\/sv\/wp-json\/wp\/v2\/product_tag?post=287134"}],"curies":[{"name":"wp","href":"https:\/\/api.w.org\/{rel}","templated":true}]}}