{"id":287112,"date":"2022-11-01T15:33:38","date_gmt":"2022-11-01T13:33:38","guid":{"rendered":"https:\/\/www.huntersfriend.eu\/product\/meindl-island-mfs-active-wide-vandringskangor\/"},"modified":"2025-08-26T14:48:19","modified_gmt":"2025-08-26T12:48:19","slug":"meindl-island-mfs-active-wide-vandringskangor","status":"publish","type":"product","link":"https:\/\/www.huntersfriend.eu\/sv\/produkt\/meindl-island-mfs-active-wide-vandringskangor\/","title":{"rendered":"Meindl Island MFS Active Wide vandringsk\u00e4ngor"},"content":{"rendered":"<p><span class=\"jCAhz ChMk0b\"><span class=\"ryNqvb\">En klassisk brun vandringssko med en bredare sula.<\/span><\/span> <span class=\"jCAhz ChMk0b\"><span class=\"ryNqvb\">Memory-Foam-System garanterar en perfekt passform.<\/span><\/span> <span class=\"jCAhz ChMk0b\"><span class=\"ryNqvb\">Air Active-tekniken optimerar skons andningsf\u00f6rm\u00e5ga.<\/span><\/span> <span class=\"jCAhz ChMk0b\"><span class=\"ryNqvb\">Gore-Tex-lagret p\u00e5 skons yta h\u00e5ller dina f\u00f6tter torra.<\/span><\/span><\/p>\n<p><span class=\"jCAhz ChMk0b\"><span class=\"ryNqvb\">K\u00e4ngh\u00f6jd 17 cm<\/span><\/span><\/p>\n<p><span class=\"jCAhz ChMk0b\"><span class=\"ryNqvb\">Vikt 1760 g\/par<\/span><\/span><\/p>\n","protected":false},"excerpt":{"rendered":"<p>En klassisk brun vandringssko med en bredare sula. Memory-Foam-System garanterar en perfekt passform. Air Active-tekniken optimerar skons andningsf\u00f6rm\u00e5ga. Gore-Tex-lagret p\u00e5 skons yta h\u00e5ller dina f\u00f6tter torra. K\u00e4ngh\u00f6jd 17 cm Vikt 1760 g\/par<\/p>\n","protected":false},"featured_media":256222,"comment_status":"open","ping_status":"closed","template":"","meta":[],"product_brand":[],"product_cat":[2835,2793],"product_tag":[],"class_list":{"0":"post-287112","1":"product","2":"type-product","3":"status-publish","4":"has-post-thumbnail","6":"product_cat-jaktkangor","7":"product_cat-kangor","8":"product_shipping_class-medium-sv","10":"first","11":"instock","12":"taxable","13":"shipping-taxable","14":"purchasable","15":"product-type-variable"},"composite_virtual":false,"composite_layout":"","composite_add_to_cart_form_location":"","composite_editable_in_cart":false,"composite_sold_individually_context":"","composite_shop_price_calc":"","composite_components":[],"composite_scenarios":[],"group_of_quantity":0,"min_quantity":0,"max_quantity":"","exclude_order_quantity_value_rules":"no","exclude_category_quantity_rules":"no","combine_variations":"no","exclude_global_add_ons":[],"addons":[],"_links":{"self":[{"href":"https:\/\/www.huntersfriend.eu\/sv\/wp-json\/wp\/v2\/product\/287112","targetHints":{"allow":["GET"]}}],"collection":[{"href":"https:\/\/www.huntersfriend.eu\/sv\/wp-json\/wp\/v2\/product"}],"about":[{"href":"https:\/\/www.huntersfriend.eu\/sv\/wp-json\/wp\/v2\/types\/product"}],"replies":[{"embeddable":true,"href":"https:\/\/www.huntersfriend.eu\/sv\/wp-json\/wp\/v2\/comments?post=287112"}],"wp:featuredmedia":[{"embeddable":true,"href":"https:\/\/www.huntersfriend.eu\/sv\/wp-json\/wp\/v2\/media\/256222"}],"wp:attachment":[{"href":"https:\/\/www.huntersfriend.eu\/sv\/wp-json\/wp\/v2\/media?parent=287112"}],"wp:term":[{"taxonomy":"product_brand","embeddable":true,"href":"https:\/\/www.huntersfriend.eu\/sv\/wp-json\/wp\/v2\/product_brand?post=287112"},{"taxonomy":"product_cat","embeddable":true,"href":"https:\/\/www.huntersfriend.eu\/sv\/wp-json\/wp\/v2\/product_cat?post=287112"},{"taxonomy":"product_tag","embeddable":true,"href":"https:\/\/www.huntersfriend.eu\/sv\/wp-json\/wp\/v2\/product_tag?post=287112"}],"curies":[{"name":"wp","href":"https:\/\/api.w.org\/{rel}","templated":true}]}}