{"id":287110,"date":"2022-10-18T05:29:14","date_gmt":"2022-10-18T03:29:14","guid":{"rendered":"https:\/\/www.huntersfriend.eu\/product\/scott-archery-verge\/"},"modified":"2025-08-26T14:48:19","modified_gmt":"2025-08-26T12:48:19","slug":"scott-archery-verge","status":"publish","type":"product","link":"https:\/\/www.huntersfriend.eu\/sv\/produkt\/scott-archery-verge\/","title":{"rendered":"Scott Archery Verge"},"content":{"rendered":"<p>Med en smal design med \u00f6ppen krok \u00e4r Verge perfekt f\u00f6r skyttar som anv\u00e4nder pekfinger och letar efter en release i back-tension-stil som erbjuder maximal komfort och ultimat m\u00e5ngsidighet. Skapa en anpassad k\u00e4nsla med den justerbara tv\u00e5fingeravtryckardesignen som ger skyttar m\u00f6jlighet att avlossa ett skott med m\u00e5nga olika fingerplaceringar. Verges single sear-mekanik har inte bara justerbara l\u00e4gen f\u00f6r r\u00f6relse, utan erbjuder ocks\u00e5 m\u00f6jligheten att l\u00e4gga till ett f\u00f6rhands-klickalternativ f\u00f6r att skapa ett skr\u00e4ddarsytt skott. Den automatiska \u00e5terg\u00e5ngskroken har en vridbar svivelkoppling f\u00f6r att minska vridmomentet vid ankring f\u00f6r maximal noggrannhet, medan NCS-remmen passar alla handstorlekar.   <\/p>\n","protected":false},"excerpt":{"rendered":"<p>Back-tension-release i pekfingerdesign som erbjuder ultimat justerbarhet och m\u00e5ngsidighet.<\/p>\n","protected":false},"featured_media":238057,"comment_status":"open","ping_status":"closed","template":"","meta":[],"product_brand":[],"product_cat":[2680],"product_tag":[],"class_list":{"0":"post-287110","1":"product","2":"type-product","3":"status-publish","4":"has-post-thumbnail","6":"product_cat-handledsutlosare","8":"first","9":"instock","10":"taxable","11":"shipping-taxable","12":"purchasable","13":"product-type-simple"},"composite_virtual":false,"composite_layout":"","composite_add_to_cart_form_location":"","composite_editable_in_cart":false,"composite_sold_individually_context":"","composite_shop_price_calc":"","composite_components":[],"composite_scenarios":[],"group_of_quantity":0,"min_quantity":0,"max_quantity":"","exclude_order_quantity_value_rules":"no","exclude_category_quantity_rules":"no","combine_variations":"no","exclude_global_add_ons":[],"addons":[],"_links":{"self":[{"href":"https:\/\/www.huntersfriend.eu\/sv\/wp-json\/wp\/v2\/product\/287110","targetHints":{"allow":["GET"]}}],"collection":[{"href":"https:\/\/www.huntersfriend.eu\/sv\/wp-json\/wp\/v2\/product"}],"about":[{"href":"https:\/\/www.huntersfriend.eu\/sv\/wp-json\/wp\/v2\/types\/product"}],"replies":[{"embeddable":true,"href":"https:\/\/www.huntersfriend.eu\/sv\/wp-json\/wp\/v2\/comments?post=287110"}],"wp:featuredmedia":[{"embeddable":true,"href":"https:\/\/www.huntersfriend.eu\/sv\/wp-json\/wp\/v2\/media\/238057"}],"wp:attachment":[{"href":"https:\/\/www.huntersfriend.eu\/sv\/wp-json\/wp\/v2\/media?parent=287110"}],"wp:term":[{"taxonomy":"product_brand","embeddable":true,"href":"https:\/\/www.huntersfriend.eu\/sv\/wp-json\/wp\/v2\/product_brand?post=287110"},{"taxonomy":"product_cat","embeddable":true,"href":"https:\/\/www.huntersfriend.eu\/sv\/wp-json\/wp\/v2\/product_cat?post=287110"},{"taxonomy":"product_tag","embeddable":true,"href":"https:\/\/www.huntersfriend.eu\/sv\/wp-json\/wp\/v2\/product_tag?post=287110"}],"curies":[{"name":"wp","href":"https:\/\/api.w.org\/{rel}","templated":true}]}}