{"id":287108,"date":"2022-10-13T16:52:51","date_gmt":"2022-10-13T14:52:51","guid":{"rendered":"https:\/\/www.huntersfriend.eu\/product\/bohning-seal-tite-strangvax\/"},"modified":"2025-08-26T14:48:14","modified_gmt":"2025-08-26T12:48:14","slug":"bohning-seal-tite-strangvax","status":"publish","type":"product","link":"https:\/\/www.huntersfriend.eu\/sv\/produkt\/bohning-seal-tite-strangvax\/","title":{"rendered":"Bohning Seal-Tite str\u00e4ngvax"},"content":{"rendered":"<p>Seal-Tite \u00e4r ett silikonbaserat vax tillverkat f\u00f6r syntetiska b\u00e5gstr\u00e4ngar. Det har en silkeslen k\u00e4nsla och f\u00f6rblir mjukt \u00e4ven i kallt v\u00e4der. Luktfritt och vattent\u00e4tt. Tuben inneh\u00e5ller 28 gram Seal-Tite. Certifierat kompatibelt med armborst.    <\/p>\n<p>Tekniska tips:<\/p>\n<p>Applicera en liten m\u00e4ngd Seal-Tite p\u00e5 nock\u00e4ndar eller stiftbussningar f\u00f6r enklare ins\u00e4ttning\/indexering.<\/p>\n<p>Applicera Seal-Tite p\u00e5 g\u00e4ngorna p\u00e5 inskruvningsbara spetsar f\u00f6r att f\u00f6rhindra att de lossnar.<\/p>\n","protected":false},"excerpt":{"rendered":"<p>Seal-Tite \u00e4r ett silikonbaserat vax tillverkat f\u00f6r syntetiska b\u00e5gstr\u00e4ngar. Det har en silkeslen k\u00e4nsla och f\u00f6rblir mjukt \u00e4ven i kallt v\u00e4der. Luktfritt och vattent\u00e4tt. Tuben inneh\u00e5ller 28 gram Seal-Tite. Certifierat kompatibelt med armborst. Tekniska tips: Applicera en liten m\u00e4ngd Seal-Tite p\u00e5 nock\u00e4ndar eller stiftbussningar f\u00f6r enklare ins\u00e4ttning\/indexering. Applicera Seal-Tite p\u00e5 g\u00e4ngorna p\u00e5 inskruvningsbara spetsar f\u00f6r [&#8230;]\n","protected":false},"featured_media":237995,"comment_status":"open","ping_status":"closed","template":"","meta":[],"product_brand":[],"product_cat":[2868],"product_tag":[],"class_list":{"0":"post-287108","1":"product","2":"type-product","3":"status-publish","4":"has-post-thumbnail","6":"product_cat-strangvax-och-smorjmedel","8":"first","9":"instock","10":"taxable","11":"shipping-taxable","12":"purchasable","13":"product-type-simple"},"composite_virtual":false,"composite_layout":"","composite_add_to_cart_form_location":"","composite_editable_in_cart":false,"composite_sold_individually_context":"","composite_shop_price_calc":"","composite_components":[],"composite_scenarios":[],"group_of_quantity":0,"min_quantity":0,"max_quantity":"","exclude_order_quantity_value_rules":"no","exclude_category_quantity_rules":"no","combine_variations":"no","exclude_global_add_ons":[],"addons":[],"_links":{"self":[{"href":"https:\/\/www.huntersfriend.eu\/sv\/wp-json\/wp\/v2\/product\/287108","targetHints":{"allow":["GET"]}}],"collection":[{"href":"https:\/\/www.huntersfriend.eu\/sv\/wp-json\/wp\/v2\/product"}],"about":[{"href":"https:\/\/www.huntersfriend.eu\/sv\/wp-json\/wp\/v2\/types\/product"}],"replies":[{"embeddable":true,"href":"https:\/\/www.huntersfriend.eu\/sv\/wp-json\/wp\/v2\/comments?post=287108"}],"wp:featuredmedia":[{"embeddable":true,"href":"https:\/\/www.huntersfriend.eu\/sv\/wp-json\/wp\/v2\/media\/237995"}],"wp:attachment":[{"href":"https:\/\/www.huntersfriend.eu\/sv\/wp-json\/wp\/v2\/media?parent=287108"}],"wp:term":[{"taxonomy":"product_brand","embeddable":true,"href":"https:\/\/www.huntersfriend.eu\/sv\/wp-json\/wp\/v2\/product_brand?post=287108"},{"taxonomy":"product_cat","embeddable":true,"href":"https:\/\/www.huntersfriend.eu\/sv\/wp-json\/wp\/v2\/product_cat?post=287108"},{"taxonomy":"product_tag","embeddable":true,"href":"https:\/\/www.huntersfriend.eu\/sv\/wp-json\/wp\/v2\/product_tag?post=287108"}],"curies":[{"name":"wp","href":"https:\/\/api.w.org\/{rel}","templated":true}]}}