{"id":287107,"date":"2023-09-27T00:26:15","date_gmt":"2023-09-26T22:26:15","guid":{"rendered":"https:\/\/www.huntersfriend.eu\/product\/kottsokare-rpg-flu-flu-pil\/"},"modified":"2025-08-26T14:48:13","modified_gmt":"2025-08-26T12:48:13","slug":"kottsokare-rpg-flu-flu-pil","status":"publish","type":"product","link":"https:\/\/www.huntersfriend.eu\/sv\/produkt\/kottsokare-rpg-flu-flu-pil\/","title":{"rendered":"K\u00f6tts\u00f6kare RPG flu flu pil"},"content":{"rendered":"<p>F\u00e4rdiga Flu flu-pilar med fyra 4&#8243; naturfj\u00e4drar (f\u00e4rgerna kan variera) offset, med Meat Seeker RPG 300 spine shaft. Denna design av flu flu-pil kommer att falla till marken efter cirka 40-50 m flygning, vilket ger dig gott om pilhastighet f\u00f6r de d\u00e4r flygande m\u00e5len p\u00e5 n\u00e4ra h\u00e5ll. <\/p>\n<p>Om du beh\u00f6ver en annan spine f\u00f6r en recurveb\u00e5ge, v\u00e4nligen kontakta oss direkt och best\u00e4ll p\u00e5 info@huntersfriend.eu<\/p>\n<p>(Bilden visar inte det faktiska skaftet)<\/p>\n","protected":false},"excerpt":{"rendered":"<p>F\u00e4rdiga Flu flu-pilar med fyra 4&#8243; naturfj\u00e4drar (f\u00e4rgerna kan variera) offset, med Meat Seeker RPG 300 spine shaft. Denna design av flu flu-pil kommer att falla till marken efter cirka 40-50 m flygning, vilket ger dig gott om pilhastighet f\u00f6r de d\u00e4r flygande m\u00e5len p\u00e5 n\u00e4ra h\u00e5ll. Om du beh\u00f6ver en annan spine f\u00f6r en [&#8230;]\n","protected":false},"featured_media":256453,"comment_status":"open","ping_status":"closed","template":"","meta":[],"product_brand":[],"product_cat":[2867],"product_tag":[],"class_list":{"0":"post-287107","1":"product","2":"type-product","3":"status-publish","4":"has-post-thumbnail","6":"product_cat-bagfiske-flu-flu-pilar","8":"first","9":"onbackorder","10":"taxable","11":"shipping-taxable","12":"purchasable","13":"product-type-simple"},"composite_virtual":false,"composite_layout":"","composite_add_to_cart_form_location":"","composite_editable_in_cart":false,"composite_sold_individually_context":"","composite_shop_price_calc":"","composite_components":[],"composite_scenarios":[],"group_of_quantity":0,"min_quantity":0,"max_quantity":"","exclude_order_quantity_value_rules":"no","exclude_category_quantity_rules":"no","combine_variations":"no","exclude_global_add_ons":false,"addons":[{"name":"Klipp till l\u00e4ngd","type":"multiple_choice","position":0,"required":true,"title_format":"label","default":"","description_enable":false,"description":null,"placeholder_enable":false,"placeholder":null,"display":"select","restrictions_type":"any_text","adjust_price":false,"price":"","price_type":"flat_fee","restrictions":false,"min":"0","max":"0","options":[{"label":"Klipp inte","price":"","price_type":"flat_fee","image":0,"visibility":true},{"label":"V\u00e4nligen klipp \u2013 l\u00e4gg till \u00f6nskad l\u00e4ngd i infof\u00e4ltet vid utcheckningen","price":"","price_type":"flat_fee","image":0,"visibility":true}]},{"name":"Insatser","type":"multiple_choice","position":1,"required":true,"title_format":"label","default":"","description_enable":false,"description":null,"placeholder_enable":false,"placeholder":null,"display":"select","restrictions_type":"any_text","adjust_price":false,"price":"","price_type":"flat_fee","restrictions":false,"min":"0","max":"0","options":[{"label":"Installera insatser (detta \u00e4r permanent!)","price":"","price_type":"flat_fee","image":0,"visibility":true},{"label":"Installera inte insatser (inkludera l\u00f6sa)","price":"","price_type":"flat_fee","image":0,"visibility":true}]}],"_links":{"self":[{"href":"https:\/\/www.huntersfriend.eu\/sv\/wp-json\/wp\/v2\/product\/287107","targetHints":{"allow":["GET"]}}],"collection":[{"href":"https:\/\/www.huntersfriend.eu\/sv\/wp-json\/wp\/v2\/product"}],"about":[{"href":"https:\/\/www.huntersfriend.eu\/sv\/wp-json\/wp\/v2\/types\/product"}],"replies":[{"embeddable":true,"href":"https:\/\/www.huntersfriend.eu\/sv\/wp-json\/wp\/v2\/comments?post=287107"}],"wp:featuredmedia":[{"embeddable":true,"href":"https:\/\/www.huntersfriend.eu\/sv\/wp-json\/wp\/v2\/media\/256453"}],"wp:attachment":[{"href":"https:\/\/www.huntersfriend.eu\/sv\/wp-json\/wp\/v2\/media?parent=287107"}],"wp:term":[{"taxonomy":"product_brand","embeddable":true,"href":"https:\/\/www.huntersfriend.eu\/sv\/wp-json\/wp\/v2\/product_brand?post=287107"},{"taxonomy":"product_cat","embeddable":true,"href":"https:\/\/www.huntersfriend.eu\/sv\/wp-json\/wp\/v2\/product_cat?post=287107"},{"taxonomy":"product_tag","embeddable":true,"href":"https:\/\/www.huntersfriend.eu\/sv\/wp-json\/wp\/v2\/product_tag?post=287107"}],"curies":[{"name":"wp","href":"https:\/\/api.w.org\/{rel}","templated":true}]}}