{"id":287102,"date":"2023-09-22T11:35:24","date_gmt":"2023-09-22T09:35:24","guid":{"rendered":"https:\/\/www.huntersfriend.eu\/product\/scott-archery-summit-utlosare\/"},"modified":"2025-08-26T14:48:11","modified_gmt":"2025-08-26T12:48:11","slug":"scott-archery-summit-utlosare","status":"publish","type":"product","link":"https:\/\/www.huntersfriend.eu\/sv\/produkt\/scott-archery-summit-utlosare\/","title":{"rendered":"Scott Archery Summit-utl\u00f6sare"},"content":{"rendered":"<p>Summit erbjuder exceptionellt v\u00e4rde och anv\u00e4ndarv\u00e4nlighet till alla b\u00e5gskyttar. Som en \u00f6ppen krokvals tumknapp ger Summit b\u00e5gskyttar en m\u00f6jlighet att ut\u00f6ka sin skjutstil utan att spr\u00e4cka banken. Summit har en klassledande skarp triggerk\u00e4nsla, automatisk krokretur och har justerbar triggerg\u00e5ng f\u00f6r en anpassad k\u00e4nsla. Summit har ett bekv\u00e4mt, ergonomiskt fyrfingerhandtag med en handledsrem inkluderad.   <\/p>\n<h2><span style=\"font-size: 75%\">Funktioner:<\/span><\/h2>\n<ul>\n<li>\u00d6ppen krokvals tumknapputl\u00f6sning<\/li>\n<li>Automatisk krokretur<\/li>\n<li>Handledsrem inkluderad<\/li>\n<\/ul>\n","protected":false},"excerpt":{"rendered":"<p>Summit erbjuder exceptionellt v\u00e4rde och anv\u00e4ndarv\u00e4nlighet till alla b\u00e5gskyttar. Som en \u00f6ppen krokvals tumknapp ger Summit b\u00e5gskyttar en m\u00f6jlighet att ut\u00f6ka sin skjutstil utan att spr\u00e4cka banken. Summit har en klassledande skarp triggerk\u00e4nsla, automatisk krokretur och har justerbar triggerg\u00e5ng f\u00f6r en anpassad k\u00e4nsla. Summit har ett bekv\u00e4mt, ergonomiskt fyrfingerhandtag med en handledsrem inkluderad. Funktioner: \u00d6ppen [&#8230;]\n","protected":false},"featured_media":287103,"comment_status":"open","ping_status":"closed","template":"","meta":[],"product_brand":[],"product_cat":[2802],"product_tag":[],"class_list":{"0":"post-287102","1":"product","2":"type-product","3":"status-publish","4":"has-post-thumbnail","6":"product_cat-hand-tum-releaser","8":"first","9":"instock","10":"taxable","11":"shipping-taxable","12":"purchasable","13":"product-type-simple"},"composite_virtual":false,"composite_layout":"","composite_add_to_cart_form_location":"","composite_editable_in_cart":false,"composite_sold_individually_context":"","composite_shop_price_calc":"","composite_components":[],"composite_scenarios":[],"group_of_quantity":0,"min_quantity":0,"max_quantity":"","exclude_order_quantity_value_rules":"no","exclude_category_quantity_rules":"no","combine_variations":"no","exclude_global_add_ons":[],"addons":[],"_links":{"self":[{"href":"https:\/\/www.huntersfriend.eu\/sv\/wp-json\/wp\/v2\/product\/287102","targetHints":{"allow":["GET"]}}],"collection":[{"href":"https:\/\/www.huntersfriend.eu\/sv\/wp-json\/wp\/v2\/product"}],"about":[{"href":"https:\/\/www.huntersfriend.eu\/sv\/wp-json\/wp\/v2\/types\/product"}],"replies":[{"embeddable":true,"href":"https:\/\/www.huntersfriend.eu\/sv\/wp-json\/wp\/v2\/comments?post=287102"}],"wp:featuredmedia":[{"embeddable":true,"href":"https:\/\/www.huntersfriend.eu\/sv\/wp-json\/wp\/v2\/media\/287103"}],"wp:attachment":[{"href":"https:\/\/www.huntersfriend.eu\/sv\/wp-json\/wp\/v2\/media?parent=287102"}],"wp:term":[{"taxonomy":"product_brand","embeddable":true,"href":"https:\/\/www.huntersfriend.eu\/sv\/wp-json\/wp\/v2\/product_brand?post=287102"},{"taxonomy":"product_cat","embeddable":true,"href":"https:\/\/www.huntersfriend.eu\/sv\/wp-json\/wp\/v2\/product_cat?post=287102"},{"taxonomy":"product_tag","embeddable":true,"href":"https:\/\/www.huntersfriend.eu\/sv\/wp-json\/wp\/v2\/product_tag?post=287102"}],"curies":[{"name":"wp","href":"https:\/\/api.w.org\/{rel}","templated":true}]}}