{"id":287101,"date":"2022-10-13T16:52:19","date_gmt":"2022-10-13T14:52:19","guid":{"rendered":"https:\/\/www.huntersfriend.eu\/product\/deerhunter-rusky-thermal-strumpor\/"},"modified":"2025-08-26T14:48:12","modified_gmt":"2025-08-26T12:48:12","slug":"deerhunter-rusky-thermal-strumpor","status":"publish","type":"product","link":"https:\/\/www.huntersfriend.eu\/sv\/produkt\/deerhunter-rusky-thermal-strumpor\/","title":{"rendered":"Deerhunter Rusky Thermal-strumpor"},"content":{"rendered":"<p><span class=\"jCAhz ChMk0b\"><span class=\"ryNqvb\">Med de mycket varma och mjuka Deerhunter Rusky Thermal-strumporna h\u00e5ller sig dina f\u00f6tter varma l\u00e4nge, \u00e4ven i kallare temperaturer.<\/span><\/span> <span class=\"jCAhz ChMk0b\"><span class=\"ryNqvb\">Strumpornas borstade material har utm\u00e4rkt v\u00e4rmeisolering.<\/span><\/span> <span class=\"jCAhz ChMk0b\"><span class=\"ryNqvb\">Deerhunter Rusky Thermo-strumpor passar foten bra tack vare sitt flexibla material.<\/span><\/span><\/p>\n","protected":false},"excerpt":{"rendered":"<p>Med de mycket varma och mjuka Deerhunter Rusky Thermal-strumporna h\u00e5ller sig dina f\u00f6tter varma l\u00e4nge, \u00e4ven i kallare temperaturer. Strumpornas borstade material har utm\u00e4rkt v\u00e4rmeisolering. Deerhunter Rusky Thermo-strumpor passar foten bra tack vare sitt flexibla material.<\/p>\n","protected":false},"featured_media":250793,"comment_status":"open","ping_status":"closed","template":"","meta":[],"product_brand":[],"product_cat":[878],"product_tag":[],"class_list":{"0":"post-287101","1":"product","2":"type-product","3":"status-publish","4":"has-post-thumbnail","6":"product_cat-uncategorized-sv","8":"first","9":"outofstock","10":"taxable","11":"shipping-taxable","12":"purchasable","13":"product-type-variable"},"composite_virtual":false,"composite_layout":"","composite_add_to_cart_form_location":"","composite_editable_in_cart":false,"composite_sold_individually_context":"","composite_shop_price_calc":"","composite_components":[],"composite_scenarios":[],"group_of_quantity":0,"min_quantity":0,"max_quantity":"","exclude_order_quantity_value_rules":"no","exclude_category_quantity_rules":"no","combine_variations":"no","exclude_global_add_ons":[],"addons":[],"_links":{"self":[{"href":"https:\/\/www.huntersfriend.eu\/sv\/wp-json\/wp\/v2\/product\/287101","targetHints":{"allow":["GET"]}}],"collection":[{"href":"https:\/\/www.huntersfriend.eu\/sv\/wp-json\/wp\/v2\/product"}],"about":[{"href":"https:\/\/www.huntersfriend.eu\/sv\/wp-json\/wp\/v2\/types\/product"}],"replies":[{"embeddable":true,"href":"https:\/\/www.huntersfriend.eu\/sv\/wp-json\/wp\/v2\/comments?post=287101"}],"wp:featuredmedia":[{"embeddable":true,"href":"https:\/\/www.huntersfriend.eu\/sv\/wp-json\/wp\/v2\/media\/250793"}],"wp:attachment":[{"href":"https:\/\/www.huntersfriend.eu\/sv\/wp-json\/wp\/v2\/media?parent=287101"}],"wp:term":[{"taxonomy":"product_brand","embeddable":true,"href":"https:\/\/www.huntersfriend.eu\/sv\/wp-json\/wp\/v2\/product_brand?post=287101"},{"taxonomy":"product_cat","embeddable":true,"href":"https:\/\/www.huntersfriend.eu\/sv\/wp-json\/wp\/v2\/product_cat?post=287101"},{"taxonomy":"product_tag","embeddable":true,"href":"https:\/\/www.huntersfriend.eu\/sv\/wp-json\/wp\/v2\/product_tag?post=287101"}],"curies":[{"name":"wp","href":"https:\/\/api.w.org\/{rel}","templated":true}]}}