{"id":287097,"date":"2023-09-22T11:00:34","date_gmt":"2023-09-22T09:00:34","guid":{"rendered":"https:\/\/www.huntersfriend.eu\/product\/pard-nv007sp-snabbadapter-51-mm\/"},"modified":"2025-12-23T11:53:21","modified_gmt":"2025-12-23T09:53:21","slug":"pard-nv007sp-snabbadapter-51-mm","status":"publish","type":"product","link":"https:\/\/www.huntersfriend.eu\/sv\/produkt\/pard-nv007sp-snabbadapter-51-mm\/","title":{"rendered":"Pard NV007SP snabbadapter 51 mm"},"content":{"rendered":"<p><span class=\"jCAhz ChMk0b\"><span class=\"ryNqvb\">Pard NV007SP snabbadapter 51 mm \u00e4r l\u00e4mplig f\u00f6r att f\u00e4sta Pard NV007S och NV007SP infrar\u00f6da enheter p\u00e5 kikarsiktet.<\/span><\/span> <span class=\"jCAhz ChMk0b\"><span class=\"ryNqvb\">Denna adapter \u00e4r snabb att installera och ta bort fr\u00e5n optiken.<\/span><\/span><\/p>\n<p><span class=\"jCAhz ChMk0b\"><span class=\"ryNqvb\">Finns \u00e4ven mindre, Pard NV007SP snabbadapter 45 mm.<\/span><\/span><\/p>\n","protected":false},"excerpt":{"rendered":"<p>Pard NV007SP snabbadapter 51 mm \u00e4r l\u00e4mplig f\u00f6r att f\u00e4sta Pard NV007S och NV007SP infrar\u00f6da enheter p\u00e5 kikarsiktet. Denna adapter \u00e4r snabb att installera och ta bort fr\u00e5n optiken. Finns \u00e4ven mindre, Pard NV007SP snabbadapter 45 mm.<\/p>\n","protected":false},"featured_media":255257,"comment_status":"open","ping_status":"closed","template":"","meta":[],"product_brand":[],"product_cat":[2524],"product_tag":[],"class_list":{"0":"post-287097","1":"product","2":"type-product","3":"status-publish","4":"has-post-thumbnail","6":"product_cat-optiktillbehor","8":"first","9":"outofstock","10":"sale","11":"taxable","12":"shipping-taxable","13":"purchasable","14":"product-type-simple"},"composite_virtual":false,"composite_layout":"","composite_add_to_cart_form_location":"","composite_editable_in_cart":false,"composite_sold_individually_context":"","composite_shop_price_calc":"","composite_components":[],"composite_scenarios":[],"group_of_quantity":0,"min_quantity":0,"max_quantity":"","exclude_order_quantity_value_rules":"no","exclude_category_quantity_rules":"no","combine_variations":"no","exclude_global_add_ons":[],"addons":[],"_links":{"self":[{"href":"https:\/\/www.huntersfriend.eu\/sv\/wp-json\/wp\/v2\/product\/287097","targetHints":{"allow":["GET"]}}],"collection":[{"href":"https:\/\/www.huntersfriend.eu\/sv\/wp-json\/wp\/v2\/product"}],"about":[{"href":"https:\/\/www.huntersfriend.eu\/sv\/wp-json\/wp\/v2\/types\/product"}],"replies":[{"embeddable":true,"href":"https:\/\/www.huntersfriend.eu\/sv\/wp-json\/wp\/v2\/comments?post=287097"}],"wp:featuredmedia":[{"embeddable":true,"href":"https:\/\/www.huntersfriend.eu\/sv\/wp-json\/wp\/v2\/media\/255257"}],"wp:attachment":[{"href":"https:\/\/www.huntersfriend.eu\/sv\/wp-json\/wp\/v2\/media?parent=287097"}],"wp:term":[{"taxonomy":"product_brand","embeddable":true,"href":"https:\/\/www.huntersfriend.eu\/sv\/wp-json\/wp\/v2\/product_brand?post=287097"},{"taxonomy":"product_cat","embeddable":true,"href":"https:\/\/www.huntersfriend.eu\/sv\/wp-json\/wp\/v2\/product_cat?post=287097"},{"taxonomy":"product_tag","embeddable":true,"href":"https:\/\/www.huntersfriend.eu\/sv\/wp-json\/wp\/v2\/product_tag?post=287097"}],"curies":[{"name":"wp","href":"https:\/\/api.w.org\/{rel}","templated":true}]}}