{"id":287085,"date":"2023-09-22T11:00:30","date_gmt":"2023-09-22T09:00:30","guid":{"rendered":"https:\/\/www.huntersfriend.eu\/product\/final-approach-hd-helkroppshonka-staende-paket\/"},"modified":"2025-08-26T14:48:09","modified_gmt":"2025-08-26T12:48:09","slug":"final-approach-hd-helkroppshonka-staende-paket","status":"publish","type":"product","link":"https:\/\/www.huntersfriend.eu\/sv\/produkt\/final-approach-hd-helkroppshonka-staende-paket\/","title":{"rendered":"Final approach HD helkroppshonka, st\u00e5ende, paket"},"content":{"rendered":"<p>HD Honker har blivit en favorit bland fansen under \u00e5ren, och den har precis blivit \u00e4nnu b\u00e4ttre! Nu kommer denna lockf\u00e5gel med Zero Gravity Motion System som g\u00f6r att lockf\u00e5geln kan r\u00f6ra sig p\u00e5 alla axlar med en l\u00e4tt bris. Bungee-sn\u00f6ret kan tas bort fr\u00e5n basen f\u00f6r att till\u00e5ta \u00e4nnu mer r\u00f6relse under dagar med svag vind. Dessa lockf\u00e5glar \u00e4r utrustade med robusta fyrkantsbaser som inte v\u00e4lter i vinden och en dubbel l\u00e5sande huvudanslutning ger en mycket starkare anslutning f\u00f6r att h\u00e5lla huvudet f\u00e4st. Detta paket inneh\u00e5ller 2 vakter och 2 vilande.    <\/p>\n<h2><span style=\"font-size: 75%\">Funktioner:  <\/span><\/h2>\n<ul>\n<li>Zero gravity motion system<\/li>\n<li>Dubbel l\u00e5sande huvudanslutning<\/li>\n<li>Flockade huvuden<\/li>\n<li>Tv\u00e5delad design<\/li>\n<li>Fyrkantiga baser<\/li>\n<li>4-pack: 2 vakter och 2 vilande<\/li>\n<\/ul>\n<p><strong>OBS: Onlinebest\u00e4llningar \u00e4r begr\u00e4nsade till en l\u00e5da per best\u00e4llning. F\u00f6r st\u00f6rre m\u00e4ngder, v\u00e4nligen kontakta kundtj\u00e4nst direkt f\u00f6r att se om leveranskostnader. <\/strong><\/p>\n","protected":false},"excerpt":{"rendered":"<p>HD Honker har blivit en favorit bland fansen under \u00e5ren, och den har precis blivit \u00e4nnu b\u00e4ttre! Nu kommer denna lockf\u00e5gel med Zero Gravity Motion System som g\u00f6r att lockf\u00e5geln kan r\u00f6ra sig p\u00e5 alla axlar med en l\u00e4tt bris. Bungee-sn\u00f6ret kan tas bort fr\u00e5n basen f\u00f6r att till\u00e5ta \u00e4nnu mer r\u00f6relse under dagar med [&#8230;]\n","protected":false},"featured_media":287087,"comment_status":"open","ping_status":"closed","template":"","meta":[],"product_brand":[],"product_cat":[878],"product_tag":[],"class_list":{"0":"post-287085","1":"product","2":"type-product","3":"status-publish","4":"has-post-thumbnail","6":"product_cat-uncategorized-sv","7":"product_shipping_class-big-sv","9":"first","10":"outofstock","11":"taxable","12":"shipping-taxable","13":"purchasable","14":"product-type-simple"},"composite_virtual":false,"composite_layout":"","composite_add_to_cart_form_location":"","composite_editable_in_cart":false,"composite_sold_individually_context":"","composite_shop_price_calc":"","composite_components":[],"composite_scenarios":[],"group_of_quantity":0,"min_quantity":0,"max_quantity":"","exclude_order_quantity_value_rules":"no","exclude_category_quantity_rules":"no","combine_variations":"no","exclude_global_add_ons":[],"addons":[],"_links":{"self":[{"href":"https:\/\/www.huntersfriend.eu\/sv\/wp-json\/wp\/v2\/product\/287085","targetHints":{"allow":["GET"]}}],"collection":[{"href":"https:\/\/www.huntersfriend.eu\/sv\/wp-json\/wp\/v2\/product"}],"about":[{"href":"https:\/\/www.huntersfriend.eu\/sv\/wp-json\/wp\/v2\/types\/product"}],"replies":[{"embeddable":true,"href":"https:\/\/www.huntersfriend.eu\/sv\/wp-json\/wp\/v2\/comments?post=287085"}],"wp:featuredmedia":[{"embeddable":true,"href":"https:\/\/www.huntersfriend.eu\/sv\/wp-json\/wp\/v2\/media\/287087"}],"wp:attachment":[{"href":"https:\/\/www.huntersfriend.eu\/sv\/wp-json\/wp\/v2\/media?parent=287085"}],"wp:term":[{"taxonomy":"product_brand","embeddable":true,"href":"https:\/\/www.huntersfriend.eu\/sv\/wp-json\/wp\/v2\/product_brand?post=287085"},{"taxonomy":"product_cat","embeddable":true,"href":"https:\/\/www.huntersfriend.eu\/sv\/wp-json\/wp\/v2\/product_cat?post=287085"},{"taxonomy":"product_tag","embeddable":true,"href":"https:\/\/www.huntersfriend.eu\/sv\/wp-json\/wp\/v2\/product_tag?post=287085"}],"curies":[{"name":"wp","href":"https:\/\/api.w.org\/{rel}","templated":true}]}}