{"id":287084,"date":"2023-09-28T00:20:15","date_gmt":"2023-09-27T22:20:15","guid":{"rendered":"https:\/\/www.huntersfriend.eu\/product\/coni-falla-installningstang-liten\/"},"modified":"2026-01-29T11:14:13","modified_gmt":"2026-01-29T09:14:13","slug":"coni-falla-installningstang-liten","status":"publish","type":"product","link":"https:\/\/www.huntersfriend.eu\/sv\/produkt\/coni-falla-installningstang-liten\/","title":{"rendered":"Coni\u00ae-f\u00e4lla, inst\u00e4llningst\u00e5ng \u2013 liten"},"content":{"rendered":"<p><span class=\"jCAhz ChMk0b\"><span class=\"ryNqvb\">Coni\u00ae Setter-t\u00e4nger \u00e4r den rekommenderade produkten f\u00f6r anv\u00e4ndare av Conibear\u00ae-f\u00e4llor.<\/span><\/span> Inst\u00e4llningst\u00e4nger<span class=\"jCAhz ChMk0b\"><span class=\"ryNqvb\"> g\u00f6r inst\u00e4llningen s\u00e4ker och enkel.<\/span><\/span> <span class=\"jCAhz ChMk0b\"><span class=\"ryNqvb\">Coni\u00ae Setter-inst\u00e4llningst\u00e4nger \u00e4r l\u00e4mpliga f\u00f6r inst\u00e4llning av Conibear\u00ae-f\u00e4llor #110, #120 och #160.<\/span><\/span><\/p>\n<p><span class=\"jCAhz ChMk0b\"><span class=\"ryNqvb\">Total l\u00e4ngd: 36,8 cm<\/span><\/span><\/p>\n","protected":false},"excerpt":{"rendered":"<p>Coni\u00ae Setter-t\u00e4nger \u00e4r den rekommenderade produkten f\u00f6r anv\u00e4ndare av Conibear\u00ae-f\u00e4llor. Inst\u00e4llningst\u00e4nger g\u00f6r inst\u00e4llningen s\u00e4ker och enkel. Coni\u00ae Setter-inst\u00e4llningst\u00e4nger \u00e4r l\u00e4mpliga f\u00f6r inst\u00e4llning av Conibear\u00ae-f\u00e4llor #110, #120 och #160. Total l\u00e4ngd: 36,8 cm<\/p>\n","protected":false},"featured_media":255281,"comment_status":"open","ping_status":"closed","template":"","meta":[],"product_brand":[],"product_cat":[2696],"product_tag":[],"class_list":{"0":"post-287084","1":"product","2":"type-product","3":"status-publish","4":"has-post-thumbnail","6":"product_cat-fallor-och-fangsttillbehor","8":"first","9":"instock","10":"taxable","11":"shipping-taxable","12":"purchasable","13":"product-type-simple"},"composite_virtual":false,"composite_layout":"","composite_add_to_cart_form_location":"","composite_editable_in_cart":false,"composite_sold_individually_context":"","composite_shop_price_calc":"","composite_components":[],"composite_scenarios":[],"group_of_quantity":0,"min_quantity":0,"max_quantity":"","exclude_order_quantity_value_rules":"no","exclude_category_quantity_rules":"no","combine_variations":"no","exclude_global_add_ons":[],"addons":[],"_links":{"self":[{"href":"https:\/\/www.huntersfriend.eu\/sv\/wp-json\/wp\/v2\/product\/287084","targetHints":{"allow":["GET"]}}],"collection":[{"href":"https:\/\/www.huntersfriend.eu\/sv\/wp-json\/wp\/v2\/product"}],"about":[{"href":"https:\/\/www.huntersfriend.eu\/sv\/wp-json\/wp\/v2\/types\/product"}],"replies":[{"embeddable":true,"href":"https:\/\/www.huntersfriend.eu\/sv\/wp-json\/wp\/v2\/comments?post=287084"}],"wp:featuredmedia":[{"embeddable":true,"href":"https:\/\/www.huntersfriend.eu\/sv\/wp-json\/wp\/v2\/media\/255281"}],"wp:attachment":[{"href":"https:\/\/www.huntersfriend.eu\/sv\/wp-json\/wp\/v2\/media?parent=287084"}],"wp:term":[{"taxonomy":"product_brand","embeddable":true,"href":"https:\/\/www.huntersfriend.eu\/sv\/wp-json\/wp\/v2\/product_brand?post=287084"},{"taxonomy":"product_cat","embeddable":true,"href":"https:\/\/www.huntersfriend.eu\/sv\/wp-json\/wp\/v2\/product_cat?post=287084"},{"taxonomy":"product_tag","embeddable":true,"href":"https:\/\/www.huntersfriend.eu\/sv\/wp-json\/wp\/v2\/product_tag?post=287084"}],"curies":[{"name":"wp","href":"https:\/\/api.w.org\/{rel}","templated":true}]}}