{"id":287083,"date":"2023-09-22T11:00:29","date_gmt":"2023-09-22T09:00:29","guid":{"rendered":"https:\/\/www.huntersfriend.eu\/product\/pard-nv007sp-snabbadapter-45-mm\/"},"modified":"2026-03-03T06:00:13","modified_gmt":"2026-03-03T04:00:13","slug":"pard-nv007sp-snabbadapter-45-mm","status":"publish","type":"product","link":"https:\/\/www.huntersfriend.eu\/sv\/produkt\/pard-nv007sp-snabbadapter-45-mm\/","title":{"rendered":"Pard NV007SP snabbadapter 45 mm"},"content":{"rendered":"<p><span class=\"jCAhz ChMk0b\"><span class=\"ryNqvb\">Pard NV007SP snabbadapter 45 mm passar Pard Nv007S- och NV007SP-modeller.<\/span><\/span> <span class=\"jCAhz ChMk0b\"><span class=\"ryNqvb\">Verifiera snabb installation och borttagning fr\u00e5n kikarsiktet.<\/span><\/span><\/p>\n<p><span class=\"jCAhz ChMk0b\"><span class=\"ryNqvb\">Om okularets diameter p\u00e5 ditt kikarsikte \u00e4r mer \u00e4n 45 mm finns en st\u00f6rre modell tillg\u00e4nglig, Pard NV007SP snabbadapter 51 mm.<\/span><\/span><\/p>\n","protected":false},"excerpt":{"rendered":"<p>Pard NV007SP snabbadapter 45 mm passar Pard Nv007S- och NV007SP-modeller. Verifiera snabb installation och borttagning fr\u00e5n kikarsiktet. Om okularets diameter p\u00e5 ditt kikarsikte \u00e4r mer \u00e4n 45 mm finns en st\u00f6rre modell tillg\u00e4nglig, Pard NV007SP snabbadapter 51 mm.<\/p>\n","protected":false},"featured_media":255262,"comment_status":"open","ping_status":"closed","template":"","meta":[],"product_brand":[],"product_cat":[2524],"product_tag":[],"class_list":{"0":"post-287083","1":"product","2":"type-product","3":"status-publish","4":"has-post-thumbnail","6":"product_cat-optiktillbehor","8":"first","9":"outofstock","10":"sale","11":"taxable","12":"shipping-taxable","13":"purchasable","14":"product-type-simple"},"composite_virtual":false,"composite_layout":"","composite_add_to_cart_form_location":"","composite_editable_in_cart":false,"composite_sold_individually_context":"","composite_shop_price_calc":"","composite_components":[],"composite_scenarios":[],"group_of_quantity":0,"min_quantity":0,"max_quantity":"","exclude_order_quantity_value_rules":"no","exclude_category_quantity_rules":"no","combine_variations":"no","exclude_global_add_ons":[],"addons":[],"_links":{"self":[{"href":"https:\/\/www.huntersfriend.eu\/sv\/wp-json\/wp\/v2\/product\/287083","targetHints":{"allow":["GET"]}}],"collection":[{"href":"https:\/\/www.huntersfriend.eu\/sv\/wp-json\/wp\/v2\/product"}],"about":[{"href":"https:\/\/www.huntersfriend.eu\/sv\/wp-json\/wp\/v2\/types\/product"}],"replies":[{"embeddable":true,"href":"https:\/\/www.huntersfriend.eu\/sv\/wp-json\/wp\/v2\/comments?post=287083"}],"wp:featuredmedia":[{"embeddable":true,"href":"https:\/\/www.huntersfriend.eu\/sv\/wp-json\/wp\/v2\/media\/255262"}],"wp:attachment":[{"href":"https:\/\/www.huntersfriend.eu\/sv\/wp-json\/wp\/v2\/media?parent=287083"}],"wp:term":[{"taxonomy":"product_brand","embeddable":true,"href":"https:\/\/www.huntersfriend.eu\/sv\/wp-json\/wp\/v2\/product_brand?post=287083"},{"taxonomy":"product_cat","embeddable":true,"href":"https:\/\/www.huntersfriend.eu\/sv\/wp-json\/wp\/v2\/product_cat?post=287083"},{"taxonomy":"product_tag","embeddable":true,"href":"https:\/\/www.huntersfriend.eu\/sv\/wp-json\/wp\/v2\/product_tag?post=287083"}],"curies":[{"name":"wp","href":"https:\/\/api.w.org\/{rel}","templated":true}]}}