{"id":287082,"date":"2023-09-22T09:21:31","date_gmt":"2023-09-22T07:21:31","guid":{"rendered":"https:\/\/www.huntersfriend.eu\/product\/scott-archery-hero-x-blue-release\/"},"modified":"2025-08-26T14:48:03","modified_gmt":"2025-08-26T12:48:03","slug":"scott-archery-hero-x-blue-release","status":"publish","type":"product","link":"https:\/\/www.huntersfriend.eu\/sv\/produkt\/scott-archery-hero-x-blue-release\/","title":{"rendered":"Scott archery hero x blue release"},"content":{"rendered":"<p><i>Justerbar, p\u00e5litlig och perfekt f\u00f6r den v\u00e4xande b\u00e5gskytten<\/i><\/p>\n<p>Hero X \u00e4r byggd f\u00f6r n\u00e4sta generation med ett ungdomssp\u00e4nne och NCS-kontakt (Nylon Connector Strap) f\u00f6r o\u00e4ndlig l\u00e4ngdjustering. Den distinkta avtryckaren finns i tv\u00e5 livfulla f\u00e4rger och har Scotts bepr\u00f6vade automatiska st\u00e4ngning, HyperJaw\u2122-design som \u00e4r exklusivt modifierad f\u00f6r att rymma Hero X-huvudet och den v\u00e4xande b\u00e5gskytten. <\/p>\n<p><strong>Funktioner:<\/strong><\/p>\n<ul>\n<li>Finns i livfullt bl\u00e5tt eller lila<span class=\"apple-converted-space\"> <\/span><\/li>\n<li>Automatisk st\u00e4ngning, Scotts exklusiva modifierade HyperJaws<sup>TM<\/sup><span class=\"apple-converted-space\"> f\u00f6r o\u00f6vertr\u00e4ffad \u00f6ppningsrespons samtidigt som str\u00e4ngvridning elimineras och noggrannheten \u00f6kar<\/span><\/li>\n<li>Kompakt ergonomisk kroppsdesign ger ett bekv\u00e4mare och repeterbart ankare<span class=\"apple-converted-space\"> <\/span><\/li>\n<li>L\u00e4derrem med NCS-kontakt f\u00f6r o\u00e4ndlig l\u00e4ngdjustering<span class=\"apple-converted-space\"> <\/span><\/li>\n<\/ul>\n","protected":false},"excerpt":{"rendered":"<p>Bl\u00e5<\/p>\n","protected":false},"featured_media":254469,"comment_status":"open","ping_status":"closed","template":"","meta":[],"product_brand":[],"product_cat":[2680],"product_tag":[],"class_list":{"0":"post-287082","1":"product","2":"type-product","3":"status-publish","4":"has-post-thumbnail","6":"product_cat-handledsutlosare","8":"first","9":"instock","10":"taxable","11":"shipping-taxable","12":"purchasable","13":"product-type-simple"},"composite_virtual":false,"composite_layout":"","composite_add_to_cart_form_location":"","composite_editable_in_cart":false,"composite_sold_individually_context":"","composite_shop_price_calc":"","composite_components":[],"composite_scenarios":[],"group_of_quantity":0,"min_quantity":0,"max_quantity":"","exclude_order_quantity_value_rules":"no","exclude_category_quantity_rules":"no","combine_variations":"no","exclude_global_add_ons":[],"addons":[],"_links":{"self":[{"href":"https:\/\/www.huntersfriend.eu\/sv\/wp-json\/wp\/v2\/product\/287082","targetHints":{"allow":["GET"]}}],"collection":[{"href":"https:\/\/www.huntersfriend.eu\/sv\/wp-json\/wp\/v2\/product"}],"about":[{"href":"https:\/\/www.huntersfriend.eu\/sv\/wp-json\/wp\/v2\/types\/product"}],"replies":[{"embeddable":true,"href":"https:\/\/www.huntersfriend.eu\/sv\/wp-json\/wp\/v2\/comments?post=287082"}],"wp:featuredmedia":[{"embeddable":true,"href":"https:\/\/www.huntersfriend.eu\/sv\/wp-json\/wp\/v2\/media\/254469"}],"wp:attachment":[{"href":"https:\/\/www.huntersfriend.eu\/sv\/wp-json\/wp\/v2\/media?parent=287082"}],"wp:term":[{"taxonomy":"product_brand","embeddable":true,"href":"https:\/\/www.huntersfriend.eu\/sv\/wp-json\/wp\/v2\/product_brand?post=287082"},{"taxonomy":"product_cat","embeddable":true,"href":"https:\/\/www.huntersfriend.eu\/sv\/wp-json\/wp\/v2\/product_cat?post=287082"},{"taxonomy":"product_tag","embeddable":true,"href":"https:\/\/www.huntersfriend.eu\/sv\/wp-json\/wp\/v2\/product_tag?post=287082"}],"curies":[{"name":"wp","href":"https:\/\/api.w.org\/{rel}","templated":true}]}}