{"id":287078,"date":"2023-09-22T09:20:59","date_gmt":"2023-09-22T07:20:59","guid":{"rendered":"https:\/\/www.huntersfriend.eu\/product\/huntworth-anchorage-handskar\/"},"modified":"2025-12-11T08:16:58","modified_gmt":"2025-12-11T06:16:58","slug":"huntworth-anchorage-handskar","status":"publish","type":"product","link":"https:\/\/www.huntersfriend.eu\/sv\/produkt\/huntworth-anchorage-handskar\/","title":{"rendered":"Huntworth Anchorage-handskar"},"content":{"rendered":"<p><strong>Anchorage, de kraftiga, vattent\u00e4ta och PrimaLoft-isolerade handskarna i Tarnen h\u00e5ller dig varm och torr n\u00e4r v\u00e4dret blir kallt och v\u00e5tt.<\/strong> Tarnen camo-jaktshandskarna \u00e4r designade med ett hybridm\u00f6nster f\u00f6r att d\u00f6lja och \u00e4r tillverkade med en slitstark stretchv\u00e4v p\u00e5 baksidan och en stickad polyester p\u00e5 handflatan f\u00f6r en robust, men flexibel passform. 60g PrimaLoft Gold-isolering och Hydrashield vattent\u00e4tt, ventilerande membran h\u00e5ller dina h\u00e4nder extra varma och torra under hela jakten. Microban\u00ae antimikrobiell produktionsskydd p\u00e5 fodret kontrollerar din doft.  <\/p>\n<p>Handskarna \u00e4r helt fodrade med en mjuk stickad trik\u00e5. F\u00f6rst\u00e4rkta sidov\u00e4ggar och en slitstark tumgren s\u00e4kerst\u00e4ller att dessa handskar h\u00e5ller f\u00f6r de tuffaste f\u00f6rh\u00e5llandena. Ett klibbigt silikontryck i handflatan ger ett s\u00e4kert grepp om ditt vapen och peksk\u00e4rmskompatibla fingertoppar g\u00f6r att du kan anv\u00e4nda dina enheter. Den f\u00f6rb\u00f6jda fingerkonstruktionen g\u00f6r att handskarna formar sig efter handens naturliga form, vilket ger en b\u00e4ttre passform.   <\/p>\n<p>Kalla fingrar \u00e4r ett minne blott med dessa kraftiga jaktshandskar i Tarnen-m\u00f6nster.<\/p>\n<h3><b>Funktioner:<\/b><\/h3>\n<ul>\n<li><strong>Material skal: <\/strong>Baksidan \u00e4r stretchv\u00e4vd polyester bunden till en vindt\u00e4t, ventilerande film och en mjuk fleece. Handflatan \u00e4r texturerad stretchstickad polyester bunden till en vindt\u00e4t, ventilerande film och mjuk fleece. <\/li>\n<li><strong>Isolering: <\/strong>60g PrimaLoft Gold-isolering<\/li>\n<li><strong>Vattent\u00e4t: <\/strong>Hydrashield vattent\u00e4tt, ventilerande inl\u00e4gg<\/li>\n<li><strong>Foder: <\/strong>Helfodrad med trik\u00e5<\/li>\n<li><strong>Doftkontroll: <\/strong>Microban\u00ae antimikrobiellt produktskydd p\u00e5 trik\u00e5foder f\u00f6r doftreducering<\/li>\n<li><strong>Peksk\u00e4rmskompatibel: <\/strong>Konduktivt pekfinger och tumme f\u00f6r anv\u00e4ndning p\u00e5 peksk\u00e4rmsenheter<\/li>\n<li><strong>F\u00f6rb\u00f6jda fingrar: <\/strong>F\u00f6rb\u00f6jd konstruktion s\u00e4kerst\u00e4ller att handskarna formar sig efter din hand.<\/li>\n<li><strong>Handflatgrepp: <\/strong>Silikontryck ger f\u00f6rb\u00e4ttrat grepp<\/li>\n<li><strong>Speciella funktioner: <\/strong>F\u00f6rst\u00e4rkta sidov\u00e4ggar och tumgren<\/li>\n<li><strong>Passform: <\/strong>Formpassande<\/li>\n<\/ul>\n","protected":false},"excerpt":{"rendered":"<p>Anchorage, de kraftiga, vattent\u00e4ta och PrimaLoft-isolerade handskarna i Tarnen h\u00e5ller dig varm och torr n\u00e4r v\u00e4dret blir kallt och v\u00e5tt. Tarnen camo-jaktshandskarna \u00e4r designade med ett hybridm\u00f6nster f\u00f6r att d\u00f6lja och \u00e4r tillverkade med en slitstark stretchv\u00e4v p\u00e5 baksidan och en stickad polyester p\u00e5 handflatan f\u00f6r en robust, men flexibel passform. 60g PrimaLoft Gold-isolering och [&#8230;]\n","protected":false},"featured_media":254489,"comment_status":"open","ping_status":"closed","template":"","meta":[],"product_brand":[],"product_cat":[2809],"product_tag":[],"class_list":{"0":"post-287078","1":"product","2":"type-product","3":"status-publish","4":"has-post-thumbnail","6":"product_cat-handskar","8":"first","9":"instock","10":"taxable","11":"shipping-taxable","12":"purchasable","13":"product-type-variable"},"composite_virtual":false,"composite_layout":"","composite_add_to_cart_form_location":"","composite_editable_in_cart":false,"composite_sold_individually_context":"","composite_shop_price_calc":"","composite_components":[],"composite_scenarios":[],"group_of_quantity":0,"min_quantity":0,"max_quantity":"","exclude_order_quantity_value_rules":"no","exclude_category_quantity_rules":"no","combine_variations":"no","exclude_global_add_ons":[],"addons":[],"_links":{"self":[{"href":"https:\/\/www.huntersfriend.eu\/sv\/wp-json\/wp\/v2\/product\/287078","targetHints":{"allow":["GET"]}}],"collection":[{"href":"https:\/\/www.huntersfriend.eu\/sv\/wp-json\/wp\/v2\/product"}],"about":[{"href":"https:\/\/www.huntersfriend.eu\/sv\/wp-json\/wp\/v2\/types\/product"}],"replies":[{"embeddable":true,"href":"https:\/\/www.huntersfriend.eu\/sv\/wp-json\/wp\/v2\/comments?post=287078"}],"wp:featuredmedia":[{"embeddable":true,"href":"https:\/\/www.huntersfriend.eu\/sv\/wp-json\/wp\/v2\/media\/254489"}],"wp:attachment":[{"href":"https:\/\/www.huntersfriend.eu\/sv\/wp-json\/wp\/v2\/media?parent=287078"}],"wp:term":[{"taxonomy":"product_brand","embeddable":true,"href":"https:\/\/www.huntersfriend.eu\/sv\/wp-json\/wp\/v2\/product_brand?post=287078"},{"taxonomy":"product_cat","embeddable":true,"href":"https:\/\/www.huntersfriend.eu\/sv\/wp-json\/wp\/v2\/product_cat?post=287078"},{"taxonomy":"product_tag","embeddable":true,"href":"https:\/\/www.huntersfriend.eu\/sv\/wp-json\/wp\/v2\/product_tag?post=287078"}],"curies":[{"name":"wp","href":"https:\/\/api.w.org\/{rel}","templated":true}]}}