{"id":287072,"date":"2023-09-22T09:20:51","date_gmt":"2023-09-22T07:20:51","guid":{"rendered":"https:\/\/www.huntersfriend.eu\/product\/belisle-super-x-120-2-falla\/"},"modified":"2026-02-24T14:32:27","modified_gmt":"2026-02-24T12:32:27","slug":"belisle-super-x-120-2-falla","status":"publish","type":"product","link":"https:\/\/www.huntersfriend.eu\/sv\/produkt\/belisle-super-x-120-2-falla\/","title":{"rendered":"Belisle super-x 120-2 f\u00e4lla"},"content":{"rendered":"<p>Belisle-kroppsf\u00e4llor har en nydesignad, speciell rundad k\u00e4ke som ger en komplett st\u00e4ngning i magnumstil. Trigger i ett stycke, s\u00e4kerhetskrokar som sitter p\u00e5 plats och den \u00e4r handsvetsad. En kvalitetsprodukt. 4 1\/2&#8243; k\u00e4ft\u00f6ppning &#8211; dubbelfj\u00e4der. Mink, m\u00e5rd och liknande storlek p\u00e5 djur.    <\/p>\n","protected":false},"excerpt":{"rendered":"<p>Belisle-kroppsf\u00e4llor har en nydesignad, speciell rundad k\u00e4ke som ger en komplett st\u00e4ngning i magnumstil. Trigger i ett stycke, s\u00e4kerhetskrokar som sitter p\u00e5 plats och den \u00e4r handsvetsad. En kvalitetsprodukt. 4 1\/2&#8243; k\u00e4ft\u00f6ppning &#8211; dubbelfj\u00e4der. Mink, m\u00e5rd och liknande storlek p\u00e5 djur.<\/p>\n","protected":false},"featured_media":254505,"comment_status":"open","ping_status":"closed","template":"","meta":[],"product_brand":[],"product_cat":[2696],"product_tag":[],"class_list":{"0":"post-287072","1":"product","2":"type-product","3":"status-publish","4":"has-post-thumbnail","6":"product_cat-fallor-och-fangsttillbehor","8":"first","9":"instock","10":"taxable","11":"shipping-taxable","12":"purchasable","13":"product-type-simple"},"composite_virtual":false,"composite_layout":"","composite_add_to_cart_form_location":"","composite_editable_in_cart":false,"composite_sold_individually_context":"","composite_shop_price_calc":"","composite_components":[],"composite_scenarios":[],"group_of_quantity":0,"min_quantity":0,"max_quantity":"","exclude_order_quantity_value_rules":"no","exclude_category_quantity_rules":"no","combine_variations":"no","exclude_global_add_ons":[],"addons":[],"_links":{"self":[{"href":"https:\/\/www.huntersfriend.eu\/sv\/wp-json\/wp\/v2\/product\/287072","targetHints":{"allow":["GET"]}}],"collection":[{"href":"https:\/\/www.huntersfriend.eu\/sv\/wp-json\/wp\/v2\/product"}],"about":[{"href":"https:\/\/www.huntersfriend.eu\/sv\/wp-json\/wp\/v2\/types\/product"}],"replies":[{"embeddable":true,"href":"https:\/\/www.huntersfriend.eu\/sv\/wp-json\/wp\/v2\/comments?post=287072"}],"wp:featuredmedia":[{"embeddable":true,"href":"https:\/\/www.huntersfriend.eu\/sv\/wp-json\/wp\/v2\/media\/254505"}],"wp:attachment":[{"href":"https:\/\/www.huntersfriend.eu\/sv\/wp-json\/wp\/v2\/media?parent=287072"}],"wp:term":[{"taxonomy":"product_brand","embeddable":true,"href":"https:\/\/www.huntersfriend.eu\/sv\/wp-json\/wp\/v2\/product_brand?post=287072"},{"taxonomy":"product_cat","embeddable":true,"href":"https:\/\/www.huntersfriend.eu\/sv\/wp-json\/wp\/v2\/product_cat?post=287072"},{"taxonomy":"product_tag","embeddable":true,"href":"https:\/\/www.huntersfriend.eu\/sv\/wp-json\/wp\/v2\/product_tag?post=287072"}],"curies":[{"name":"wp","href":"https:\/\/api.w.org\/{rel}","templated":true}]}}