{"id":287071,"date":"2023-09-19T10:56:29","date_gmt":"2023-09-19T08:56:29","guid":{"rendered":"https:\/\/www.huntersfriend.eu\/product\/huntworth-saskatoon-soft-shell-vast\/"},"modified":"2025-08-26T14:47:58","modified_gmt":"2025-08-26T12:47:58","slug":"huntworth-saskatoon-soft-shell-vast","status":"publish","type":"product","link":"https:\/\/www.huntersfriend.eu\/sv\/produkt\/huntworth-saskatoon-soft-shell-vast\/","title":{"rendered":"Huntworth Saskatoon soft Shell-v\u00e4st"},"content":{"rendered":"<p><strong>Saskatoon soft shell-v\u00e4sten f\u00f6r kallt v\u00e4der har Heat Boost graphene sherpa<\/strong> \u2013 ett avancerat tyg tillverkat med grafenteknik som ger \u00f6verl\u00e4gsen l\u00e4ttviktsv\u00e4rme. Denna jaktv\u00e4st kan anv\u00e4ndas som ett yttre plagg under den senare delen av s\u00e4songen eller som ett lagerplagg n\u00e4r temperaturen blir riktigt l\u00e5g. <\/p>\n<p>Det <a class=\"heat-boost-info-link\" href=\"https:\/\/huntworthgear.com\/graphene-technology-heat-boost\">grafengarn<\/a> som \u00e4r inv\u00e4vt i sherpan har den v\u00e4rmeledningsf\u00f6rm\u00e5ga, fukttransporterande och antimikrobiella f\u00f6rm\u00e5ga som \u00e4r inneboende i grafen. Grafenet utnyttjar din kropps energi, absorberar v\u00e4rmen och frig\u00f6r den igen, vilket omsluter dig i en varaktig str\u00e5lande v\u00e4rme. Heat Boost\u2122-grafentekniken f\u00f6rst\u00e4rker sherpans v\u00e4rme utan att \u00f6ka volymen, vilket g\u00f6r v\u00e4sten f\u00f6rv\u00e5nansv\u00e4rt l\u00e4tt med tanke p\u00e5 hur varm den \u00e4r.  <\/p>\n<p>Denna Tarnen vindt\u00e4ta v\u00e4st \u00e4r tillverkad av en 4-v\u00e4gs stretchad, ruggad polyester med en DWR-finish som st\u00f6ter bort l\u00e4tt fukt. En bunden film blockerar kyliga vindar fr\u00e5n att tr\u00e4nga igenom och Heat Boost\u2122 graphene sherpa-insidan g\u00f6r att du kan bibeh\u00e5lla kroppsv\u00e4rmen oavsett den sjunkande temperaturen. Den h\u00f6ga st\u00e5kragen och den f\u00f6rl\u00e4ngda f\u00e5llen baktill hj\u00e4lper till att h\u00e5lla kylan ute. Med en m\u00e4ngd fickor kan du enkelt ha all din utrustning n\u00e4ra till hands: tv\u00e5 sidfickor med dragkedja, en br\u00f6stficka med dragkedja och tv\u00e5 inv\u00e4ndiga f\u00f6rvaringsfickor. Anv\u00e4nd \u00f6ppningen f\u00f6r s\u00e4kerhetssele n\u00e4r du \u00e4r uppe i tornet    <\/p>\n<p>Heat Boost-v\u00e4sten \u00e4r utm\u00e4rkt f\u00f6r v\u00e4sterl\u00e4ndsk smygjakt, s\u00e5v\u00e4l som jakt fr\u00e5n g\u00f6mslen och jakttorn. M\u00e5ngsidighet \u00e4r nyckeln till denna jaktv\u00e4st med Tarnen-m\u00f6nster. <\/p>\n<ul>\n<li><strong>Yttermaterial:<\/strong> Trelagersmaterial best\u00e5ende av 4-v\u00e4gs stretchad, ruggad stickad polyester bunden till en vindt\u00e4t, ventilerande film och Heat Boost\u2122 graphene sherpa f\u00f6r en kombinerad tygvikt p\u00e5 380 g. 100 % polyester. <\/li>\n<li><strong>Heat Boost\u2122 grafenteknik:<\/strong> En serie f\u00f6rb\u00e4ttrade tyger som \u00e4r f\u00f6rst\u00e4rkta med grafens v\u00e4rmeledningsf\u00f6rm\u00e5ga, fukttransporterande och antimikrobiella egenskaper<\/li>\n<li><strong>Vindt\u00e4t:<\/strong> Bunden film-membran blockerar vind fr\u00e5n att tr\u00e4nga igenom<\/li>\n<li><strong>DWR:<\/strong> Slitstark vattenavvisande (DWR) finish p\u00e5 tygets yta st\u00f6ter bort fukt och l\u00e4tt sn\u00f6<\/li>\n<li><strong>Fickor:<\/strong> Tv\u00e5 handfickor med dragkedja, en br\u00f6stficka med dragkedja och tv\u00e5 inv\u00e4ndiga f\u00f6rvaringsfickor<\/li>\n<li><strong>F\u00f6rl\u00e4ngd f\u00e5ll baktill:<\/strong> L\u00e4ngre baktill f\u00f6r mer t\u00e4ckning.<\/li>\n<li><strong>Dragkedja:<\/strong> Full dragkedja med hakskydd<\/li>\n<li><strong>Specialfunktion:<\/strong> H\u00e5l f\u00f6r s\u00e4kerhetssele p\u00e5 baksidan<\/li>\n<li><strong>Genomsnittlig vikt f\u00f6r plagget:<\/strong> 0,6 kg f\u00f6r storlek XL<\/li>\n<li><strong>F\u00f6reslaget temperaturomr\u00e5de:<\/strong> -23 \u00b0C &#8211; 4 \u00b0C med lager efter behov<\/li>\n<\/ul>\n","protected":false},"excerpt":{"rendered":"<p>Saskatoon soft shell-v\u00e4sten f\u00f6r kallt v\u00e4der har Heat Boost graphene sherpa \u2013 ett avancerat tyg tillverkat med grafenteknik som ger \u00f6verl\u00e4gsen l\u00e4ttviktsv\u00e4rme. Denna jaktv\u00e4st kan anv\u00e4ndas som ett yttre plagg under den senare delen av s\u00e4songen eller som ett lagerplagg n\u00e4r temperaturen blir riktigt l\u00e5g. Det grafengarn som \u00e4r inv\u00e4vt i sherpan har den v\u00e4rmeledningsf\u00f6rm\u00e5ga, [&#8230;]\n","protected":false},"featured_media":254233,"comment_status":"open","ping_status":"closed","template":"","meta":[],"product_brand":[],"product_cat":[2861],"product_tag":[],"class_list":{"0":"post-287071","1":"product","2":"type-product","3":"status-publish","4":"has-post-thumbnail","6":"product_cat-vastar","8":"first","9":"instock","10":"taxable","11":"shipping-taxable","12":"purchasable","13":"product-type-variable"},"composite_virtual":false,"composite_layout":"","composite_add_to_cart_form_location":"","composite_editable_in_cart":false,"composite_sold_individually_context":"","composite_shop_price_calc":"","composite_components":[],"composite_scenarios":[],"group_of_quantity":0,"min_quantity":0,"max_quantity":"","exclude_order_quantity_value_rules":"no","exclude_category_quantity_rules":"no","combine_variations":"no","exclude_global_add_ons":[],"addons":[],"_links":{"self":[{"href":"https:\/\/www.huntersfriend.eu\/sv\/wp-json\/wp\/v2\/product\/287071","targetHints":{"allow":["GET"]}}],"collection":[{"href":"https:\/\/www.huntersfriend.eu\/sv\/wp-json\/wp\/v2\/product"}],"about":[{"href":"https:\/\/www.huntersfriend.eu\/sv\/wp-json\/wp\/v2\/types\/product"}],"replies":[{"embeddable":true,"href":"https:\/\/www.huntersfriend.eu\/sv\/wp-json\/wp\/v2\/comments?post=287071"}],"wp:featuredmedia":[{"embeddable":true,"href":"https:\/\/www.huntersfriend.eu\/sv\/wp-json\/wp\/v2\/media\/254233"}],"wp:attachment":[{"href":"https:\/\/www.huntersfriend.eu\/sv\/wp-json\/wp\/v2\/media?parent=287071"}],"wp:term":[{"taxonomy":"product_brand","embeddable":true,"href":"https:\/\/www.huntersfriend.eu\/sv\/wp-json\/wp\/v2\/product_brand?post=287071"},{"taxonomy":"product_cat","embeddable":true,"href":"https:\/\/www.huntersfriend.eu\/sv\/wp-json\/wp\/v2\/product_cat?post=287071"},{"taxonomy":"product_tag","embeddable":true,"href":"https:\/\/www.huntersfriend.eu\/sv\/wp-json\/wp\/v2\/product_tag?post=287071"}],"curies":[{"name":"wp","href":"https:\/\/api.w.org\/{rel}","templated":true}]}}