{"id":287070,"date":"2023-09-22T09:20:51","date_gmt":"2023-09-22T07:20:51","guid":{"rendered":"https:\/\/www.huntersfriend.eu\/product\/belisle-super-x-330-2-falla\/"},"modified":"2026-04-07T21:16:42","modified_gmt":"2026-04-07T19:16:42","slug":"belisle-super-x-330-2-falla","status":"publish","type":"product","link":"https:\/\/www.huntersfriend.eu\/sv\/produkt\/belisle-super-x-330-2-falla\/","title":{"rendered":"Belisle super-x 330-2 f\u00e4lla"},"content":{"rendered":"<p>Belisle-kroppsf\u00e4llor har en ny, specialdesignad rundad bygel som ger en komplett magnum-st\u00e4ngning. Trigger i ett stycke, s\u00e4kerhetskrokar som sitter p\u00e5 plats, handsvetsad. En kvalitetsprodukt. Eftersom varje f\u00e5ngstman har ett annat s\u00e4tt att s\u00e4tta upp sina 330-set levereras Belisle 330 utan kedja eller kabel.   <\/p>\n<p>10 x 10 tums bygelbredd \u2013 dubbelfj\u00e4der. Utter, b\u00e4ver och liknande sm\u00e5vilt. <\/p>\n","protected":false},"excerpt":{"rendered":"<p>Belisle-kroppsf\u00e4llor har en ny, specialdesignad rundad bygel som ger en komplett magnum-st\u00e4ngning. Trigger i ett stycke, s\u00e4kerhetskrokar som sitter p\u00e5 plats, handsvetsad. En kvalitetsprodukt. Eftersom varje f\u00e5ngstman har ett annat s\u00e4tt att s\u00e4tta upp sina 330-set levereras Belisle 330 utan kedja eller kabel. 10 x 10 tums bygelbredd \u2013 dubbelfj\u00e4der. Utter, b\u00e4ver och liknande sm\u00e5vilt.<\/p>\n","protected":false},"featured_media":254509,"comment_status":"open","ping_status":"closed","template":"","meta":[],"product_brand":[],"product_cat":[2696],"product_tag":[],"class_list":{"0":"post-287070","1":"product","2":"type-product","3":"status-publish","4":"has-post-thumbnail","6":"product_cat-fallor-och-fangsttillbehor","8":"first","9":"outofstock","10":"taxable","11":"shipping-taxable","12":"purchasable","13":"product-type-simple"},"composite_virtual":false,"composite_layout":"","composite_add_to_cart_form_location":"","composite_editable_in_cart":false,"composite_sold_individually_context":"","composite_shop_price_calc":"","composite_components":[],"composite_scenarios":[],"group_of_quantity":0,"min_quantity":0,"max_quantity":"","exclude_order_quantity_value_rules":"no","exclude_category_quantity_rules":"no","combine_variations":"no","exclude_global_add_ons":[],"addons":[],"_links":{"self":[{"href":"https:\/\/www.huntersfriend.eu\/sv\/wp-json\/wp\/v2\/product\/287070","targetHints":{"allow":["GET"]}}],"collection":[{"href":"https:\/\/www.huntersfriend.eu\/sv\/wp-json\/wp\/v2\/product"}],"about":[{"href":"https:\/\/www.huntersfriend.eu\/sv\/wp-json\/wp\/v2\/types\/product"}],"replies":[{"embeddable":true,"href":"https:\/\/www.huntersfriend.eu\/sv\/wp-json\/wp\/v2\/comments?post=287070"}],"wp:featuredmedia":[{"embeddable":true,"href":"https:\/\/www.huntersfriend.eu\/sv\/wp-json\/wp\/v2\/media\/254509"}],"wp:attachment":[{"href":"https:\/\/www.huntersfriend.eu\/sv\/wp-json\/wp\/v2\/media?parent=287070"}],"wp:term":[{"taxonomy":"product_brand","embeddable":true,"href":"https:\/\/www.huntersfriend.eu\/sv\/wp-json\/wp\/v2\/product_brand?post=287070"},{"taxonomy":"product_cat","embeddable":true,"href":"https:\/\/www.huntersfriend.eu\/sv\/wp-json\/wp\/v2\/product_cat?post=287070"},{"taxonomy":"product_tag","embeddable":true,"href":"https:\/\/www.huntersfriend.eu\/sv\/wp-json\/wp\/v2\/product_tag?post=287070"}],"curies":[{"name":"wp","href":"https:\/\/api.w.org\/{rel}","templated":true}]}}