{"id":287069,"date":"2023-09-13T14:53:12","date_gmt":"2023-09-13T12:53:12","guid":{"rendered":"https:\/\/www.huntersfriend.eu\/product\/sista-inflygningen-sista-passet-kanadagas-silhuett-med-flockade-huvuden\/"},"modified":"2025-08-26T14:47:57","modified_gmt":"2025-08-26T12:47:57","slug":"sista-inflygningen-sista-passet-kanadagas-silhuett-med-flockade-huvuden","status":"publish","type":"product","link":"https:\/\/www.huntersfriend.eu\/sv\/produkt\/sista-inflygningen-sista-passet-kanadagas-silhuett-med-flockade-huvuden\/","title":{"rendered":"Sista inflygningen sista passet kanadag\u00e5s silhuett med flockade huvuden"},"content":{"rendered":"<h1>SISTA PASSET KANADAG\u00c5S SILHUETTER LOCKF\u00c5GLAR 12-PACK MED FLOCKADE HUVUDEN<\/h1>\n<p>G\u00e5sjakt kan ibland vara ett spel med siffror. Fullstora lockf\u00e5glar tar upp s\u00e5 mycket plats att det kan vara sv\u00e5rt att ta med det antal lockf\u00e5glar du beh\u00f6ver f\u00f6r din jakt. Med Last Pass Honker Silhouettes kommer det inte l\u00e4ngre att vara ett problem! Dessa lockf\u00e5glar \u00e4r l\u00e4tta, enkla att packa i f\u00e4lt, h\u00e5llbara och har ett verklighetstroget tryck. De flockade huvudena ger en extra niv\u00e5 av realism och kontrast i f\u00e4lt. I det h\u00e4r paketet ing\u00e5r fyra huvudpositioner som kommer att ge din spridning liv. Oavsett om du letar efter fler lockf\u00e5glar att l\u00e4gga till din spridning, eller om du vill ha ett mer packbart alternativ, kommer dessa lockf\u00e5glar att vara ett perfekt val.      <\/p>\n<h2>FUNKTIONER<\/h2>\n<ul>\n<li>12-pack<\/li>\n<li>Robust koroplastdesign f\u00f6r h\u00e5llbarhet<\/li>\n<li>\u00d6verdimensionerad f\u00f6r bra synlighet<\/li>\n<li>Verklighetstrogna tryck av riktiga f\u00e5glar i naturliga milj\u00f6er<\/li>\n<li>H\u00e5llbara metallpinnar f\u00f6r enkel utplacering i h\u00e5rd mark<\/li>\n<li>Design i ett stycke och stapelbar<\/li>\n<li>Inkluderar: 4 betande, 4 s\u00f6kande, 2 vilande, 2 uppr\u00e4tta<\/li>\n<\/ul>\n<p><strong>OBS: Onlinebest\u00e4llningar \u00e4r begr\u00e4nsade till en l\u00e5da per best\u00e4llning. F\u00f6r st\u00f6rre m\u00e4ngder, v\u00e4nligen kontakta kundtj\u00e4nst direkt f\u00f6r att se om leveranskostnader. <\/strong><\/p>\n","protected":false},"excerpt":{"rendered":"<p>SISTA PASSET KANADAG\u00c5S SILHUETTER LOCKF\u00c5GLAR 12-PACK MED FLOCKADE HUVUDEN G\u00e5sjakt kan ibland vara ett spel med siffror. Fullstora lockf\u00e5glar tar upp s\u00e5 mycket plats att det kan vara sv\u00e5rt att ta med det antal lockf\u00e5glar du beh\u00f6ver f\u00f6r din jakt. Med Last Pass Honker Silhouettes kommer det inte l\u00e4ngre att vara ett problem! Dessa lockf\u00e5glar [&#8230;]\n","protected":false},"featured_media":254263,"comment_status":"open","ping_status":"closed","template":"","meta":[],"product_brand":[],"product_cat":[878],"product_tag":[],"class_list":{"0":"post-287069","1":"product","2":"type-product","3":"status-publish","4":"has-post-thumbnail","6":"product_cat-uncategorized-sv","7":"product_shipping_class-big-sv","9":"first","10":"outofstock","11":"taxable","12":"shipping-taxable","13":"purchasable","14":"product-type-simple"},"composite_virtual":false,"composite_layout":"","composite_add_to_cart_form_location":"","composite_editable_in_cart":false,"composite_sold_individually_context":"","composite_shop_price_calc":"","composite_components":[],"composite_scenarios":[],"group_of_quantity":0,"min_quantity":0,"max_quantity":"","exclude_order_quantity_value_rules":"no","exclude_category_quantity_rules":"no","combine_variations":"no","exclude_global_add_ons":[],"addons":[],"_links":{"self":[{"href":"https:\/\/www.huntersfriend.eu\/sv\/wp-json\/wp\/v2\/product\/287069","targetHints":{"allow":["GET"]}}],"collection":[{"href":"https:\/\/www.huntersfriend.eu\/sv\/wp-json\/wp\/v2\/product"}],"about":[{"href":"https:\/\/www.huntersfriend.eu\/sv\/wp-json\/wp\/v2\/types\/product"}],"replies":[{"embeddable":true,"href":"https:\/\/www.huntersfriend.eu\/sv\/wp-json\/wp\/v2\/comments?post=287069"}],"wp:featuredmedia":[{"embeddable":true,"href":"https:\/\/www.huntersfriend.eu\/sv\/wp-json\/wp\/v2\/media\/254263"}],"wp:attachment":[{"href":"https:\/\/www.huntersfriend.eu\/sv\/wp-json\/wp\/v2\/media?parent=287069"}],"wp:term":[{"taxonomy":"product_brand","embeddable":true,"href":"https:\/\/www.huntersfriend.eu\/sv\/wp-json\/wp\/v2\/product_brand?post=287069"},{"taxonomy":"product_cat","embeddable":true,"href":"https:\/\/www.huntersfriend.eu\/sv\/wp-json\/wp\/v2\/product_cat?post=287069"},{"taxonomy":"product_tag","embeddable":true,"href":"https:\/\/www.huntersfriend.eu\/sv\/wp-json\/wp\/v2\/product_tag?post=287069"}],"curies":[{"name":"wp","href":"https:\/\/api.w.org\/{rel}","templated":true}]}}