{"id":287067,"date":"2023-09-13T14:53:11","date_gmt":"2023-09-13T12:53:11","guid":{"rendered":"https:\/\/www.huntersfriend.eu\/product\/final-approach-flytande-hagelgevarsfodral-2\/"},"modified":"2025-08-26T14:47:55","modified_gmt":"2025-08-26T12:47:55","slug":"final-approach-flytande-hagelgevarsfodral-2","status":"publish","type":"product","link":"https:\/\/www.huntersfriend.eu\/sv\/produkt\/final-approach-flytande-hagelgevarsfodral-2\/","title":{"rendered":"Final Approach flytande hagelgev\u00e4rsfodral"},"content":{"rendered":"<p>Skydda din investering i f\u00e4lt! Final Approach flytande hagelgev\u00e4rsfodral \u00e4r vattenavvisande och har alla viktiga funktioner. Den \u00be l\u00e5nga vattent\u00e4ta dragkedjan och sp\u00e4nnet g\u00f6r det enkelt att skjuta in och ut ditt vapen ur fodralet. Detta fodral har b\u00e5de ett b\u00e4rhandtag och en justerbar axelrem. P\u00e5 framsidan av fodralet finns en ficka med kardborrest\u00e4ngning f\u00f6r choke-tuber. N\u00e4r du jagar kan detta fodral vikas i tredjedelar f\u00f6r enkel f\u00f6rvaring i alla g\u00f6mslen.     <\/p>\n<h2><span style=\"font-size: 80%\">Funktioner:  <\/span><\/h2>\n<ul>\n<li>\u00be l\u00e5ng vattent\u00e4t dragkedja<\/li>\n<li>Sp\u00e4nne<\/li>\n<li>B\u00e4rhandtag<\/li>\n<li>Justerbar axelrem<\/li>\n<li>Ficka f\u00f6r choke-tuber<\/li>\n<li>Tredelad<\/li>\n<li>132 cm fodral<\/li>\n<\/ul>\n","protected":false},"excerpt":{"rendered":"<p>Skydda din investering i f\u00e4lt! Final Approach flytande hagelgev\u00e4rsfodral \u00e4r vattenavvisande och har alla viktiga funktioner. Den \u00be l\u00e5nga vattent\u00e4ta dragkedjan och sp\u00e4nnet g\u00f6r det enkelt att skjuta in och ut ditt vapen ur fodralet. Detta fodral har b\u00e5de ett b\u00e4rhandtag och en justerbar axelrem. P\u00e5 framsidan av fodralet finns en ficka med kardborrest\u00e4ngning f\u00f6r [&#8230;]\n","protected":false},"featured_media":287068,"comment_status":"open","ping_status":"closed","template":"","meta":[],"product_brand":[],"product_cat":[2569],"product_tag":[],"class_list":{"0":"post-287067","1":"product","2":"type-product","3":"status-publish","4":"has-post-thumbnail","6":"product_cat-mjuka-fodral","8":"first","9":"instock","10":"taxable","11":"shipping-taxable","12":"purchasable","13":"product-type-simple"},"composite_virtual":false,"composite_layout":"","composite_add_to_cart_form_location":"","composite_editable_in_cart":false,"composite_sold_individually_context":"","composite_shop_price_calc":"","composite_components":[],"composite_scenarios":[],"group_of_quantity":0,"min_quantity":0,"max_quantity":"","exclude_order_quantity_value_rules":"no","exclude_category_quantity_rules":"no","combine_variations":"no","exclude_global_add_ons":[],"addons":[],"_links":{"self":[{"href":"https:\/\/www.huntersfriend.eu\/sv\/wp-json\/wp\/v2\/product\/287067","targetHints":{"allow":["GET"]}}],"collection":[{"href":"https:\/\/www.huntersfriend.eu\/sv\/wp-json\/wp\/v2\/product"}],"about":[{"href":"https:\/\/www.huntersfriend.eu\/sv\/wp-json\/wp\/v2\/types\/product"}],"replies":[{"embeddable":true,"href":"https:\/\/www.huntersfriend.eu\/sv\/wp-json\/wp\/v2\/comments?post=287067"}],"wp:featuredmedia":[{"embeddable":true,"href":"https:\/\/www.huntersfriend.eu\/sv\/wp-json\/wp\/v2\/media\/287068"}],"wp:attachment":[{"href":"https:\/\/www.huntersfriend.eu\/sv\/wp-json\/wp\/v2\/media?parent=287067"}],"wp:term":[{"taxonomy":"product_brand","embeddable":true,"href":"https:\/\/www.huntersfriend.eu\/sv\/wp-json\/wp\/v2\/product_brand?post=287067"},{"taxonomy":"product_cat","embeddable":true,"href":"https:\/\/www.huntersfriend.eu\/sv\/wp-json\/wp\/v2\/product_cat?post=287067"},{"taxonomy":"product_tag","embeddable":true,"href":"https:\/\/www.huntersfriend.eu\/sv\/wp-json\/wp\/v2\/product_tag?post=287067"}],"curies":[{"name":"wp","href":"https:\/\/api.w.org\/{rel}","templated":true}]}}