{"id":287065,"date":"2023-09-22T09:20:50","date_gmt":"2023-09-22T07:20:50","guid":{"rendered":"https:\/\/www.huntersfriend.eu\/product\/hubertus-jarpe-visselpipa\/"},"modified":"2026-03-04T12:54:42","modified_gmt":"2026-03-04T10:54:42","slug":"hubertus-jarpe-visselpipa","status":"publish","type":"product","link":"https:\/\/www.huntersfriend.eu\/sv\/produkt\/hubertus-jarpe-visselpipa\/","title":{"rendered":"Hubertus j\u00e4rpe visselpipa"},"content":{"rendered":"<p><span class=\"jCAhz ChMk0b\"><span class=\"ryNqvb\">Hubertus j\u00e4rplockpipa \u00e4r en traditionell visselpipa som passar f\u00f6r j\u00e4rpe.<\/span><\/span> <span class=\"jCAhz ChMk0b\"><span class=\"ryNqvb\">Visselpipan kan ocks\u00e5 anv\u00e4ndas f\u00f6r att locka till sig sm\u00e5 rovdjur, d\u00e5 den imiterar gnisslet fr\u00e5n en gnagare.<\/span><\/span><\/p>\n","protected":false},"excerpt":{"rendered":"<p>Hubertus j\u00e4rplockpipa \u00e4r en traditionell visselpipa som passar f\u00f6r j\u00e4rpe. Visselpipan kan ocks\u00e5 anv\u00e4ndas f\u00f6r att locka till sig sm\u00e5 rovdjur, d\u00e5 den imiterar gnisslet fr\u00e5n en gnagare.<\/p>\n","protected":false},"featured_media":255266,"comment_status":"open","ping_status":"closed","template":"","meta":[],"product_brand":[],"product_cat":[2860],"product_tag":[],"class_list":{"0":"post-287065","1":"product","2":"type-product","3":"status-publish","4":"has-post-thumbnail","6":"product_cat-andra-locklaten","8":"first","9":"onbackorder","10":"taxable","11":"shipping-taxable","12":"purchasable","13":"product-type-simple"},"composite_virtual":false,"composite_layout":"","composite_add_to_cart_form_location":"","composite_editable_in_cart":false,"composite_sold_individually_context":"","composite_shop_price_calc":"","composite_components":[],"composite_scenarios":[],"group_of_quantity":0,"min_quantity":0,"max_quantity":"","exclude_order_quantity_value_rules":"no","exclude_category_quantity_rules":"no","combine_variations":"no","exclude_global_add_ons":[],"addons":[],"_links":{"self":[{"href":"https:\/\/www.huntersfriend.eu\/sv\/wp-json\/wp\/v2\/product\/287065","targetHints":{"allow":["GET"]}}],"collection":[{"href":"https:\/\/www.huntersfriend.eu\/sv\/wp-json\/wp\/v2\/product"}],"about":[{"href":"https:\/\/www.huntersfriend.eu\/sv\/wp-json\/wp\/v2\/types\/product"}],"replies":[{"embeddable":true,"href":"https:\/\/www.huntersfriend.eu\/sv\/wp-json\/wp\/v2\/comments?post=287065"}],"wp:featuredmedia":[{"embeddable":true,"href":"https:\/\/www.huntersfriend.eu\/sv\/wp-json\/wp\/v2\/media\/255266"}],"wp:attachment":[{"href":"https:\/\/www.huntersfriend.eu\/sv\/wp-json\/wp\/v2\/media?parent=287065"}],"wp:term":[{"taxonomy":"product_brand","embeddable":true,"href":"https:\/\/www.huntersfriend.eu\/sv\/wp-json\/wp\/v2\/product_brand?post=287065"},{"taxonomy":"product_cat","embeddable":true,"href":"https:\/\/www.huntersfriend.eu\/sv\/wp-json\/wp\/v2\/product_cat?post=287065"},{"taxonomy":"product_tag","embeddable":true,"href":"https:\/\/www.huntersfriend.eu\/sv\/wp-json\/wp\/v2\/product_tag?post=287065"}],"curies":[{"name":"wp","href":"https:\/\/api.w.org\/{rel}","templated":true}]}}