{"id":287059,"date":"2023-09-13T14:53:08","date_gmt":"2023-09-13T12:53:08","guid":{"rendered":"https:\/\/www.huntersfriend.eu\/product\/slutlig-inflygningslayout-gasstol-2\/"},"modified":"2025-08-28T10:59:39","modified_gmt":"2025-08-28T08:59:39","slug":"slutlig-inflygningslayout-gasstol-2","status":"publish","type":"product","link":"https:\/\/www.huntersfriend.eu\/sv\/produkt\/slutlig-inflygningslayout-gasstol-2\/","title":{"rendered":"Slutlig inflygningslayout g\u00e5sstol"},"content":{"rendered":"<p>Att ligga i vitt under Barnacle Socks \u00e4r en bra taktik f\u00f6r att jaga vitkindade g\u00e4ss. FA Layout Snow Goose Chair kommer att g\u00f6ra din upplevelse \u00e4nnu b\u00e4ttre. Den 5 cm tjocka vattenavvisande dynan h\u00e5ller dig bekv\u00e4m hela dagen. Ryggen har 4 enkla justerbara vinklar f\u00f6r att ge dig den b\u00e4sta jaktupplevelsen. F\u00f6r att passa m\u00e4nniskor i alla storlekar \u00e4r ryggen 58 cm bred och har ett justerbart nackst\u00f6d. N\u00e4r det \u00e4r dags att packa ihop, f\u00e4ll helt enkelt ihop den p\u00e5 mitten och sp\u00e4nn fast den f\u00f6r f\u00f6rvaring.     <\/p>\n<h2><span style=\"font-size: 75%;\">Funktioner:<\/span><\/h2>\n<ul>\n<li>Vattenavvisande botten<\/li>\n<li>4 ryggst\u00f6dspositioner<\/li>\n<li>Justerbart nackst\u00f6d<\/li>\n<li>Axelrem<\/li>\n<li>Sittm\u00e5tt: L 63,5 cm x B 58 cm x H 5 cm<\/li>\n<li>Total l\u00e4ngd: 122 cm<\/li>\n<li>Justerbar h\u00f6jd: 40-50 cm<\/li>\n<li>Hopf\u00e4llda m\u00e5tt: L 74 cm x 63,5 cm x H 18 cm<\/li>\n<\/ul>\n","protected":false},"excerpt":{"rendered":"<p>Att ligga i vitt under Barnacle Socks \u00e4r en bra taktik f\u00f6r att jaga vitkindade g\u00e4ss. FA Layout Snow Goose Chair kommer att g\u00f6ra din upplevelse \u00e4nnu b\u00e4ttre. Den 5 cm tjocka vattenavvisande dynan h\u00e5ller dig bekv\u00e4m hela dagen. Ryggen har 4 enkla justerbara vinklar f\u00f6r att ge dig den b\u00e4sta jaktupplevelsen. F\u00f6r att passa [&#8230;]\n","protected":false},"featured_media":287060,"comment_status":"open","ping_status":"closed","template":"","meta":[],"product_brand":[],"product_cat":[2859],"product_tag":[],"class_list":{"0":"post-287059","1":"product","2":"type-product","3":"status-publish","4":"has-post-thumbnail","6":"product_cat-vattenfagelblandningar","7":"product_shipping_class-medium-sv","9":"first","10":"instock","11":"taxable","12":"shipping-taxable","13":"purchasable","14":"product-type-simple"},"composite_virtual":false,"composite_layout":"","composite_add_to_cart_form_location":"","composite_editable_in_cart":false,"composite_sold_individually_context":"","composite_shop_price_calc":"","composite_components":[],"composite_scenarios":[],"group_of_quantity":0,"min_quantity":0,"max_quantity":"","exclude_order_quantity_value_rules":"no","exclude_category_quantity_rules":"no","combine_variations":"no","exclude_global_add_ons":[],"addons":[],"_links":{"self":[{"href":"https:\/\/www.huntersfriend.eu\/sv\/wp-json\/wp\/v2\/product\/287059","targetHints":{"allow":["GET"]}}],"collection":[{"href":"https:\/\/www.huntersfriend.eu\/sv\/wp-json\/wp\/v2\/product"}],"about":[{"href":"https:\/\/www.huntersfriend.eu\/sv\/wp-json\/wp\/v2\/types\/product"}],"replies":[{"embeddable":true,"href":"https:\/\/www.huntersfriend.eu\/sv\/wp-json\/wp\/v2\/comments?post=287059"}],"wp:featuredmedia":[{"embeddable":true,"href":"https:\/\/www.huntersfriend.eu\/sv\/wp-json\/wp\/v2\/media\/287060"}],"wp:attachment":[{"href":"https:\/\/www.huntersfriend.eu\/sv\/wp-json\/wp\/v2\/media?parent=287059"}],"wp:term":[{"taxonomy":"product_brand","embeddable":true,"href":"https:\/\/www.huntersfriend.eu\/sv\/wp-json\/wp\/v2\/product_brand?post=287059"},{"taxonomy":"product_cat","embeddable":true,"href":"https:\/\/www.huntersfriend.eu\/sv\/wp-json\/wp\/v2\/product_cat?post=287059"},{"taxonomy":"product_tag","embeddable":true,"href":"https:\/\/www.huntersfriend.eu\/sv\/wp-json\/wp\/v2\/product_tag?post=287059"}],"curies":[{"name":"wp","href":"https:\/\/api.w.org\/{rel}","templated":true}]}}