{"id":287055,"date":"2023-09-13T13:26:44","date_gmt":"2023-09-13T11:26:44","guid":{"rendered":"https:\/\/www.huntersfriend.eu\/product\/final-approach-flytande-blindvaska\/"},"modified":"2025-08-26T14:47:49","modified_gmt":"2025-08-26T12:47:49","slug":"final-approach-flytande-blindvaska","status":"publish","type":"product","link":"https:\/\/www.huntersfriend.eu\/sv\/produkt\/final-approach-flytande-blindvaska\/","title":{"rendered":"Final Approach flytande blindv\u00e4ska"},"content":{"rendered":"<p>Den h\u00e4r v\u00e4skan \u00e4r designad f\u00f6r att fungera i alla jaktssituationer. Insidan av v\u00e4skan har ett stort fack f\u00f6r att rymma alla n\u00f6dv\u00e4ndigheter. Vi har lagt till en vattent\u00e4t ficka f\u00f6r att h\u00e5lla din telefon torr. Varje sida av v\u00e4skan har yttre fickor f\u00f6r att maximera organisationen. Det h\u00e4r kommer snabbt att bli din favorit blindv\u00e4ska.    <\/p>\n<h2>FUNKTIONER<\/h2>\n<ul>\n<li>Huvudfack 25 cm H x 38 cm B x 30 cm D med avtagbar avdelare<\/li>\n<li>2 vadderade sidofickor f\u00f6r tillbeh\u00f6r<\/li>\n<li>Dubbel dragkedja upptill med stormflik<\/li>\n<li>Robust 600 D-material<\/li>\n<li>Vattent\u00e4t gjuten botten<\/li>\n<li>Molle-remmar p\u00e5 flera st\u00e4llen<\/li>\n<li>Vattent\u00e4t mobiltelefonficka<\/li>\n<li>Dragkedjor p\u00e5 varje dragkedja<\/li>\n<\/ul>\n","protected":false},"excerpt":{"rendered":"<p>Den h\u00e4r v\u00e4skan \u00e4r designad f\u00f6r att fungera i alla jaktssituationer. Insidan av v\u00e4skan har ett stort fack f\u00f6r att rymma alla n\u00f6dv\u00e4ndigheter. Vi har lagt till en vattent\u00e4t ficka f\u00f6r att h\u00e5lla din telefon torr. Varje sida av v\u00e4skan har yttre fickor f\u00f6r att maximera organisationen. Det h\u00e4r kommer snabbt att bli din favorit [&#8230;]\n","protected":false},"featured_media":254253,"comment_status":"open","ping_status":"closed","template":"","meta":[],"product_brand":[],"product_cat":[878],"product_tag":[],"class_list":{"0":"post-287055","1":"product","2":"type-product","3":"status-publish","4":"has-post-thumbnail","6":"product_cat-uncategorized-sv","7":"product_shipping_class-medium-sv","9":"first","10":"outofstock","11":"taxable","12":"shipping-taxable","13":"purchasable","14":"product-type-simple"},"composite_virtual":false,"composite_layout":"","composite_add_to_cart_form_location":"","composite_editable_in_cart":false,"composite_sold_individually_context":"","composite_shop_price_calc":"","composite_components":[],"composite_scenarios":[],"group_of_quantity":0,"min_quantity":0,"max_quantity":"","exclude_order_quantity_value_rules":"no","exclude_category_quantity_rules":"no","combine_variations":"no","exclude_global_add_ons":[],"addons":[],"_links":{"self":[{"href":"https:\/\/www.huntersfriend.eu\/sv\/wp-json\/wp\/v2\/product\/287055","targetHints":{"allow":["GET"]}}],"collection":[{"href":"https:\/\/www.huntersfriend.eu\/sv\/wp-json\/wp\/v2\/product"}],"about":[{"href":"https:\/\/www.huntersfriend.eu\/sv\/wp-json\/wp\/v2\/types\/product"}],"replies":[{"embeddable":true,"href":"https:\/\/www.huntersfriend.eu\/sv\/wp-json\/wp\/v2\/comments?post=287055"}],"wp:featuredmedia":[{"embeddable":true,"href":"https:\/\/www.huntersfriend.eu\/sv\/wp-json\/wp\/v2\/media\/254253"}],"wp:attachment":[{"href":"https:\/\/www.huntersfriend.eu\/sv\/wp-json\/wp\/v2\/media?parent=287055"}],"wp:term":[{"taxonomy":"product_brand","embeddable":true,"href":"https:\/\/www.huntersfriend.eu\/sv\/wp-json\/wp\/v2\/product_brand?post=287055"},{"taxonomy":"product_cat","embeddable":true,"href":"https:\/\/www.huntersfriend.eu\/sv\/wp-json\/wp\/v2\/product_cat?post=287055"},{"taxonomy":"product_tag","embeddable":true,"href":"https:\/\/www.huntersfriend.eu\/sv\/wp-json\/wp\/v2\/product_tag?post=287055"}],"curies":[{"name":"wp","href":"https:\/\/api.w.org\/{rel}","templated":true}]}}