{"id":287041,"date":"2023-09-11T09:24:55","date_gmt":"2023-09-11T07:24:55","guid":{"rendered":"https:\/\/www.huntersfriend.eu\/product\/huntworth-ashland-t-shirt-med-korta-armar\/"},"modified":"2025-08-26T14:47:47","modified_gmt":"2025-08-26T12:47:47","slug":"huntworth-ashland-t-shirt-med-korta-armar","status":"publish","type":"product","link":"https:\/\/www.huntersfriend.eu\/sv\/produkt\/huntworth-ashland-t-shirt-med-korta-armar\/","title":{"rendered":"Huntworth Ashland t-shirt med korta \u00e4rmar"},"content":{"rendered":"<p><strong>Ashland l\u00e4ttviktig t-shirt i Tarnen \u00e4r ett klassiskt jaktplagg som alla beh\u00f6ver.<\/strong> Tarnen\u00ae camo-tr\u00f6jan \u00e4r tillverkad med ett hybridm\u00f6nster f\u00f6r att d\u00f6lja och \u00e4r konstruerad av ett mjukt 4,2 oz bomulls-\/polyestertyg som t\u00e5l tuff behandling.<\/p>\n<p>Skjortan \u00e4r rymligt skuren f\u00f6r en bekv\u00e4m passform. L\u00e4tt att b\u00e4ra n\u00e4r du arbetar eller jagar i v\u00e4rmen. <\/p>\n<p>En enkel camo-tee &#8211; Tarnen-m\u00f6nstrad skjorta \u00e4r ett m\u00e5ste f\u00f6r varje j\u00e4gare.<\/p>\n<p><strong>Ashland l\u00e4ttviktig t-shirt i Tarnen\u00ae \u00e4r ett klassiskt jaktplagg som alla beh\u00f6ver.<\/strong> Tarnen\u00ae camo-tr\u00f6jan \u00e4r tillverkad med ett hybridm\u00f6nster f\u00f6r att d\u00f6lja och \u00e4r konstruerad av ett mjukt 4,2 oz bomulls-\/polyestertyg som t\u00e5l tuff behandling.<\/p>\n<p>Skjortan \u00e4r rymligt skuren f\u00f6r en bekv\u00e4m passform. L\u00e4tt att b\u00e4ra n\u00e4r du arbetar eller jagar i v\u00e4rmen. <\/p>\n<p>En enkel camo-tee &#8211; Tarnen-m\u00f6nstrad skjorta \u00e4r ett m\u00e5ste f\u00f6r varje j\u00e4gare.<\/p>\n","protected":false},"excerpt":{"rendered":"<p>Ashland l\u00e4ttviktig t-shirt i Tarnen \u00e4r ett klassiskt jaktplagg som alla beh\u00f6ver. Tarnen\u00ae camo-tr\u00f6jan \u00e4r tillverkad med ett hybridm\u00f6nster f\u00f6r att d\u00f6lja och \u00e4r konstruerad av ett mjukt 4,2 oz bomulls-\/polyestertyg som t\u00e5l tuff behandling. Skjortan \u00e4r rymligt skuren f\u00f6r en bekv\u00e4m passform. L\u00e4tt att b\u00e4ra n\u00e4r du arbetar eller jagar i v\u00e4rmen. En enkel [&#8230;]\n","protected":false},"featured_media":253714,"comment_status":"open","ping_status":"closed","template":"","meta":[],"product_brand":[],"product_cat":[2813],"product_tag":[],"class_list":{"0":"post-287041","1":"product","2":"type-product","3":"status-publish","4":"has-post-thumbnail","6":"product_cat-skjortor-hoodies","8":"first","9":"instock","10":"taxable","11":"shipping-taxable","12":"purchasable","13":"product-type-variable"},"composite_virtual":false,"composite_layout":"","composite_add_to_cart_form_location":"","composite_editable_in_cart":false,"composite_sold_individually_context":"","composite_shop_price_calc":"","composite_components":[],"composite_scenarios":[],"group_of_quantity":0,"min_quantity":0,"max_quantity":"","exclude_order_quantity_value_rules":"no","exclude_category_quantity_rules":"no","combine_variations":"no","exclude_global_add_ons":[],"addons":[],"_links":{"self":[{"href":"https:\/\/www.huntersfriend.eu\/sv\/wp-json\/wp\/v2\/product\/287041","targetHints":{"allow":["GET"]}}],"collection":[{"href":"https:\/\/www.huntersfriend.eu\/sv\/wp-json\/wp\/v2\/product"}],"about":[{"href":"https:\/\/www.huntersfriend.eu\/sv\/wp-json\/wp\/v2\/types\/product"}],"replies":[{"embeddable":true,"href":"https:\/\/www.huntersfriend.eu\/sv\/wp-json\/wp\/v2\/comments?post=287041"}],"wp:featuredmedia":[{"embeddable":true,"href":"https:\/\/www.huntersfriend.eu\/sv\/wp-json\/wp\/v2\/media\/253714"}],"wp:attachment":[{"href":"https:\/\/www.huntersfriend.eu\/sv\/wp-json\/wp\/v2\/media?parent=287041"}],"wp:term":[{"taxonomy":"product_brand","embeddable":true,"href":"https:\/\/www.huntersfriend.eu\/sv\/wp-json\/wp\/v2\/product_brand?post=287041"},{"taxonomy":"product_cat","embeddable":true,"href":"https:\/\/www.huntersfriend.eu\/sv\/wp-json\/wp\/v2\/product_cat?post=287041"},{"taxonomy":"product_tag","embeddable":true,"href":"https:\/\/www.huntersfriend.eu\/sv\/wp-json\/wp\/v2\/product_tag?post=287041"}],"curies":[{"name":"wp","href":"https:\/\/api.w.org\/{rel}","templated":true}]}}