{"id":287040,"date":"2023-09-13T14:41:05","date_gmt":"2023-09-13T12:41:05","guid":{"rendered":"https:\/\/www.huntersfriend.eu\/product\/slutlig-inflygning-lattvikts-knockout-faltblandning\/"},"modified":"2026-02-25T08:56:29","modified_gmt":"2026-02-25T06:56:29","slug":"slutlig-inflygning-lattvikts-knockout-faltblandning","status":"publish","type":"product","link":"https:\/\/www.huntersfriend.eu\/sv\/produkt\/slutlig-inflygning-lattvikts-knockout-faltblandning\/","title":{"rendered":"Slutlig inflygning l\u00e4ttvikts knockout-f\u00e4ltbl\u00e4ndning"},"content":{"rendered":"<p>Den nya Lightweight Knockout-bl\u00e4ndningen \u00e4r en mindre version av den ursprungliga Knockout Blind. Den mindre storleken g\u00f6r den mer portabel och tar mindre plats vid f\u00f6rvaring eller transport. Denna serie av bl\u00e4ndningar \u00e4r den snabbaste installationen och nedtagningen av alla bl\u00e4ndningar p\u00e5 marknaden, samt den mest h\u00e5llbara. Installeras och bryts ned p\u00e5 n\u00e5gra sekunder och f\u00f6rvaras snabbt. Den h\u00e5llbara ramen och st\u00f6dst\u00e4ngerna g\u00f6r att du kan s\u00e4tta press p\u00e5 bl\u00e4ndningen n\u00e4r du g\u00e5r in och ut, vilket inte har varit ett alternativ i bl\u00e4ndningar hittills.    <\/p>\n<h2><span style=\"font-size: 80%;\">Funktioner:  <\/span><\/h2>\n<ul>\n<li>Nydesignad g\u00e5ngj\u00e4rnsram f\u00f6r snabb installation och nedtagning<\/li>\n<li>Nedtagningsst\u00e4nger och nackst\u00f6dsst\u00e4nger f\u00f6r \u00f6kad h\u00e5llbarhet och stabilitet<\/li>\n<li>Ryggn\u00e4t f\u00f6r att d\u00f6lja baksidan av huvudet n\u00e4r du v\u00e4nder dig f\u00f6r att titta p\u00e5 f\u00e5glarna<\/li>\n<li>Original Stubble Straps f\u00f6r att borsta in bl\u00e4ndningen<\/li>\n<li>Original snabb\u00e5tkomsth\u00e5l f\u00f6r flaggning<\/li>\n<li>Dragkedja &#8221;ren-ut&#8221; d\u00f6rr p\u00e5 st\u00f6velv\u00e4skan<\/li>\n<li>H\u00e5llbart kamouflagematerial med vattenavvisande baksida<\/li>\n<li>Vattent\u00e4tt golv<\/li>\n<li>Bekv\u00e4mt vadderat nackst\u00f6d<\/li>\n<li>Mossig ekhabitat<\/li>\n<li>Cockpit\u00f6ppning: 102 cm L x 53 cm B<\/li>\n<li>86 cm B x 208 cm L x 43 cm H, V\u00e4ger endast 8 kg.<\/li>\n<\/ul>\n","protected":false},"excerpt":{"rendered":"<p>Den nya Lightweight Knockout-bl\u00e4ndningen \u00e4r en mindre version av den ursprungliga Knockout Blind. Den mindre storleken g\u00f6r den mer portabel och tar mindre plats vid f\u00f6rvaring eller transport. Denna serie av bl\u00e4ndningar \u00e4r den snabbaste installationen och nedtagningen av alla bl\u00e4ndningar p\u00e5 marknaden, samt den mest h\u00e5llbara. Installeras och bryts ned p\u00e5 n\u00e5gra sekunder och [&#8230;]\n","protected":false},"featured_media":287045,"comment_status":"open","ping_status":"closed","template":"","meta":[],"product_brand":[],"product_cat":[878],"product_tag":[],"class_list":{"0":"post-287040","1":"product","2":"type-product","3":"status-publish","4":"has-post-thumbnail","6":"product_cat-uncategorized-sv","7":"product_shipping_class-big-sv","9":"first","10":"outofstock","11":"taxable","12":"shipping-taxable","13":"purchasable","14":"product-type-simple"},"composite_virtual":false,"composite_layout":"","composite_add_to_cart_form_location":"","composite_editable_in_cart":false,"composite_sold_individually_context":"","composite_shop_price_calc":"","composite_components":[],"composite_scenarios":[],"group_of_quantity":0,"min_quantity":0,"max_quantity":"","exclude_order_quantity_value_rules":"no","exclude_category_quantity_rules":"no","combine_variations":"no","exclude_global_add_ons":[],"addons":[],"_links":{"self":[{"href":"https:\/\/www.huntersfriend.eu\/sv\/wp-json\/wp\/v2\/product\/287040","targetHints":{"allow":["GET"]}}],"collection":[{"href":"https:\/\/www.huntersfriend.eu\/sv\/wp-json\/wp\/v2\/product"}],"about":[{"href":"https:\/\/www.huntersfriend.eu\/sv\/wp-json\/wp\/v2\/types\/product"}],"replies":[{"embeddable":true,"href":"https:\/\/www.huntersfriend.eu\/sv\/wp-json\/wp\/v2\/comments?post=287040"}],"wp:featuredmedia":[{"embeddable":true,"href":"https:\/\/www.huntersfriend.eu\/sv\/wp-json\/wp\/v2\/media\/287045"}],"wp:attachment":[{"href":"https:\/\/www.huntersfriend.eu\/sv\/wp-json\/wp\/v2\/media?parent=287040"}],"wp:term":[{"taxonomy":"product_brand","embeddable":true,"href":"https:\/\/www.huntersfriend.eu\/sv\/wp-json\/wp\/v2\/product_brand?post=287040"},{"taxonomy":"product_cat","embeddable":true,"href":"https:\/\/www.huntersfriend.eu\/sv\/wp-json\/wp\/v2\/product_cat?post=287040"},{"taxonomy":"product_tag","embeddable":true,"href":"https:\/\/www.huntersfriend.eu\/sv\/wp-json\/wp\/v2\/product_tag?post=287040"}],"curies":[{"name":"wp","href":"https:\/\/api.w.org\/{rel}","templated":true}]}}