{"id":287035,"date":"2023-09-08T10:05:22","date_gmt":"2023-09-08T08:05:22","guid":{"rendered":"https:\/\/www.huntersfriend.eu\/product\/3di-familjepaket-mink-bisamratta-och-prariehund\/"},"modified":"2025-08-26T14:47:46","modified_gmt":"2025-08-26T12:47:46","slug":"3di-familjepaket-mink-bisamratta-och-prariehund","status":"publish","type":"product","link":"https:\/\/www.huntersfriend.eu\/sv\/produkt\/3di-familjepaket-mink-bisamratta-och-prariehund\/","title":{"rendered":"3Di familjepaket mink, bisamr\u00e5tta och pr\u00e4riehund"},"content":{"rendered":"<ul>\n<li>Designad f\u00f6r b\u00e5gskytten att g\u00f6ra sin egen samling av 3D-m\u00e5l<\/li>\n<li>Idealisk f\u00f6r tr\u00e4dg\u00e5rden eller liten skjutbana<\/li>\n<li>Tre m\u00e5l ing\u00e5r f\u00f6r variation<\/li>\n<li>H\u00f6g kvalitet<\/li>\n<li>Tillg\u00e4nglig introduktion till 3D-b\u00e5gskytte<\/li>\n<li>Po\u00e4ngringar p\u00e5 varje djur<\/li>\n<\/ul>\n","protected":false},"excerpt":{"rendered":"<p>Designad f\u00f6r b\u00e5gskytten att g\u00f6ra sin egen samling av 3D-m\u00e5l Idealisk f\u00f6r tr\u00e4dg\u00e5rden eller liten skjutbana Tre m\u00e5l ing\u00e5r f\u00f6r variation H\u00f6g kvalitet Tillg\u00e4nglig introduktion till 3D-b\u00e5gskytte Po\u00e4ngringar p\u00e5 varje djur<\/p>\n","protected":false},"featured_media":253572,"comment_status":"open","ping_status":"closed","template":"","meta":[],"product_brand":[],"product_cat":[878],"product_tag":[],"class_list":{"0":"post-287035","1":"product","2":"type-product","3":"status-publish","4":"has-post-thumbnail","6":"product_cat-uncategorized-sv","7":"product_shipping_class-medium-sv","9":"first","10":"outofstock","11":"sale","12":"taxable","13":"shipping-taxable","14":"purchasable","15":"product-type-simple"},"composite_virtual":false,"composite_layout":"","composite_add_to_cart_form_location":"","composite_editable_in_cart":false,"composite_sold_individually_context":"","composite_shop_price_calc":"","composite_components":[],"composite_scenarios":[],"group_of_quantity":0,"min_quantity":0,"max_quantity":"","exclude_order_quantity_value_rules":"no","exclude_category_quantity_rules":"no","combine_variations":"no","exclude_global_add_ons":[],"addons":[],"_links":{"self":[{"href":"https:\/\/www.huntersfriend.eu\/sv\/wp-json\/wp\/v2\/product\/287035","targetHints":{"allow":["GET"]}}],"collection":[{"href":"https:\/\/www.huntersfriend.eu\/sv\/wp-json\/wp\/v2\/product"}],"about":[{"href":"https:\/\/www.huntersfriend.eu\/sv\/wp-json\/wp\/v2\/types\/product"}],"replies":[{"embeddable":true,"href":"https:\/\/www.huntersfriend.eu\/sv\/wp-json\/wp\/v2\/comments?post=287035"}],"wp:featuredmedia":[{"embeddable":true,"href":"https:\/\/www.huntersfriend.eu\/sv\/wp-json\/wp\/v2\/media\/253572"}],"wp:attachment":[{"href":"https:\/\/www.huntersfriend.eu\/sv\/wp-json\/wp\/v2\/media?parent=287035"}],"wp:term":[{"taxonomy":"product_brand","embeddable":true,"href":"https:\/\/www.huntersfriend.eu\/sv\/wp-json\/wp\/v2\/product_brand?post=287035"},{"taxonomy":"product_cat","embeddable":true,"href":"https:\/\/www.huntersfriend.eu\/sv\/wp-json\/wp\/v2\/product_cat?post=287035"},{"taxonomy":"product_tag","embeddable":true,"href":"https:\/\/www.huntersfriend.eu\/sv\/wp-json\/wp\/v2\/product_tag?post=287035"}],"curies":[{"name":"wp","href":"https:\/\/api.w.org\/{rel}","templated":true}]}}