{"id":287034,"date":"2023-09-13T13:27:05","date_gmt":"2023-09-13T11:27:05","guid":{"rendered":"https:\/\/www.huntersfriend.eu\/product\/huntworth-bonded-byxor\/"},"modified":"2025-08-26T14:47:44","modified_gmt":"2025-08-26T12:47:44","slug":"huntworth-bonded-byxor","status":"publish","type":"product","link":"https:\/\/www.huntersfriend.eu\/sv\/produkt\/huntworth-bonded-byxor\/","title":{"rendered":"Huntworth bonded byxor"},"content":{"rendered":"<p><span class=\"jCAhz ChMk0b\"><span class=\"ryNqvb\">Huntworth Bonded Trousers \u00e4r jaktbyxor f\u00f6r m\u00e4n med ett berberfleecefoder.<\/span><\/span> <span class=\"jCAhz ChMk0b\"><span class=\"ryNqvb\">Borstad tricot softshell-yta med Tarnen-camouflagem\u00f6nster \u00e4r varma men tysta byxor f\u00f6r h\u00f6stjakter.<\/span><\/span> <span class=\"jCAhz ChMk0b\"><span class=\"ryNqvb\">Det vindt\u00e4ta membranet i de bonded byxorna h\u00e5ller den ot\u00e4cka vinden utanf\u00f6r byxorna, utan att kompromissa f\u00f6r mycket med byxornas andningsf\u00f6rm\u00e5ga.<\/span><\/span> <span class=\"jCAhz ChMk0b\"><span class=\"ryNqvb\">De utm\u00e4rkt placerade sex gener\u00f6st tilltagna fickorna s\u00e4kerst\u00e4ller att dina tillbeh\u00f6r transporteras bekv\u00e4mt och s\u00e4kert.<\/span><\/span><\/p>\n<p><span class=\"jCAhz ChMk0b\"><span class=\"ryNqvb\">Teknisk information:<\/span><\/span><\/p>\n<p><span class=\"jCAhz ChMk0b\"><span class=\"ryNqvb\">Yttermaterial: Borstad softshell-tricot med Tarnen-camouflagem\u00f6nster<\/span><\/span><\/p>\n<p><span class=\"jCAhz ChMk0b\"><span class=\"ryNqvb\">Membran: Vindt\u00e4tt<\/span><\/span> <span class=\"jCAhz ChMk0b\"><span class=\"ryNqvb\">Innermaterial: Berberfleece<\/span><\/span> <span class=\"jCAhz ChMk0b\"><span class=\"ryNqvb\">Fickor: Tv\u00e5 blixtl\u00e5sf\u00f6rsedda l\u00e5rfickor, tv\u00e5 bakfickor och tv\u00e5 normala midjefickor<\/span><\/span> <span class=\"jCAhz ChMk0b\"><span class=\"ryNqvb\">\u00d6vrigt: Blixtl\u00e5sen p\u00e5 benen har stormflikar p\u00e5 insidan<\/span><\/span><\/p>\n","protected":false},"excerpt":{"rendered":"<p>Huntworth Bonded Trousers \u00e4r jaktbyxor f\u00f6r m\u00e4n med ett berberfleecefoder. Borstad tricot softshell-yta med Tarnen-camouflagem\u00f6nster \u00e4r varma men tysta byxor f\u00f6r h\u00f6stjakter. Det vindt\u00e4ta membranet i de bonded byxorna h\u00e5ller den ot\u00e4cka vinden utanf\u00f6r byxorna, utan att kompromissa f\u00f6r mycket med byxornas andningsf\u00f6rm\u00e5ga. De utm\u00e4rkt placerade sex gener\u00f6st tilltagna fickorna s\u00e4kerst\u00e4ller att dina tillbeh\u00f6r transporteras [&#8230;]\n","protected":false},"featured_media":254288,"comment_status":"open","ping_status":"closed","template":"","meta":[],"product_brand":[],"product_cat":[2779],"product_tag":[],"class_list":{"0":"post-287034","1":"product","2":"type-product","3":"status-publish","4":"has-post-thumbnail","6":"product_cat-byxor","8":"first","9":"instock","10":"taxable","11":"shipping-taxable","12":"purchasable","13":"product-type-variable"},"composite_virtual":false,"composite_layout":"","composite_add_to_cart_form_location":"","composite_editable_in_cart":false,"composite_sold_individually_context":"","composite_shop_price_calc":"","composite_components":[],"composite_scenarios":[],"group_of_quantity":0,"min_quantity":0,"max_quantity":"","exclude_order_quantity_value_rules":"no","exclude_category_quantity_rules":"no","combine_variations":"no","exclude_global_add_ons":[],"addons":[],"_links":{"self":[{"href":"https:\/\/www.huntersfriend.eu\/sv\/wp-json\/wp\/v2\/product\/287034","targetHints":{"allow":["GET"]}}],"collection":[{"href":"https:\/\/www.huntersfriend.eu\/sv\/wp-json\/wp\/v2\/product"}],"about":[{"href":"https:\/\/www.huntersfriend.eu\/sv\/wp-json\/wp\/v2\/types\/product"}],"replies":[{"embeddable":true,"href":"https:\/\/www.huntersfriend.eu\/sv\/wp-json\/wp\/v2\/comments?post=287034"}],"wp:featuredmedia":[{"embeddable":true,"href":"https:\/\/www.huntersfriend.eu\/sv\/wp-json\/wp\/v2\/media\/254288"}],"wp:attachment":[{"href":"https:\/\/www.huntersfriend.eu\/sv\/wp-json\/wp\/v2\/media?parent=287034"}],"wp:term":[{"taxonomy":"product_brand","embeddable":true,"href":"https:\/\/www.huntersfriend.eu\/sv\/wp-json\/wp\/v2\/product_brand?post=287034"},{"taxonomy":"product_cat","embeddable":true,"href":"https:\/\/www.huntersfriend.eu\/sv\/wp-json\/wp\/v2\/product_cat?post=287034"},{"taxonomy":"product_tag","embeddable":true,"href":"https:\/\/www.huntersfriend.eu\/sv\/wp-json\/wp\/v2\/product_tag?post=287034"}],"curies":[{"name":"wp","href":"https:\/\/api.w.org\/{rel}","templated":true}]}}