{"id":287033,"date":"2023-09-08T10:05:19","date_gmt":"2023-09-08T08:05:19","guid":{"rendered":"https:\/\/www.huntersfriend.eu\/product\/mathews-axcel-bridgelock-5-pin-sikte-rh\/"},"modified":"2025-08-26T14:47:43","modified_gmt":"2025-08-26T12:47:43","slug":"mathews-axcel-bridgelock-5-pin-sikte-rh","status":"publish","type":"product","link":"https:\/\/www.huntersfriend.eu\/sv\/produkt\/mathews-axcel-bridgelock-5-pin-sikte-rh\/","title":{"rendered":"Mathews (axcel) bridgelock 5-pin sikte RH"},"content":{"rendered":"<p>BL Fixed 5-Pin sikte med Bridge-Lock siktteknologi, g\u00f6r att du kan mikrojustera h\u00f6jd, vindavdrift och varje enskild siktpinne med h\u00f6gsta precision. Tillverkad i samarbete med Axcel<span class=\"s1\">\u2122. <em><strong>Byggd exklusivt f\u00f6r Phase4, Image och V3X.<\/strong> <\/em> <\/span>  <\/p>\n<div class=\"copy\">\n<ul>\n<li>Mikrojusterbar vindavdrift och h\u00f6jd<\/li>\n<li>Individuella mikrojusterbara pinnar<\/li>\n<li>5-pin .019\u201d konfiguration<\/li>\n<li>Enkla 1<sup>st<\/sup>, 2<sup>nd<\/sup> och 3<sup>rd<\/sup> axeljusteringar<\/li>\n<li>Precisionsskuren kolfiberst\u00e5ng med ultrah\u00f6g modul<\/li>\n<li>Tillverkad i samarbete med Axcel<\/li>\n<\/ul>\n<\/div>\n","protected":false},"excerpt":{"rendered":"<p>BL Fixed 5-Pin sikte med Bridge-Lock siktteknologi, g\u00f6r att du kan mikrojustera h\u00f6jd, vindavdrift och varje enskild siktpinne med h\u00f6gsta precision. Tillverkad i samarbete med Axcel\u2122. Byggd exklusivt f\u00f6r Phase4, Image och V3X. Mikrojusterbar vindavdrift och h\u00f6jd Individuella mikrojusterbara pinnar 5-pin .019\u201d konfiguration Enkla 1st, 2nd och 3rd axeljusteringar Precisionsskuren kolfiberst\u00e5ng med ultrah\u00f6g modul Tillverkad [&#8230;]\n","protected":false},"featured_media":253580,"comment_status":"open","ping_status":"closed","template":"","meta":[],"product_brand":[],"product_cat":[2690],"product_tag":[],"class_list":{"0":"post-287033","1":"product","2":"type-product","3":"status-publish","4":"has-post-thumbnail","6":"product_cat-bagjaktsikten","8":"first","9":"onbackorder","10":"taxable","11":"shipping-taxable","12":"purchasable","13":"product-type-simple"},"composite_virtual":false,"composite_layout":"","composite_add_to_cart_form_location":"","composite_editable_in_cart":false,"composite_sold_individually_context":"","composite_shop_price_calc":"","composite_components":[],"composite_scenarios":[],"group_of_quantity":0,"min_quantity":0,"max_quantity":"","exclude_order_quantity_value_rules":"no","exclude_category_quantity_rules":"no","combine_variations":"no","exclude_global_add_ons":[],"addons":[],"_links":{"self":[{"href":"https:\/\/www.huntersfriend.eu\/sv\/wp-json\/wp\/v2\/product\/287033","targetHints":{"allow":["GET"]}}],"collection":[{"href":"https:\/\/www.huntersfriend.eu\/sv\/wp-json\/wp\/v2\/product"}],"about":[{"href":"https:\/\/www.huntersfriend.eu\/sv\/wp-json\/wp\/v2\/types\/product"}],"replies":[{"embeddable":true,"href":"https:\/\/www.huntersfriend.eu\/sv\/wp-json\/wp\/v2\/comments?post=287033"}],"wp:featuredmedia":[{"embeddable":true,"href":"https:\/\/www.huntersfriend.eu\/sv\/wp-json\/wp\/v2\/media\/253580"}],"wp:attachment":[{"href":"https:\/\/www.huntersfriend.eu\/sv\/wp-json\/wp\/v2\/media?parent=287033"}],"wp:term":[{"taxonomy":"product_brand","embeddable":true,"href":"https:\/\/www.huntersfriend.eu\/sv\/wp-json\/wp\/v2\/product_brand?post=287033"},{"taxonomy":"product_cat","embeddable":true,"href":"https:\/\/www.huntersfriend.eu\/sv\/wp-json\/wp\/v2\/product_cat?post=287033"},{"taxonomy":"product_tag","embeddable":true,"href":"https:\/\/www.huntersfriend.eu\/sv\/wp-json\/wp\/v2\/product_tag?post=287033"}],"curies":[{"name":"wp","href":"https:\/\/api.w.org\/{rel}","templated":true}]}}