{"id":287028,"date":"2023-09-13T13:27:03","date_gmt":"2023-09-13T11:27:03","guid":{"rendered":"https:\/\/www.huntersfriend.eu\/product\/huntworth-bonded-jacka\/"},"modified":"2025-08-26T14:47:41","modified_gmt":"2025-08-26T12:47:41","slug":"huntworth-bonded-jacka","status":"publish","type":"product","link":"https:\/\/www.huntersfriend.eu\/sv\/produkt\/huntworth-bonded-jacka\/","title":{"rendered":"Huntworth bonded jacka"},"content":{"rendered":"<p><span class=\"jCAhz ChMk0b\"><span class=\"ryNqvb\">Huntworth Bonded jacka \u00e4r en jaktjacka f\u00f6r herrar med ett berberfleecefoder.<\/span><\/span> <span class=\"jCAhz ChMk0b\"><span class=\"ryNqvb\">Den borstade tricot softshell-ytan med Tarnen-camouflagem\u00f6nster \u00e4r en varm men tyst jacka f\u00f6r h\u00f6stjakter.<\/span><\/span> <span class=\"jCAhz ChMk0b\"><span class=\"ryNqvb\">Den h\u00f6ga kragen p\u00e5 den bonded jackan och det vindt\u00e4ta membranet h\u00e5ller den obehagliga vinden utanf\u00f6r jackan, utan att kompromissa f\u00f6r mycket med jackans andningsf\u00f6rm\u00e5ga.<\/span><\/span> <span class=\"jCAhz ChMk0b\"><span class=\"ryNqvb\">Tre gener\u00f6st tilltagna fickor, perfekt placerade och utrustade med dragkedja, s\u00e4kerst\u00e4ller att dina tillbeh\u00f6r transporteras bekv\u00e4mt och s\u00e4kert n\u00e4r du reser.<\/span><\/span> <span class=\"jCAhz ChMk0b\"><span class=\"ryNqvb\">S\u00e4kerhetsselen i nacken g\u00f6r den h\u00e4r jackan ocks\u00e5 till ett utm\u00e4rkt val f\u00f6r b\u00e5gskyttar f\u00f6r h\u00f6stjakter!<\/span><\/span><\/p>\n<p><span class=\"jCAhz ChMk0b\"><span class=\"ryNqvb\">Teknisk information:<\/span><\/span> <span class=\"jCAhz ChMk0b\"><span class=\"ryNqvb\">Yttermaterial: Borstad softshell tricot med Tarnen-camouflagem\u00f6nster<\/span><\/span> <span class=\"jCAhz ChMk0b\"><span class=\"ryNqvb\">Membran: Vindt\u00e4tt<\/span><\/span> <span class=\"jCAhz ChMk0b\"><span class=\"ryNqvb\">Innermaterial: Berberfleece<\/span><\/span> <span class=\"jCAhz ChMk0b\"><span class=\"ryNqvb\">Fickor: Tv\u00e5 sidfickor med dragkedja och en br\u00f6stficka med dragkedja<\/span><\/span> <span class=\"jCAhz ChMk0b\"><span class=\"ryNqvb\">\u00d6vrigt: L\u00e4ngre jackf\u00e5ll baktill<\/span><\/span><\/p>\n","protected":false},"excerpt":{"rendered":"<p>Huntworth Bonded jacka \u00e4r en jaktjacka f\u00f6r herrar med ett berberfleecefoder. Den borstade tricot softshell-ytan med Tarnen-camouflagem\u00f6nster \u00e4r en varm men tyst jacka f\u00f6r h\u00f6stjakter. Den h\u00f6ga kragen p\u00e5 den bonded jackan och det vindt\u00e4ta membranet h\u00e5ller den obehagliga vinden utanf\u00f6r jackan, utan att kompromissa f\u00f6r mycket med jackans andningsf\u00f6rm\u00e5ga. Tre gener\u00f6st tilltagna fickor, perfekt [&#8230;]\n","protected":false},"featured_media":254279,"comment_status":"open","ping_status":"closed","template":"","meta":[],"product_brand":[],"product_cat":[2741],"product_tag":[],"class_list":{"0":"post-287028","1":"product","2":"type-product","3":"status-publish","4":"has-post-thumbnail","6":"product_cat-jackor","8":"first","9":"instock","10":"taxable","11":"shipping-taxable","12":"purchasable","13":"product-type-variable"},"composite_virtual":false,"composite_layout":"","composite_add_to_cart_form_location":"","composite_editable_in_cart":false,"composite_sold_individually_context":"","composite_shop_price_calc":"","composite_components":[],"composite_scenarios":[],"group_of_quantity":0,"min_quantity":0,"max_quantity":"","exclude_order_quantity_value_rules":"no","exclude_category_quantity_rules":"no","combine_variations":"no","exclude_global_add_ons":[],"addons":[],"_links":{"self":[{"href":"https:\/\/www.huntersfriend.eu\/sv\/wp-json\/wp\/v2\/product\/287028","targetHints":{"allow":["GET"]}}],"collection":[{"href":"https:\/\/www.huntersfriend.eu\/sv\/wp-json\/wp\/v2\/product"}],"about":[{"href":"https:\/\/www.huntersfriend.eu\/sv\/wp-json\/wp\/v2\/types\/product"}],"replies":[{"embeddable":true,"href":"https:\/\/www.huntersfriend.eu\/sv\/wp-json\/wp\/v2\/comments?post=287028"}],"wp:featuredmedia":[{"embeddable":true,"href":"https:\/\/www.huntersfriend.eu\/sv\/wp-json\/wp\/v2\/media\/254279"}],"wp:attachment":[{"href":"https:\/\/www.huntersfriend.eu\/sv\/wp-json\/wp\/v2\/media?parent=287028"}],"wp:term":[{"taxonomy":"product_brand","embeddable":true,"href":"https:\/\/www.huntersfriend.eu\/sv\/wp-json\/wp\/v2\/product_brand?post=287028"},{"taxonomy":"product_cat","embeddable":true,"href":"https:\/\/www.huntersfriend.eu\/sv\/wp-json\/wp\/v2\/product_cat?post=287028"},{"taxonomy":"product_tag","embeddable":true,"href":"https:\/\/www.huntersfriend.eu\/sv\/wp-json\/wp\/v2\/product_tag?post=287028"}],"curies":[{"name":"wp","href":"https:\/\/api.w.org\/{rel}","templated":true}]}}