{"id":287027,"date":"2023-09-07T15:26:08","date_gmt":"2023-09-07T13:26:08","guid":{"rendered":"https:\/\/www.huntersfriend.eu\/product\/final-approach-last-pass-blasandslockbete\/"},"modified":"2025-08-26T14:47:41","modified_gmt":"2025-08-26T12:47:41","slug":"final-approach-last-pass-blasandslockbete","status":"publish","type":"product","link":"https:\/\/www.huntersfriend.eu\/sv\/produkt\/final-approach-last-pass-blasandslockbete\/","title":{"rendered":"Final approach last pass bl\u00e4sandslockbete"},"content":{"rendered":"<h1>LAST PASS FLYTANDE EURASISK BL\u00c4SAND 12-PACK<\/h1>\n<p>Last Pass-serien erbjuder h\u00f6gkvalitativa lockbeten till ett oslagbart pris. F\u00f6rb\u00e4ttra realismen i din spridning med Last Pass flytande bl\u00e4sand, med en detaljerad utformning och ett verklighetstroget f\u00e4rgschema. Tillverkad av en slitstark plastblandning, \u00e4r detta lockbete byggt f\u00f6r att klara av strapatserna under jakts\u00e4songen. Dess l\u00e4tta design och kompakta storlek g\u00f6r den idealisk f\u00f6r l\u00e5nga promenader till g\u00f6mslet eller packning i sm\u00e5 utrymmen som lockbetessl\u00e4dar och sm\u00e5 b\u00e5tar som kajaker. Detta 12-pack inneh\u00e5ller endast handrakeslockbeten, vilket ger dig de livfulla f\u00e4rgerna du \u00f6nskar f\u00f6r din bl\u00e4sandslockbeteupps\u00e4ttning. Oavsett om du \u00e4r nyb\u00f6rjare inom sporten eller en erfaren andj\u00e4gare, \u00e4r Last Pass flytande bl\u00e4sand ett utm\u00e4rkt val.     <\/p>\n<h2>FUNKTIONER<\/h2>\n<ul>\n<li>Slitstark plastblandning<\/li>\n<li>Ny utformning fr\u00e5n 3-faldige v\u00e4rldsm\u00e4staren Jamie Welsh<\/li>\n<li>Perfekt f\u00f6r att \u00f6ka antalet i din spridning<\/li>\n<li>Design i ett stycke<\/li>\n<li>Viktad k\u00f6l och sladdl\u00e5ssystem<\/li>\n<li>12-pack inkluderar: 12 handrakar<\/li>\n<li>Lockbetets l\u00e4ngd fr\u00e5n n\u00e4bb till stj\u00e4rt: 12 tum<\/li>\n<\/ul>\n<p><em>Final approach last pass flytande eurasisk bl\u00e4sand 12-pack<\/em><\/p>\n<p><strong>OBS: Best\u00e4llningar \u00e4r begr\u00e4nsade till en l\u00e5da p\u00e5 grund av storleken. Om du \u00e4r intresserad av fler, v\u00e4nligen kontakta oss direkt f\u00f6r att se \u00f6ver fraktkostnaderna. <\/strong><\/p>\n","protected":false},"excerpt":{"rendered":"<p>12-pack<\/p>\n","protected":false},"featured_media":256808,"comment_status":"open","ping_status":"closed","template":"","meta":[],"product_brand":[],"product_cat":[878],"product_tag":[],"class_list":{"0":"post-287027","1":"product","2":"type-product","3":"status-publish","4":"has-post-thumbnail","6":"product_cat-uncategorized-sv","7":"product_shipping_class-big-sv","9":"first","10":"outofstock","11":"taxable","12":"shipping-taxable","13":"purchasable","14":"product-type-simple"},"composite_virtual":false,"composite_layout":"","composite_add_to_cart_form_location":"","composite_editable_in_cart":false,"composite_sold_individually_context":"","composite_shop_price_calc":"","composite_components":[],"composite_scenarios":[],"group_of_quantity":0,"min_quantity":0,"max_quantity":"","exclude_order_quantity_value_rules":"no","exclude_category_quantity_rules":"no","combine_variations":"no","exclude_global_add_ons":[],"addons":[],"_links":{"self":[{"href":"https:\/\/www.huntersfriend.eu\/sv\/wp-json\/wp\/v2\/product\/287027","targetHints":{"allow":["GET"]}}],"collection":[{"href":"https:\/\/www.huntersfriend.eu\/sv\/wp-json\/wp\/v2\/product"}],"about":[{"href":"https:\/\/www.huntersfriend.eu\/sv\/wp-json\/wp\/v2\/types\/product"}],"replies":[{"embeddable":true,"href":"https:\/\/www.huntersfriend.eu\/sv\/wp-json\/wp\/v2\/comments?post=287027"}],"wp:featuredmedia":[{"embeddable":true,"href":"https:\/\/www.huntersfriend.eu\/sv\/wp-json\/wp\/v2\/media\/256808"}],"wp:attachment":[{"href":"https:\/\/www.huntersfriend.eu\/sv\/wp-json\/wp\/v2\/media?parent=287027"}],"wp:term":[{"taxonomy":"product_brand","embeddable":true,"href":"https:\/\/www.huntersfriend.eu\/sv\/wp-json\/wp\/v2\/product_brand?post=287027"},{"taxonomy":"product_cat","embeddable":true,"href":"https:\/\/www.huntersfriend.eu\/sv\/wp-json\/wp\/v2\/product_cat?post=287027"},{"taxonomy":"product_tag","embeddable":true,"href":"https:\/\/www.huntersfriend.eu\/sv\/wp-json\/wp\/v2\/product_tag?post=287027"}],"curies":[{"name":"wp","href":"https:\/\/api.w.org\/{rel}","templated":true}]}}