{"id":287024,"date":"2023-10-06T00:24:08","date_gmt":"2023-10-05T22:24:08","guid":{"rendered":"https:\/\/www.huntersfriend.eu\/product\/final-approach-live-series-mallard-helflockad\/"},"modified":"2026-02-25T08:16:19","modified_gmt":"2026-02-25T06:16:19","slug":"final-approach-live-series-mallard-helflockad","status":"publish","type":"product","link":"https:\/\/www.huntersfriend.eu\/sv\/produkt\/final-approach-live-series-mallard-helflockad\/","title":{"rendered":"Final Approach Live Series Mallard, helflockad"},"content":{"rendered":"<p>Dessa lockf\u00e5glar kommer till och med att f\u00e5 dig att tro att de \u00e4r levande \u00e4nder. Kombinationen av huvudpositioner efterliknar det naturliga beteendet hos \u00e4nder p\u00e5 vattnet. Fj\u00e4derdetaljerna, den verklighetstrogna f\u00e4rgs\u00e4ttningen och att de \u00e4r helflockade g\u00f6r att dessa lockf\u00e5glar sticker ut. V\u00e5ra Live Series Mallards kommer snabbt att bli dina favoritlockf\u00e5glar i din spridning.   <\/p>\n<ul>\n<li>6-pack<\/li>\n<li>Robust uppgraderad plast samt en uppgraderad f\u00e4rgs\u00e4ttning!<\/li>\n<li>Fantastiska &#8221;LIVE&#8221; fj\u00e4derdetaljer tillhandah\u00e5llna av 17-faldiga v\u00e4rldsm\u00e4staren Pat Godin.<\/li>\n<li>N\u00e5got \u00f6verdimensionerad<\/li>\n<li>Design i ett stycke<\/li>\n<li>Hel flockad f\u00f6r det ultimata inom realism.<\/li>\n<li>Inkluderar: 1 drickande drake, 1 betande drake, 1 drake uppr\u00e4tt, 1 drake l\u00e5gt huvud, 1 honkalla, 1 honbete.<\/li>\n<\/ul>\n<p><strong>Best\u00e4llningar \u00e4r begr\u00e4nsade till 2 l\u00e5dor p\u00e5 grund av storleken. Om du \u00e4r intresserad av fler, v\u00e4nligen kontakta oss direkt f\u00f6r att se om fraktkostnader. <\/strong><\/p>\n","protected":false},"excerpt":{"rendered":"<p>6-pack<\/p>\n","protected":false},"featured_media":255228,"comment_status":"open","ping_status":"closed","template":"","meta":[],"product_brand":[],"product_cat":[878],"product_tag":[],"class_list":{"0":"post-287024","1":"product","2":"type-product","3":"status-publish","4":"has-post-thumbnail","6":"product_cat-uncategorized-sv","7":"product_shipping_class-big-sv","9":"first","10":"outofstock","11":"taxable","12":"shipping-taxable","13":"purchasable","14":"product-type-simple"},"composite_virtual":false,"composite_layout":"","composite_add_to_cart_form_location":"","composite_editable_in_cart":false,"composite_sold_individually_context":"","composite_shop_price_calc":"","composite_components":[],"composite_scenarios":[],"group_of_quantity":0,"min_quantity":0,"max_quantity":"","exclude_order_quantity_value_rules":"no","exclude_category_quantity_rules":"no","combine_variations":"no","exclude_global_add_ons":[],"addons":[],"_links":{"self":[{"href":"https:\/\/www.huntersfriend.eu\/sv\/wp-json\/wp\/v2\/product\/287024","targetHints":{"allow":["GET"]}}],"collection":[{"href":"https:\/\/www.huntersfriend.eu\/sv\/wp-json\/wp\/v2\/product"}],"about":[{"href":"https:\/\/www.huntersfriend.eu\/sv\/wp-json\/wp\/v2\/types\/product"}],"replies":[{"embeddable":true,"href":"https:\/\/www.huntersfriend.eu\/sv\/wp-json\/wp\/v2\/comments?post=287024"}],"wp:featuredmedia":[{"embeddable":true,"href":"https:\/\/www.huntersfriend.eu\/sv\/wp-json\/wp\/v2\/media\/255228"}],"wp:attachment":[{"href":"https:\/\/www.huntersfriend.eu\/sv\/wp-json\/wp\/v2\/media?parent=287024"}],"wp:term":[{"taxonomy":"product_brand","embeddable":true,"href":"https:\/\/www.huntersfriend.eu\/sv\/wp-json\/wp\/v2\/product_brand?post=287024"},{"taxonomy":"product_cat","embeddable":true,"href":"https:\/\/www.huntersfriend.eu\/sv\/wp-json\/wp\/v2\/product_cat?post=287024"},{"taxonomy":"product_tag","embeddable":true,"href":"https:\/\/www.huntersfriend.eu\/sv\/wp-json\/wp\/v2\/product_tag?post=287024"}],"curies":[{"name":"wp","href":"https:\/\/api.w.org\/{rel}","templated":true}]}}