{"id":287023,"date":"2023-09-07T09:16:23","date_gmt":"2023-09-07T07:16:23","guid":{"rendered":"https:\/\/www.huntersfriend.eu\/product\/huntworth-performance-fleece-mossa-med-foder\/"},"modified":"2025-08-26T14:47:38","modified_gmt":"2025-08-26T12:47:38","slug":"huntworth-performance-fleece-mossa-med-foder","status":"publish","type":"product","link":"https:\/\/www.huntersfriend.eu\/sv\/produkt\/huntworth-performance-fleece-mossa-med-foder\/","title":{"rendered":"Huntworth performance fleece-m\u00f6ssa med foder"},"content":{"rendered":"<p>Carthage heavyweight, vattent\u00e4t, l\u00e5ngh\u00e5rig fleecefodrad m\u00f6ssa f\u00f6r m\u00e4n i Snow Camo erbjuder otrolig v\u00e4rme och torrhet. Du kommer att f\u00f6rbli skarp och redo, oavsett den vintriga temperaturen. <\/p>\n<p><strong>Carthage heavyweight, vattent\u00e4t fodrad m\u00f6ssa i Snow Camo<\/strong> \u00e4r v\u00e5r varmaste m\u00f6ssa f\u00f6r kalla, sn\u00f6iga jakter. Snow Camo-jaktm\u00f6ssan \u00e4r tillverkad med ett vintervitt m\u00f6nster och \u00e4r konstruerad med en tyst stretch performance-fleece. Den har en Hydrashield\u00ae vattent\u00e4t, ventilerande insats f\u00f6r att h\u00e5lla huvudet torrt och en DWR-finish som st\u00f6ter bort l\u00e4tt fukt fr\u00e5n tygytan.  <\/p>\n<p>M\u00f6ssan \u00e4r helt fodrad med en tjock, l\u00e5ngh\u00e5rig fleece som omsluter ditt huvud och dina \u00f6ron i ett lager av otrolig v\u00e4rme. Stretch performance-fleecen s\u00e4kerst\u00e4ller en bekv\u00e4m passform. <\/p>\n<p>H\u00e5ll dig varm och go n\u00e4r sn\u00f6n b\u00f6rjar falla. Lita p\u00e5 att Snow Camo-m\u00f6nstrade m\u00f6ssan levererar v\u00e4rmen och skyddet f\u00f6r alla vinterjakter. <\/p>\n","protected":false},"excerpt":{"rendered":"<p>Carthage heavyweight, vattent\u00e4t, l\u00e5ngh\u00e5rig fleecefodrad m\u00f6ssa f\u00f6r m\u00e4n i Snow Camo erbjuder otrolig v\u00e4rme och torrhet. Du kommer att f\u00f6rbli skarp och redo, oavsett den vintriga temperaturen. Carthage heavyweight, vattent\u00e4t fodrad m\u00f6ssa i Snow Camo \u00e4r v\u00e5r varmaste m\u00f6ssa f\u00f6r kalla, sn\u00f6iga jakter. Snow Camo-jaktm\u00f6ssan \u00e4r tillverkad med ett vintervitt m\u00f6nster och \u00e4r konstruerad med [&#8230;]\n","protected":false},"featured_media":253308,"comment_status":"open","ping_status":"closed","template":"","meta":[],"product_brand":[],"product_cat":[878],"product_tag":[],"class_list":{"0":"post-287023","1":"product","2":"type-product","3":"status-publish","4":"has-post-thumbnail","6":"product_cat-uncategorized-sv","8":"first","9":"outofstock","10":"taxable","11":"shipping-taxable","12":"purchasable","13":"product-type-variable"},"composite_virtual":false,"composite_layout":"","composite_add_to_cart_form_location":"","composite_editable_in_cart":false,"composite_sold_individually_context":"","composite_shop_price_calc":"","composite_components":[],"composite_scenarios":[],"group_of_quantity":0,"min_quantity":0,"max_quantity":"","exclude_order_quantity_value_rules":"no","exclude_category_quantity_rules":"no","combine_variations":"no","exclude_global_add_ons":[],"addons":[],"_links":{"self":[{"href":"https:\/\/www.huntersfriend.eu\/sv\/wp-json\/wp\/v2\/product\/287023","targetHints":{"allow":["GET"]}}],"collection":[{"href":"https:\/\/www.huntersfriend.eu\/sv\/wp-json\/wp\/v2\/product"}],"about":[{"href":"https:\/\/www.huntersfriend.eu\/sv\/wp-json\/wp\/v2\/types\/product"}],"replies":[{"embeddable":true,"href":"https:\/\/www.huntersfriend.eu\/sv\/wp-json\/wp\/v2\/comments?post=287023"}],"wp:featuredmedia":[{"embeddable":true,"href":"https:\/\/www.huntersfriend.eu\/sv\/wp-json\/wp\/v2\/media\/253308"}],"wp:attachment":[{"href":"https:\/\/www.huntersfriend.eu\/sv\/wp-json\/wp\/v2\/media?parent=287023"}],"wp:term":[{"taxonomy":"product_brand","embeddable":true,"href":"https:\/\/www.huntersfriend.eu\/sv\/wp-json\/wp\/v2\/product_brand?post=287023"},{"taxonomy":"product_cat","embeddable":true,"href":"https:\/\/www.huntersfriend.eu\/sv\/wp-json\/wp\/v2\/product_cat?post=287023"},{"taxonomy":"product_tag","embeddable":true,"href":"https:\/\/www.huntersfriend.eu\/sv\/wp-json\/wp\/v2\/product_tag?post=287023"}],"curies":[{"name":"wp","href":"https:\/\/api.w.org\/{rel}","templated":true}]}}