{"id":287019,"date":"2023-09-07T09:07:00","date_gmt":"2023-09-07T07:07:00","guid":{"rendered":"https:\/\/www.huntersfriend.eu\/product\/huntworth-tech-barrow-handske\/"},"modified":"2025-08-26T14:47:37","modified_gmt":"2025-08-26T12:47:37","slug":"huntworth-tech-barrow-handske","status":"publish","type":"product","link":"https:\/\/www.huntersfriend.eu\/sv\/produkt\/huntworth-tech-barrow-handske\/","title":{"rendered":"Huntworth tech barrow-handske"},"content":{"rendered":"<p><strong>Barrow heavyweight soft shell-handskarna f\u00f6r herrar i Tarnen-kamouflage \u00e4r tillverkade med Heat Boost grafen-teknik f\u00f6r l\u00e5ngvarig v\u00e4rme hela dagen utan den bulk som f\u00f6rknippas med handskar f\u00f6r kallt v\u00e4der. <\/strong>V\u00e5r design anv\u00e4nder Heat Boost grafen-sherpa f\u00f6r att ge kontinuerlig v\u00e4rme och den sammanfogade konstruktionen av en soft shell-handske f\u00f6r att s\u00e4kerst\u00e4lla fingerf\u00e4rdighet.<\/p>\n<p>Handskarna \u00e4r byggda f\u00f6r att du ska kunna forts\u00e4tta jaga, \u00e4ven n\u00e4r temperaturen sjunker. Yttermaterialet \u00e4r en 4-v\u00e4gs stretchad, ruggad polyester med en DWR-finish som st\u00f6ter bort l\u00e4tt fukt. Den \u00e4r sammanfogad med en film som hindrar kyliga vindar fr\u00e5n att tr\u00e4nga igenom och Heat Boost\u2122 grafen-sherpa f\u00f6r isolerande v\u00e4rme. Fingertoppar som \u00e4r kompatibla med peksk\u00e4rmar g\u00f6r att du kan anv\u00e4nda dina enheter. Den extrema f\u00f6rb\u00f6jda fingerkonstruktionen g\u00f6r att handskarna formar sig efter din hands form, vilket ger en mer naturlig passform. En robust handflata i syntetiskt l\u00e4der ger precis r\u00e4tt m\u00e4ngd grepp s\u00e5 att inget glider ur dina h\u00e4nder.     <\/p>\n<p>Grafen revolutionerar hur man g\u00f6r extremt varma och flexibla handskar f\u00f6r kallt v\u00e4der. Att sticka in grafengarn i v\u00e5rt sherpa-fodermaterial h\u00e5ller det l\u00e4tt samtidigt som det superladdas med den termiska ledningsf\u00f6rm\u00e5gan, fukttransporterande och antimikrobiella egenskaper som \u00e4r inneboende i grafen. Det g\u00f6r det ocks\u00e5 30 % varmare \u00e4n v\u00e5r traditionella sherpa-fleece. Den ultimata jakt handsken f\u00f6r kallt v\u00e4der under sen s\u00e4song. Den har allt du beh\u00f6ver &#8211; formpassande, ultratyst och f\u00f6rv\u00e5nansv\u00e4rt varm. L\u00e5t inte kalla fingrar driva dig inomhus. Er\u00f6vra kylan f\u00f6r att stanna ute l\u00e4ngre.      <\/p>\n","protected":false},"excerpt":{"rendered":"<p>Barrow heavyweight soft shell-handskarna f\u00f6r herrar i Tarnen-kamouflage \u00e4r tillverkade med Heat Boost grafen-teknik f\u00f6r l\u00e5ngvarig v\u00e4rme hela dagen utan den bulk som f\u00f6rknippas med handskar f\u00f6r kallt v\u00e4der. V\u00e5r design anv\u00e4nder Heat Boost grafen-sherpa f\u00f6r att ge kontinuerlig v\u00e4rme och den sammanfogade konstruktionen av en soft shell-handske f\u00f6r att s\u00e4kerst\u00e4lla fingerf\u00e4rdighet. Handskarna \u00e4r byggda [&#8230;]\n","protected":false},"featured_media":253318,"comment_status":"open","ping_status":"closed","template":"","meta":[],"product_brand":[],"product_cat":[2809],"product_tag":[],"class_list":{"0":"post-287019","1":"product","2":"type-product","3":"status-publish","4":"has-post-thumbnail","6":"product_cat-handskar","8":"first","9":"instock","10":"taxable","11":"shipping-taxable","12":"purchasable","13":"product-type-variable"},"composite_virtual":false,"composite_layout":"","composite_add_to_cart_form_location":"","composite_editable_in_cart":false,"composite_sold_individually_context":"","composite_shop_price_calc":"","composite_components":[],"composite_scenarios":[],"group_of_quantity":0,"min_quantity":0,"max_quantity":"","exclude_order_quantity_value_rules":"no","exclude_category_quantity_rules":"no","combine_variations":"no","exclude_global_add_ons":[],"addons":[],"_links":{"self":[{"href":"https:\/\/www.huntersfriend.eu\/sv\/wp-json\/wp\/v2\/product\/287019","targetHints":{"allow":["GET"]}}],"collection":[{"href":"https:\/\/www.huntersfriend.eu\/sv\/wp-json\/wp\/v2\/product"}],"about":[{"href":"https:\/\/www.huntersfriend.eu\/sv\/wp-json\/wp\/v2\/types\/product"}],"replies":[{"embeddable":true,"href":"https:\/\/www.huntersfriend.eu\/sv\/wp-json\/wp\/v2\/comments?post=287019"}],"wp:featuredmedia":[{"embeddable":true,"href":"https:\/\/www.huntersfriend.eu\/sv\/wp-json\/wp\/v2\/media\/253318"}],"wp:attachment":[{"href":"https:\/\/www.huntersfriend.eu\/sv\/wp-json\/wp\/v2\/media?parent=287019"}],"wp:term":[{"taxonomy":"product_brand","embeddable":true,"href":"https:\/\/www.huntersfriend.eu\/sv\/wp-json\/wp\/v2\/product_brand?post=287019"},{"taxonomy":"product_cat","embeddable":true,"href":"https:\/\/www.huntersfriend.eu\/sv\/wp-json\/wp\/v2\/product_cat?post=287019"},{"taxonomy":"product_tag","embeddable":true,"href":"https:\/\/www.huntersfriend.eu\/sv\/wp-json\/wp\/v2\/product_tag?post=287019"}],"curies":[{"name":"wp","href":"https:\/\/api.w.org\/{rel}","templated":true}]}}