{"id":287018,"date":"2023-10-04T00:38:11","date_gmt":"2023-10-03T22:38:11","guid":{"rendered":"https:\/\/www.huntersfriend.eu\/product\/last-chance-hs4-bagvag\/"},"modified":"2026-03-17T15:32:10","modified_gmt":"2026-03-17T13:32:10","slug":"last-chance-hs4-bagvag","status":"publish","type":"product","link":"https:\/\/www.huntersfriend.eu\/sv\/produkt\/last-chance-hs4-bagvag\/","title":{"rendered":"Last Chance HS4 b\u00e5gv\u00e5g"},"content":{"rendered":"<p id=\"yui_3_17_2_1_1696840808187_760\" class=\"\">HS4 \u00e4r en nyutvecklad v\u00e5g som fr\u00e4mst anv\u00e4nds f\u00f6r pilb\u00e5gsutrustning. Last Chance Archery har byggt vidare p\u00e5 sin kunskap och str\u00e4var efter att g\u00f6ra varje v\u00e5g \u00f6verl\u00e4gsen den f\u00f6rra. V\u00e5rt m\u00e5l \u00e4r att g\u00f6ra varje v\u00e5g s\u00e4krare, av h\u00f6gre kvalitet, med fler funktioner och enklare att anv\u00e4nda. Den h\u00e4r v\u00e5gen \u00e4r extremt stark och h\u00e5llbar, med en maximal viktkapacitet p\u00e5 50 kg. Den har ett yttre skal av aluminium, funktioner f\u00f6r h\u00f6gsta\/l\u00e4gsta vikt, en nyligen tillagd avl\u00e4sning av &#8221;let-off&#8221; i procent och en intern inst\u00e4llning f\u00f6r att v\u00e4ga bagage, fisk eller kalkoner. Med den h\u00e4r v\u00e5gen kan du enkelt l\u00e4sa av din b\u00e5ges toppvikt, h\u00e5llvikt eller &#8221;let-off&#8221; i procent direkt p\u00e5 v\u00e5gens LCD-sk\u00e4rm med ett enda drag i b\u00e5gen.     <\/p>\n<p class=\"\">Superjustera med exakta viktm\u00e4tningar av b\u00e5gen<\/p>\n<p class=\"\"><strong>Funktioner:<\/strong><\/p>\n<p class=\"\">\u2022 Exakt, noggrann, p\u00e5litlig<\/p>\n<p class=\"\">\u2022 LED digital display<\/p>\n<p class=\"\">\u2022 Avl\u00e4sning av h\u00f6gsta + l\u00e4gsta vikt (LB eller KG)<\/p>\n<p class=\"\">\u2022 Procentuell avl\u00e4sning av &#8221;Let-Off&#8221;<\/p>\n<p class=\"\">\u2022 Stark och h\u00e5llbar upp till 50 kg.<\/p>\n<p class=\"\">\u2022 Stor krok f\u00f6r enkel fasts\u00e4ttning av \u00f6gla<\/p>\n<p class=\"\">\u2022 F\u00f6rst\u00e4rkt yttre skal av aluminium<\/p>\n<p class=\"\">\u2022 Viktfunktion f\u00f6r bagage\/fisk\/kalkon<\/p>\n<p class=\"\">\u2022 Rept\u00e5lig pulverlackering<\/p>\n","protected":false},"excerpt":{"rendered":"<p>HS4 \u00e4r en nyutvecklad v\u00e5g som fr\u00e4mst anv\u00e4nds f\u00f6r pilb\u00e5gsutrustning. Last Chance Archery har byggt vidare p\u00e5 sin kunskap och str\u00e4var efter att g\u00f6ra varje v\u00e5g \u00f6verl\u00e4gsen den f\u00f6rra. V\u00e5rt m\u00e5l \u00e4r att g\u00f6ra varje v\u00e5g s\u00e4krare, av h\u00f6gre kvalitet, med fler funktioner och enklare att anv\u00e4nda. Den h\u00e4r v\u00e5gen \u00e4r extremt stark och h\u00e5llbar, [&#8230;]\n","protected":false},"featured_media":255243,"comment_status":"open","ping_status":"closed","template":"","meta":[],"product_brand":[],"product_cat":[2632],"product_tag":[],"class_list":{"0":"post-287018","1":"product","2":"type-product","3":"status-publish","4":"has-post-thumbnail","6":"product_cat-vagar-och-kronografer","8":"first","9":"instock","10":"taxable","11":"shipping-taxable","12":"purchasable","13":"product-type-simple"},"composite_virtual":false,"composite_layout":"","composite_add_to_cart_form_location":"","composite_editable_in_cart":false,"composite_sold_individually_context":"","composite_shop_price_calc":"","composite_components":[],"composite_scenarios":[],"group_of_quantity":0,"min_quantity":0,"max_quantity":"","exclude_order_quantity_value_rules":"no","exclude_category_quantity_rules":"no","combine_variations":"no","exclude_global_add_ons":[],"addons":[],"_links":{"self":[{"href":"https:\/\/www.huntersfriend.eu\/sv\/wp-json\/wp\/v2\/product\/287018","targetHints":{"allow":["GET"]}}],"collection":[{"href":"https:\/\/www.huntersfriend.eu\/sv\/wp-json\/wp\/v2\/product"}],"about":[{"href":"https:\/\/www.huntersfriend.eu\/sv\/wp-json\/wp\/v2\/types\/product"}],"replies":[{"embeddable":true,"href":"https:\/\/www.huntersfriend.eu\/sv\/wp-json\/wp\/v2\/comments?post=287018"}],"wp:featuredmedia":[{"embeddable":true,"href":"https:\/\/www.huntersfriend.eu\/sv\/wp-json\/wp\/v2\/media\/255243"}],"wp:attachment":[{"href":"https:\/\/www.huntersfriend.eu\/sv\/wp-json\/wp\/v2\/media?parent=287018"}],"wp:term":[{"taxonomy":"product_brand","embeddable":true,"href":"https:\/\/www.huntersfriend.eu\/sv\/wp-json\/wp\/v2\/product_brand?post=287018"},{"taxonomy":"product_cat","embeddable":true,"href":"https:\/\/www.huntersfriend.eu\/sv\/wp-json\/wp\/v2\/product_cat?post=287018"},{"taxonomy":"product_tag","embeddable":true,"href":"https:\/\/www.huntersfriend.eu\/sv\/wp-json\/wp\/v2\/product_tag?post=287018"}],"curies":[{"name":"wp","href":"https:\/\/api.w.org\/{rel}","templated":true}]}}