{"id":287010,"date":"2023-10-04T00:26:04","date_gmt":"2023-10-03T22:26:04","guid":{"rendered":"https:\/\/www.huntersfriend.eu\/product\/huntworth-ackley-hangselbyxa\/"},"modified":"2025-08-26T14:47:36","modified_gmt":"2025-08-26T12:47:36","slug":"huntworth-ackley-hangselbyxa","status":"publish","type":"product","link":"https:\/\/www.huntersfriend.eu\/sv\/produkt\/huntworth-ackley-hangselbyxa\/","title":{"rendered":"Huntworth ackley h\u00e4ngselbyxa"},"content":{"rendered":"<p><strong>De ofodrade Ackley-h\u00e4ngselbyxorna i mikrofiber i Snow Camo<\/strong> \u00e4r perfekta n\u00e4r du bara beh\u00f6ver snabb kamouflage f\u00f6r en sen vinterjakt. Snow Camo-h\u00e4ngselbyxorna \u00e4r tillverkade i Huntworths vintervita m\u00f6nster och har en vattent\u00e4t polyuretanbel\u00e4ggning applicerad p\u00e5 det slitstarka mikrofiberskalet. De har 100 % tejpade s\u00f6mmar f\u00f6r att f\u00f6rhindra l\u00e4ckage och ett sl\u00e4tt polyesterfoder som g\u00f6r dem l\u00e4tta att dra p\u00e5.  <\/p>\n<p>Dessa h\u00e4ngselbyxor har manschettflikar med kardborreband f\u00f6r att skapa en t\u00e4t f\u00f6rslutning och justerbara axelband f\u00f6r att f\u00e5 r\u00e4tt passform. De \u00e4r rymligt skurna f\u00f6r att passa \u00f6ver andra plagg som inte \u00e4r vattent\u00e4ta. De kan vikas ihop snyggt s\u00e5 att du enkelt kan f\u00f6rvara dem.  <\/p>\n<p>De ofodrade Snow Camo-h\u00e4ngselbyxorna ger dig snabb, vit kamouflage.<\/p>\n<h3><b>Funktioner:<\/b><\/h3>\n<ul>\n<li><strong>Skal:<\/strong> Slitstarkt mikrofiberskal med en polyuretanbel\u00e4ggning. 100 % polyester. <\/li>\n<li><strong>Foder:<\/strong> Polyesterfoder<\/li>\n<li><strong>Vattent\u00e4t:<\/strong> 100 % vattent\u00e4t med tejpade s\u00f6mmar<\/li>\n<li><strong>Ben:<\/strong> Benmuddarna har ett justeringsb\u00e4lte med kardborreband<\/li>\n<li><strong>Funktion:<\/strong> Res\u00e5r i ryggen i midjan och justerbara v\u00e4vband<\/li>\n<li><strong>Plaggets vikt:<\/strong> 1,0 lbs f\u00f6r storlek XL.<\/li>\n<\/ul>\n","protected":false},"excerpt":{"rendered":"<p>Sn\u00f6camo<\/p>\n","protected":false},"featured_media":255176,"comment_status":"open","ping_status":"closed","template":"","meta":[],"product_brand":[],"product_cat":[2814],"product_tag":[],"class_list":{"0":"post-287010","1":"product","2":"type-product","3":"status-publish","4":"has-post-thumbnail","6":"product_cat-byxor-sv","8":"first","9":"outofstock","10":"taxable","11":"shipping-taxable","12":"purchasable","13":"product-type-variable"},"composite_virtual":false,"composite_layout":"","composite_add_to_cart_form_location":"","composite_editable_in_cart":false,"composite_sold_individually_context":"","composite_shop_price_calc":"","composite_components":[],"composite_scenarios":[],"group_of_quantity":0,"min_quantity":0,"max_quantity":"","exclude_order_quantity_value_rules":"no","exclude_category_quantity_rules":"no","combine_variations":"no","exclude_global_add_ons":[],"addons":[],"_links":{"self":[{"href":"https:\/\/www.huntersfriend.eu\/sv\/wp-json\/wp\/v2\/product\/287010","targetHints":{"allow":["GET"]}}],"collection":[{"href":"https:\/\/www.huntersfriend.eu\/sv\/wp-json\/wp\/v2\/product"}],"about":[{"href":"https:\/\/www.huntersfriend.eu\/sv\/wp-json\/wp\/v2\/types\/product"}],"replies":[{"embeddable":true,"href":"https:\/\/www.huntersfriend.eu\/sv\/wp-json\/wp\/v2\/comments?post=287010"}],"wp:featuredmedia":[{"embeddable":true,"href":"https:\/\/www.huntersfriend.eu\/sv\/wp-json\/wp\/v2\/media\/255176"}],"wp:attachment":[{"href":"https:\/\/www.huntersfriend.eu\/sv\/wp-json\/wp\/v2\/media?parent=287010"}],"wp:term":[{"taxonomy":"product_brand","embeddable":true,"href":"https:\/\/www.huntersfriend.eu\/sv\/wp-json\/wp\/v2\/product_brand?post=287010"},{"taxonomy":"product_cat","embeddable":true,"href":"https:\/\/www.huntersfriend.eu\/sv\/wp-json\/wp\/v2\/product_cat?post=287010"},{"taxonomy":"product_tag","embeddable":true,"href":"https:\/\/www.huntersfriend.eu\/sv\/wp-json\/wp\/v2\/product_tag?post=287010"}],"curies":[{"name":"wp","href":"https:\/\/api.w.org\/{rel}","templated":true}]}}