{"id":287009,"date":"2023-09-07T09:06:57","date_gmt":"2023-09-07T07:06:57","guid":{"rendered":"https:\/\/www.huntersfriend.eu\/product\/huntworth-stealth-handskar\/"},"modified":"2025-08-26T14:47:36","modified_gmt":"2025-08-26T12:47:36","slug":"huntworth-stealth-handskar","status":"publish","type":"product","link":"https:\/\/www.huntersfriend.eu\/sv\/produkt\/huntworth-stealth-handskar\/","title":{"rendered":"Huntworth stealth-handskar"},"content":{"rendered":"<p><span class=\"jCAhz ChMk0b\"><span class=\"ryNqvb\">Huntworth Stealth l\u00e4tta jakt handskar \u00e4r ett utm\u00e4rkt val f\u00f6r varmt tidigt s\u00e4songsv\u00e4der som det \u00e4r, eller till och med som en underhandske i kallare v\u00e4der.<\/span><\/span> <span class=\"jCAhz ChMk0b\"><span class=\"ryNqvb\">Det 4-v\u00e4gs stretch Actistretch-tyget garanterar en behaglig passform och en bra k\u00e4nsla n\u00e4r du beh\u00f6ver det.<\/span><\/span> <span class=\"jCAhz ChMk0b\"><span class=\"ryNqvb\">Handskens yttermaterial \u00e4r riktigt tyst och effektivt vattenavvisande.<\/span><\/span> <span class=\"jCAhz ChMk0b\"><span class=\"ryNqvb\">Handf\u00f6rst\u00e4rkning av syntetiskt l\u00e4der garanterar ett bra grepp och \u00f6kar handskarnas livsl\u00e4ngd.<\/span><\/span> <span class=\"jCAhz ChMk0b\"><span class=\"ryNqvb\">\u00c4ven att anv\u00e4nda en smartphone i passet \u00e4r enkelt, eftersom dessa handskar har en peksk\u00e4rmsfunktion!<\/span><\/span> <span class=\"jCAhz ChMk0b\"><span class=\"ryNqvb\">Teknisk information:<\/span><\/span><\/p>\n<p><span class=\"jCAhz ChMk0b\"><span class=\"ryNqvb\">M\u00f6nster: tarnen<\/span><\/span><\/p>\n<p><span class=\"jCAhz ChMk0b\"><span class=\"ryNqvb\">Material: 4-v\u00e4gs Actistretch och Tuf-Stretch ribbstickning<\/span><\/span> <span class=\"jCAhz ChMk0b\"><span class=\"ryNqvb\">Palm material: <\/span><\/span> <\/p>\n<p><span class=\"jCAhz ChMk0b\"><span class=\"ryNqvb\">Slitstark f\u00f6rst\u00e4rkning i syntetiskt l\u00e4der<\/span><\/span><\/p>\n<p><span class=\"jCAhz ChMk0b\"><span class=\"ryNqvb\">Durable Water Repellent (DWR) vattenavvisande ytbehandling, <\/span><\/span>kardborreband vid handleden, peksk\u00e4rmsfunktion p\u00e5 fingertopparna<\/p>\n","protected":false},"excerpt":{"rendered":"<p>Huntworth Stealth l\u00e4tta jakt handskar \u00e4r ett utm\u00e4rkt val f\u00f6r varmt tidigt s\u00e4songsv\u00e4der som det \u00e4r, eller till och med som en underhandske i kallare v\u00e4der. Det 4-v\u00e4gs stretch Actistretch-tyget garanterar en behaglig passform och en bra k\u00e4nsla n\u00e4r du beh\u00f6ver det. Handskens yttermaterial \u00e4r riktigt tyst och effektivt vattenavvisande. Handf\u00f6rst\u00e4rkning av syntetiskt l\u00e4der garanterar [&#8230;]\n","protected":false},"featured_media":253335,"comment_status":"open","ping_status":"closed","template":"","meta":[],"product_brand":[],"product_cat":[2809],"product_tag":[],"class_list":{"0":"post-287009","1":"product","2":"type-product","3":"status-publish","4":"has-post-thumbnail","6":"product_cat-handskar","8":"first","9":"instock","10":"taxable","11":"shipping-taxable","12":"purchasable","13":"product-type-variable"},"composite_virtual":false,"composite_layout":"","composite_add_to_cart_form_location":"","composite_editable_in_cart":false,"composite_sold_individually_context":"","composite_shop_price_calc":"","composite_components":[],"composite_scenarios":[],"group_of_quantity":0,"min_quantity":0,"max_quantity":"","exclude_order_quantity_value_rules":"no","exclude_category_quantity_rules":"no","combine_variations":"no","exclude_global_add_ons":[],"addons":[],"_links":{"self":[{"href":"https:\/\/www.huntersfriend.eu\/sv\/wp-json\/wp\/v2\/product\/287009","targetHints":{"allow":["GET"]}}],"collection":[{"href":"https:\/\/www.huntersfriend.eu\/sv\/wp-json\/wp\/v2\/product"}],"about":[{"href":"https:\/\/www.huntersfriend.eu\/sv\/wp-json\/wp\/v2\/types\/product"}],"replies":[{"embeddable":true,"href":"https:\/\/www.huntersfriend.eu\/sv\/wp-json\/wp\/v2\/comments?post=287009"}],"wp:featuredmedia":[{"embeddable":true,"href":"https:\/\/www.huntersfriend.eu\/sv\/wp-json\/wp\/v2\/media\/253335"}],"wp:attachment":[{"href":"https:\/\/www.huntersfriend.eu\/sv\/wp-json\/wp\/v2\/media?parent=287009"}],"wp:term":[{"taxonomy":"product_brand","embeddable":true,"href":"https:\/\/www.huntersfriend.eu\/sv\/wp-json\/wp\/v2\/product_brand?post=287009"},{"taxonomy":"product_cat","embeddable":true,"href":"https:\/\/www.huntersfriend.eu\/sv\/wp-json\/wp\/v2\/product_cat?post=287009"},{"taxonomy":"product_tag","embeddable":true,"href":"https:\/\/www.huntersfriend.eu\/sv\/wp-json\/wp\/v2\/product_tag?post=287009"}],"curies":[{"name":"wp","href":"https:\/\/api.w.org\/{rel}","templated":true}]}}