{"id":286999,"date":"2023-10-04T00:26:02","date_gmt":"2023-10-03T22:26:02","guid":{"rendered":"https:\/\/www.huntersfriend.eu\/product\/huntworth-ackley-jacka\/"},"modified":"2025-12-26T23:17:51","modified_gmt":"2025-12-26T21:17:51","slug":"huntworth-ackley-jacka","status":"publish","type":"product","link":"https:\/\/www.huntersfriend.eu\/sv\/produkt\/huntworth-ackley-jacka\/","title":{"rendered":"Huntworth Ackley-jacka"},"content":{"rendered":"<p><strong>Ackley-jackan i mikrofiber utan isolering i Snow Camo<\/strong> \u00e4r perfekt n\u00e4r du bara beh\u00f6ver snabb kamouflage f\u00f6r en sen vinterjakt. Snow Camo-jackan \u00e4r tillverkad i Huntworths vintervita m\u00f6nster och har en vattent\u00e4t polyuretanbel\u00e4ggning applicerad p\u00e5 det slitstarka mikrofiberskalet. Den har 100 % tejpade s\u00f6mmar f\u00f6r att f\u00f6rhindra l\u00e4ckage och ett sl\u00e4tt polyesterfoder som g\u00f6r det enkelt att dra p\u00e5 den \u00f6ver en annan jacka.  <\/p>\n<p>Jackan har tv\u00e5 stora sidofickor med dragkedja f\u00f6r att f\u00f6rvara din utrustning, en justerbar huva och en dragsko i f\u00e5llen som m\u00f6jligg\u00f6r en anpassad passform. Den \u00e4r rymligt skuren f\u00f6r att passa \u00f6ver andra plagg som inte \u00e4r vattent\u00e4ta. Den kan vikas ihop snyggt f\u00f6r att enkelt f\u00f6rvaras i en ryggs\u00e4ck.  <\/p>\n<p>Den oisolerade Snow Camo-m\u00f6nstrade jackan ger dig snabb vit kamouflage.<\/p>\n<h3><b>Funktioner:<\/b><\/h3>\n<ul>\n<li><strong>Skal:<\/strong> Slitstarkt mikrofiberskal med polyuretanbel\u00e4ggning. 100 % polyester. <\/li>\n<li><strong>Foder:<\/strong> Polyesterfoder<\/li>\n<li><strong>Vattent\u00e4t:<\/strong> 100 % vattent\u00e4t med tejpade s\u00f6mmar<\/li>\n<li><strong>Huva:<\/strong> Justerbar 3-delad huva med elastisk dragsko i huvans f\u00e5ll och en justerbar rem mitt bak med kardborreband<\/li>\n<li><strong>Stormflik:<\/strong> Enkel stormflik med kardborreband<\/li>\n<li><strong>Fickor:<\/strong> Tv\u00e5 sidofickor med stormflik\/kn\u00e4ppning<\/li>\n<li><strong>Plaggets vikt:<\/strong> 0,5 kg f\u00f6r storlek XL.<\/li>\n<\/ul>\n","protected":false},"excerpt":{"rendered":"<p>Sn\u00f6camo<\/p>\n","protected":false},"featured_media":255192,"comment_status":"open","ping_status":"closed","template":"","meta":[],"product_brand":[],"product_cat":[2741],"product_tag":[],"class_list":{"0":"post-286999","1":"product","2":"type-product","3":"status-publish","4":"has-post-thumbnail","6":"product_cat-jackor","8":"first","9":"instock","10":"taxable","11":"shipping-taxable","12":"purchasable","13":"product-type-variable"},"composite_virtual":false,"composite_layout":"","composite_add_to_cart_form_location":"","composite_editable_in_cart":false,"composite_sold_individually_context":"","composite_shop_price_calc":"","composite_components":[],"composite_scenarios":[],"group_of_quantity":0,"min_quantity":0,"max_quantity":"","exclude_order_quantity_value_rules":"no","exclude_category_quantity_rules":"no","combine_variations":"no","exclude_global_add_ons":[],"addons":[],"_links":{"self":[{"href":"https:\/\/www.huntersfriend.eu\/sv\/wp-json\/wp\/v2\/product\/286999","targetHints":{"allow":["GET"]}}],"collection":[{"href":"https:\/\/www.huntersfriend.eu\/sv\/wp-json\/wp\/v2\/product"}],"about":[{"href":"https:\/\/www.huntersfriend.eu\/sv\/wp-json\/wp\/v2\/types\/product"}],"replies":[{"embeddable":true,"href":"https:\/\/www.huntersfriend.eu\/sv\/wp-json\/wp\/v2\/comments?post=286999"}],"wp:featuredmedia":[{"embeddable":true,"href":"https:\/\/www.huntersfriend.eu\/sv\/wp-json\/wp\/v2\/media\/255192"}],"wp:attachment":[{"href":"https:\/\/www.huntersfriend.eu\/sv\/wp-json\/wp\/v2\/media?parent=286999"}],"wp:term":[{"taxonomy":"product_brand","embeddable":true,"href":"https:\/\/www.huntersfriend.eu\/sv\/wp-json\/wp\/v2\/product_brand?post=286999"},{"taxonomy":"product_cat","embeddable":true,"href":"https:\/\/www.huntersfriend.eu\/sv\/wp-json\/wp\/v2\/product_cat?post=286999"},{"taxonomy":"product_tag","embeddable":true,"href":"https:\/\/www.huntersfriend.eu\/sv\/wp-json\/wp\/v2\/product_tag?post=286999"}],"curies":[{"name":"wp","href":"https:\/\/api.w.org\/{rel}","templated":true}]}}