{"id":286996,"date":"2023-10-14T00:26:10","date_gmt":"2023-10-13T22:26:10","guid":{"rendered":"https:\/\/www.huntersfriend.eu\/product\/pard-ta62-35lrf\/"},"modified":"2025-08-26T14:47:33","modified_gmt":"2025-08-26T12:47:33","slug":"pard-ta62-35lrf","status":"publish","type":"product","link":"https:\/\/www.huntersfriend.eu\/sv\/produkt\/pard-ta62-35lrf\/","title":{"rendered":"Pard TA62-35LRF"},"content":{"rendered":"<p>Pard TA62-35LRF \u00e4r en v\u00e4rmekamera f\u00f6r kr\u00e4vande anv\u00e4ndning eller f\u00f6r dem som beh\u00f6ver en l\u00e4tt enhet med toppfunktioner.<\/p>\n<p><img decoding=\"async\" src=\"https:\/\/www.uittokalusto.fi\/media\/wysiwyg\/TA-LRF-small-enough-to-pocket-1.jpg\" alt=\"\" width=\"400\" height=\"320\"><\/p>\n<p>TA62-35LRF \u00e4r mycket m\u00e5ngsidig och kan anv\u00e4ndas i en m\u00e4ngd olika scenarier. Enheten \u00e4r l\u00e4tt, handh\u00e5llen, i fickformat och l\u00e5ter dig komma n\u00e4ra din omgivning f\u00f6r unika m\u00f6ten med vilda djur. Den \u00e4r ocks\u00e5 l\u00e4tt att b\u00e4ra och passar bekv\u00e4mt i handflatan.  <\/p>\n<p><img decoding=\"async\" src=\"https:\/\/www.uittokalusto.fi\/media\/wysiwyg\/TA-LRF-extremely-sensitive-sensor-1.jpg\" alt=\"\" width=\"400\" height=\"321\"><\/p>\n<p><span style=\"font-size: 23.04px; color: #333333;\">Extremt k\u00e4nslig<\/span> <span style=\"font-size: 23.04px; color: #333333;\">sensor<\/span><\/p>\n<div class=\"elementor-element elementor-element-a4d8691 elementor-widget elementor-widget-heading\" data-id=\"a4d8691\" data-element_type=\"widget\" data-widget_type=\"heading.default\">\n<div class=\"elementor-widget-container\">\n<p class=\"elementor-heading-title elementor-size-default\">12\u03bcm v\u00e4rmebildssensor kan uppt\u00e4cka subtila temperaturskillnader och presentera perfekt bilddetalj i l\u00e5ga termiska kontrastf\u00f6rh\u00e5llanden som regn och dimma. Bildsensorn \u00e4r designad med avancerad teknik f\u00f6r att leverera organisk och rik bildbehandling trots d\u00e5ligt v\u00e4der. <\/p>\n<\/div>\n<\/div>\n<p><img decoding=\"async\" src=\"https:\/\/www.uittokalusto.fi\/media\/wysiwyg\/ta-lrf-IREA.jpg\" alt=\"\" width=\"400\" height=\"319\"><\/p>\n<div class=\"elementor-element elementor-element-6c967b7 elementor-widget elementor-widget-heading\" data-id=\"6c967b7\" data-element_type=\"widget\" data-widget_type=\"heading.default\">\n<div class=\"elementor-widget-container\">\n<h2 class=\"elementor-heading-title elementor-size-default\">Infrar\u00f6d bildf\u00f6rb\u00e4ttringsalgoritm (IREA)<\/h2>\n<\/div>\n<\/div>\n<div class=\"elementor-element elementor-element-ce43357 elementor-widget elementor-widget-heading\" data-id=\"ce43357\" data-element_type=\"widget\" data-widget_type=\"heading.default\">\n<div class=\"elementor-widget-container\">\n<p class=\"elementor-heading-title elementor-size-default\">PARD:s ultraklara bildalgoritm har snabb bearbetningshastighet och stark realtidsbildanpassningsf\u00f6rm\u00e5ga. IREA kan effektivt f\u00f6rb\u00e4ttra bilddetaljer genom att korrigera bildf\u00f6rvr\u00e4ngning, minska brus och f\u00f6rb\u00e4ttra kontrasten. <\/p>\n<\/div>\n<\/div>\n<p><img decoding=\"async\" src=\"https:\/\/www.uittokalusto.fi\/media\/wysiwyg\/TA-LRF-scene-modes.jpg\" alt=\"\" width=\"400\" height=\"320\"><\/p>\n<p><span style=\"font-size: 23.04px; color: #333333;\">3 scenl\u00e4gen<\/span><\/p>\n<div class=\"elementor-element elementor-element-3dafc33 elementor-widget elementor-widget-heading\" data-id=\"3dafc33\" data-element_type=\"widget\" data-widget_type=\"heading.default\">\n<div class=\"elementor-widget-container\">\n<p class=\"elementor-heading-title elementor-size-default\">Med en snabb omkopplingsfunktion f\u00f6r att v\u00e4lja mellan 3 scenl\u00e4gen (stad\/skog\/regn). Bilden justeras beroende p\u00e5 det valda scenl\u00e4get vilket ger exceptionell anpassningsf\u00f6rm\u00e5ga i olika milj\u00f6er. <\/p>\n<\/div>\n<\/div>\n<p><img decoding=\"async\" src=\"https:\/\/www.uittokalusto.fi\/media\/wysiwyg\/TA32-62-Series.jpg\" alt=\"\" width=\"334\" height=\"400\"><\/p>\n<p><span style=\"font-size: 23.04px; color: #333333;\">Flera f\u00e4rg<\/span><span style=\"font-size: 23.04px; color: #333333;\">paletter<\/span><\/p>\n<div class=\"elementor-element elementor-element-082f7bf elementor-widget elementor-widget-heading\" data-id=\"082f7bf\" data-element_type=\"widget\" data-widget_type=\"heading.default\">\n<div class=\"elementor-widget-container\">\n<p class=\"elementor-heading-title elementor-size-default\">Modellen har flera f\u00e4rgpaletter. Du kan v\u00e4lja vilken f\u00e4rgpalett som helst f\u00f6r att perfekt framh\u00e4va ett m\u00e5l. Anv\u00e4ndaren kan v\u00e4lja l\u00e4mplig f\u00e4rgpalett beroende p\u00e5 olika milj\u00f6bakgrunder under olika v\u00e4derf\u00f6r\u00e4ndringar.<br \/>\nTA32\/TA62\/TA62-LRF: Vit Hot\/Svart Hot\/R\u00f6d Hot\/J\u00e4rn Hot\/Sky\/Edge; TA32-LRF: Vit Hot\/Svart Hot\/R\u00f6d Hot\/Fusion1\/Fusion2\/J\u00e4rn R\u00f6d1\/J\u00e4rn R\u00f6d2;  <\/p>\n<\/div>\n<\/div>\n<p><img decoding=\"async\" src=\"https:\/\/www.uittokalusto.fi\/media\/wysiwyg\/TA-LRF-rangefinder-EU-mb.jpg\" alt=\"\" width=\"400\" height=\"267\"><\/p>\n<div class=\"elementor-element elementor-element-9343a77 elementor-widget elementor-widget-heading\" data-id=\"9343a77\" data-element_type=\"widget\" data-widget_type=\"heading.default\">\n<div class=\"elementor-widget-container\">\n<h2 class=\"elementor-heading-title elementor-size-default\">Jaga smartare med 1000 m avst\u00e5ndsm\u00e4tare<\/h2>\n<\/div>\n<\/div>\n<div class=\"elementor-element elementor-element-de67a23 elementor-widget elementor-widget-heading\" data-id=\"de67a23\" data-element_type=\"widget\" data-widget_type=\"heading.default\">\n<div class=\"elementor-widget-container\">\n<p class=\"elementor-heading-title elementor-size-default\"> Den nyutvecklade kompakta avst\u00e5ndsm\u00e4tarmodulen \u00e4r exakt och har snabb detekteringshastighet. LRF ger dig den avst\u00e5ndsinformation du beh\u00f6ver f\u00f6r att exakt uppt\u00e4cka vilt p\u00e5 avst\u00e5nd upp till 1000 m. <\/p>\n<\/div>\n<\/div>\n<p>&nbsp;<\/p>\n<p><span class=\"jCAhz ChMk0b\"><span class=\"ryNqvb\">Teknisk information<\/span><\/span> &#8211; <span class=\"jCAhz ChMk0b\"><span class=\"ryNqvb\">Modell TA62-LRF<\/span><\/span><\/p>\n<p><span class=\"jCAhz ChMk0b\"><span class=\"ryNqvb\">Censor<\/span><\/span><\/p>\n<p><span class=\"jCAhz ChMk0b\"><span class=\"ryNqvb\">Typ okyld VOx (vanadinoxid)<\/span><\/span><br \/>\n<span class=\"jCAhz ChMk0b\"><span class=\"ryNqvb\">Uppl\u00f6sning (px) 640*480<\/span><\/span><br \/>\n<span class=\"jCAhz ChMk0b\"><span class=\"ryNqvb\">Pixelstorlek (\u00b5m) 12*12<\/span><\/span><br \/>\n<span class=\"jCAhz ChMk0b\"><span class=\"ryNqvb\">NETD(mK) \u226425mK\uff080,025\u2103\uff09<\/span><\/span><br \/>\n<span class=\"jCAhz ChMk0b\"><span class=\"ryNqvb\">Bildhastighet (Hz) 50<\/span><\/span><br \/>\n<span class=\"jCAhz ChMk0b\"><span class=\"ryNqvb\">Observationsavst\u00e5nd, person(m) 1200\/1500<\/span><\/span><br \/>\n<span class=\"jCAhz ChMk0b\"><span class=\"ryNqvb\">Observationsavst\u00e5nd, fordon(m) 2500\/2900<\/span><\/span><br \/>\n<span class=\"jCAhz ChMk0b\"><span class=\"ryNqvb\"><br \/>\nOptik<\/span><\/span><br \/>\n<span class=\"jCAhz ChMk0b\"><span class=\"ryNqvb\">Linsstorlek (mm) 35<\/span><\/span><br \/>\n<span class=\"jCAhz ChMk0b\"><span class=\"ryNqvb\">Optisk f\u00f6rstoring(x) 1,6\/2,2<\/span><\/span><br \/>\n<span class=\"jCAhz ChMk0b\"><span class=\"ryNqvb\">Digital f\u00f6rstoring(x) 2x-4x-6x-8x<\/span><\/span><br \/>\n<span class=\"jCAhz ChMk0b\"><span class=\"ryNqvb\">PIP Zoom(x) 2X<\/span><\/span><br \/>\n<span class=\"jCAhz ChMk0b\"><span class=\"ryNqvb\">Kontinuerlig digital f\u00f6rstoring 1,6-25,6X\/2,2-35,2X<\/span><\/span><br \/>\n<span class=\"jCAhz ChMk0b\"><span class=\"ryNqvb\">Synf\u00e4ltsomf\u00e5ng (H\u00f6jd x Bredd) 17,5\/12,5\u00b0<\/span><\/span> <span class=\"jCAhz ChMk0b\"><span class=\"ryNqvb\">13,1\u00b0\/9,4\u00b0<\/span><\/span> <span class=\"jCAhz ChMk0b\"><span class=\"ryNqvb\">21,7\u00b0\/15,6\u00b0<\/span><\/span><br \/>\n<span class=\"jCAhz ChMk0b\"><span class=\"ryNqvb\">\u00d6gonavst\u00e5nd (mm) 20<br \/>\n<\/span><\/span> <span class=\"jCAhz ChMk0b\"><span class=\"ryNqvb\">Dioptrijustering(D) \u00b15D<\/span><\/span><br \/>\n<span class=\"jCAhz ChMk0b\"><span class=\"ryNqvb\"><br \/>\nDisplay<\/span><\/span> <span class=\"jCAhz ChMk0b\"><span class=\"ryNqvb\">typ<br \/>\nAMOLED<\/span><\/span> <span class=\"jCAhz ChMk0b\"><span class=\"ryNqvb\">uppl\u00f6sning(px) 1024*768<\/span><\/span><br \/>\n<span class=\"jCAhz ChMk0b\"><span class=\"ryNqvb\">Stilar stad, Regn, Skog<\/span><\/span><br \/>\n<span class=\"jCAhz ChMk0b\"><span class=\"ryNqvb\">F\u00e4rgl\u00e4gen WT-HOT,BK-HOT,EDGE,RD-HOT,IN-HOT,Sky<\/span><\/span><br \/>\n<span class=\"jCAhz ChMk0b\"><span class=\"ryNqvb\">Bild \/ Video<\/span><\/span> <span class=\"jCAhz ChMk0b\"><span class=\"ryNqvb\">Bilduppl\u00f6sning(px) 2592*1944<\/span><\/span><br \/>\n<span class=\"jCAhz ChMk0b\"><span class=\"ryNqvb\">Bildformat .JPG<\/span><\/span> <span class=\"jCAhz ChMk0b\"><span class=\"ryNqvb\">Videouppl\u00f6sning (px) 1024*768<\/span><\/span><br \/>\n<span class=\"jCAhz ChMk0b\"><span class=\"ryNqvb\">Videoformat .MP4<\/span><\/span><br \/>\n<span class=\"jCAhz ChMk0b\"><span class=\"ryNqvb\">Minne (GB) TF-kort (128 GB maximalt)<\/span><\/span><br \/>\n<span class=\"jCAhz ChMk0b\"><span class=\"ryNqvb\">Bildf\u00f6rb\u00e4ttring Pard IREA<\/span><\/span><\/p>\n<p><span class=\"jCAhz ChMk0b\"><span class=\"ryNqvb\">Huvudfunktioner<br \/>\n<\/span><\/span><span class=\"jCAhz ChMk0b\"><span class=\"ryNqvb\">LRF avst\u00e5ndsm\u00e4tning (m) 1000<\/span><\/span><br \/>\n<span class=\"jCAhz ChMk0b\"><span class=\"ryNqvb\">PIP Ja<\/span><\/span><br \/>\n<span class=\"jCAhz ChMk0b\"><span class=\"ryNqvb\">Kontinuerlig inspelning Ja<\/span><\/span><br \/>\n<span class=\"jCAhz ChMk0b\"><span class=\"ryNqvb\">R\u00f6d punkt Ja<\/span><\/span><br \/>\n<span class=\"jCAhz ChMk0b\"><span class=\"ryNqvb\">Slutarmekanisk<\/span><\/span> <span class=\"jCAhz ChMk0b\"><span class=\"ryNqvb\">mikrofon Ja<\/span><\/span><br \/>\n<span class=\"jCAhz ChMk0b\"><span class=\"ryNqvb\">Programuppdatering Ja<\/span><\/span><br \/>\n<span class=\"jCAhz ChMk0b\"><span class=\"ryNqvb\">Anslutningar<\/span><\/span> <span class=\"jCAhz ChMk0b\"><span class=\"ryNqvb\">USB-c Ja<\/span><\/span><br \/>\n<span class=\"jCAhz ChMk0b\"><span class=\"ryNqvb\">HDMI-utg\u00e5ng Ja<\/span><\/span><br \/>\n<span class=\"jCAhz ChMk0b\"><span class=\"ryNqvb\">Ansluta enheten<\/span><\/span><br \/>\n<span class=\"jCAhz ChMk0b\"><span class=\"ryNqvb\">Wi-fi Ja<\/span><\/span><\/p>\n<p><span class=\"jCAhz ChMk0b\"><span class=\"ryNqvb\">Programvaran som anv\u00e4nds \u00e4r PardVision<\/span><\/span><br \/>\n<span class=\"jCAhz ChMk0b\"><span class=\"ryNqvb\">Str\u00f6mk\u00e4lla<\/span><\/span> <span class=\"jCAhz ChMk0b\"><span class=\"ryNqvb\">Batterityp Litiumjon 18650*1<\/span><\/span><br \/>\n<span class=\"jCAhz ChMk0b\"><span class=\"ryNqvb\">Utg\u00e5ng(V) 3,7V<\/span><\/span><br \/>\n<span class=\"jCAhz ChMk0b\"><span class=\"ryNqvb\">Drifttid (h) \u22646h<\/span><\/span><br \/>\n<span class=\"jCAhz ChMk0b\"><span class=\"ryNqvb\">Extern str\u00f6mf\u00f6rs\u00f6rjning<br \/>\nType-C<\/span><\/span> <span class=\"jCAhz ChMk0b\"><span class=\"ryNqvb\">V\u00e4derbest\u00e4ndighet<\/span><\/span><br \/>\n<span class=\"jCAhz ChMk0b\"><span class=\"ryNqvb\">Skyddsklass IP67<\/span><\/span><br \/>\n<span class=\"jCAhz ChMk0b\"><span class=\"ryNqvb\">Drifttemperatur(\u00b0C) -20\u2103~50\u2103\/-4\u2109~122\u2109<\/span><\/span><br \/>\n<span class=\"jCAhz ChMk0b\"><span class=\"ryNqvb\">Material<\/span><\/span> <span class=\"jCAhz ChMk0b\"><span class=\"ryNqvb\">Ram Aluminium + komposit<\/span><\/span><br \/>\n<span class=\"jCAhz ChMk0b\"><span class=\"ryNqvb\">Objektivglas<\/span><\/span> <span class=\"jCAhz ChMk0b\"><span class=\"ryNqvb\">Storlek<\/span><\/span> <span class=\"jCAhz ChMk0b\"><span class=\"ryNqvb\">Produktstorlek (L\u00e4ngd x Bredd x H\u00f6jd, mm) 182 x 57 x 71<\/span><\/span><\/p>\n","protected":false},"excerpt":{"rendered":"<p>Pard TA62-35LRF \u00e4r en v\u00e4rmekamera f\u00f6r kr\u00e4vande anv\u00e4ndning eller f\u00f6r dem som beh\u00f6ver en l\u00e4tt enhet med toppfunktioner. TA62-35LRF \u00e4r mycket m\u00e5ngsidig och kan anv\u00e4ndas i en m\u00e4ngd olika scenarier. Enheten \u00e4r l\u00e4tt, handh\u00e5llen, i fickformat och l\u00e5ter dig komma n\u00e4ra din omgivning f\u00f6r unika m\u00f6ten med vilda djur. Den \u00e4r ocks\u00e5 l\u00e4tt att b\u00e4ra [&#8230;]\n","protected":false},"featured_media":255898,"comment_status":"open","ping_status":"closed","template":"","meta":[],"product_brand":[],"product_cat":[878],"product_tag":[],"class_list":{"0":"post-286996","1":"product","2":"type-product","3":"status-publish","4":"has-post-thumbnail","6":"product_cat-uncategorized-sv","8":"first","9":"outofstock","10":"taxable","11":"shipping-taxable","12":"purchasable","13":"product-type-simple"},"composite_virtual":false,"composite_layout":"","composite_add_to_cart_form_location":"","composite_editable_in_cart":false,"composite_sold_individually_context":"","composite_shop_price_calc":"","composite_components":[],"composite_scenarios":[],"group_of_quantity":0,"min_quantity":0,"max_quantity":"","exclude_order_quantity_value_rules":"no","exclude_category_quantity_rules":"no","combine_variations":"no","exclude_global_add_ons":[],"addons":[],"_links":{"self":[{"href":"https:\/\/www.huntersfriend.eu\/sv\/wp-json\/wp\/v2\/product\/286996","targetHints":{"allow":["GET"]}}],"collection":[{"href":"https:\/\/www.huntersfriend.eu\/sv\/wp-json\/wp\/v2\/product"}],"about":[{"href":"https:\/\/www.huntersfriend.eu\/sv\/wp-json\/wp\/v2\/types\/product"}],"replies":[{"embeddable":true,"href":"https:\/\/www.huntersfriend.eu\/sv\/wp-json\/wp\/v2\/comments?post=286996"}],"wp:featuredmedia":[{"embeddable":true,"href":"https:\/\/www.huntersfriend.eu\/sv\/wp-json\/wp\/v2\/media\/255898"}],"wp:attachment":[{"href":"https:\/\/www.huntersfriend.eu\/sv\/wp-json\/wp\/v2\/media?parent=286996"}],"wp:term":[{"taxonomy":"product_brand","embeddable":true,"href":"https:\/\/www.huntersfriend.eu\/sv\/wp-json\/wp\/v2\/product_brand?post=286996"},{"taxonomy":"product_cat","embeddable":true,"href":"https:\/\/www.huntersfriend.eu\/sv\/wp-json\/wp\/v2\/product_cat?post=286996"},{"taxonomy":"product_tag","embeddable":true,"href":"https:\/\/www.huntersfriend.eu\/sv\/wp-json\/wp\/v2\/product_tag?post=286996"}],"curies":[{"name":"wp","href":"https:\/\/api.w.org\/{rel}","templated":true}]}}