{"id":286995,"date":"2023-10-04T00:20:15","date_gmt":"2023-10-03T22:20:15","guid":{"rendered":"https:\/\/www.huntersfriend.eu\/product\/sista-inflygningen-sista-passeringen-blasgas-siluett-lockfaglar\/"},"modified":"2025-08-28T09:24:08","modified_gmt":"2025-08-28T07:24:08","slug":"sista-inflygningen-sista-passeringen-blasgas-siluett-lockfaglar","status":"publish","type":"product","link":"https:\/\/www.huntersfriend.eu\/sv\/produkt\/sista-inflygningen-sista-passeringen-blasgas-siluett-lockfaglar\/","title":{"rendered":"Sista inflygningen sista passeringen bl\u00e4sg\u00e5s siluett lockf\u00e5glar"},"content":{"rendered":"<p>Dessa lockf\u00e5glar har f\u00e5tt en rej\u00e4l uppgradering! Med en ny h\u00f6guppl\u00f6st tryckteknik som ger lockf\u00e5geln ett ultrarealistiskt utseende och minskar glansen. De verklighetstrogna detaljerna och f\u00e4rgerna kommer att ge din lockf\u00e5gelspridning liv. Pinnhandtaget har uppgraderats f\u00f6r att ge plats f\u00f6r fingrarna och f\u00f6rhindra att pinnen trycks hela v\u00e4gen in i lockf\u00e5geln. Detta paket best\u00e5r av fyra st\u00e4llningar: uppr\u00e4tt, kort hals \u00e4tande, \u00e4tande och l\u00e5ng hals \u00e4tande. Dessa lockf\u00e5glar \u00e4r l\u00e4tta, enkla att packa med sig ut i f\u00e4lt och h\u00e5llbara. Oavsett om du letar efter fler lockf\u00e5glar att l\u00e4gga till din spridning, eller om du vill ha ett mer packbart alternativ, \u00e4r dessa ett perfekt val.      <\/p>\n<h2>FUNKTIONER<\/h2>\n<ul>\n<li>H\u00f6guppl\u00f6st tryckprocess<\/li>\n<li>Verklighetstrogna st\u00e4llningar<\/li>\n<li>Antireflexfinish<\/li>\n<li>H\u00e5llbart koroplastmaterial<\/li>\n<li>Ergonomiskt Ez-Grab-handtag<\/li>\n<li>Fj\u00e4derst\u00e5lpinne<\/li>\n<li>12-pack inneh\u00e5ller: 2 uppr\u00e4tta, 2 kort hals \u00e4tande, 3 \u00e4tande, 5 l\u00e5ng hals \u00e4tande<\/li>\n<\/ul>\n<p><strong>Best\u00e4llningar \u00e4r begr\u00e4nsade till en l\u00e5da p\u00e5 grund av storleken. Om du \u00e4r intresserad av fler, v\u00e4nligen kontakta oss direkt f\u00f6r att se om fraktkostnaderna. <\/strong><\/p>\n","protected":false},"excerpt":{"rendered":"<p>12-pack<\/p>\n","protected":false},"featured_media":255209,"comment_status":"open","ping_status":"closed","template":"","meta":[],"product_brand":[],"product_cat":[2830],"product_tag":[],"class_list":{"0":"post-286995","1":"product","2":"type-product","3":"status-publish","4":"has-post-thumbnail","6":"product_cat-gasbeten","7":"product_shipping_class-medium-sv","9":"first","10":"instock","11":"sale","12":"taxable","13":"shipping-taxable","14":"purchasable","15":"product-type-simple"},"composite_virtual":false,"composite_layout":"","composite_add_to_cart_form_location":"","composite_editable_in_cart":false,"composite_sold_individually_context":"","composite_shop_price_calc":"","composite_components":[],"composite_scenarios":[],"group_of_quantity":0,"min_quantity":0,"max_quantity":"","exclude_order_quantity_value_rules":"no","exclude_category_quantity_rules":"no","combine_variations":"no","exclude_global_add_ons":[],"addons":[],"_links":{"self":[{"href":"https:\/\/www.huntersfriend.eu\/sv\/wp-json\/wp\/v2\/product\/286995","targetHints":{"allow":["GET"]}}],"collection":[{"href":"https:\/\/www.huntersfriend.eu\/sv\/wp-json\/wp\/v2\/product"}],"about":[{"href":"https:\/\/www.huntersfriend.eu\/sv\/wp-json\/wp\/v2\/types\/product"}],"replies":[{"embeddable":true,"href":"https:\/\/www.huntersfriend.eu\/sv\/wp-json\/wp\/v2\/comments?post=286995"}],"wp:featuredmedia":[{"embeddable":true,"href":"https:\/\/www.huntersfriend.eu\/sv\/wp-json\/wp\/v2\/media\/255209"}],"wp:attachment":[{"href":"https:\/\/www.huntersfriend.eu\/sv\/wp-json\/wp\/v2\/media?parent=286995"}],"wp:term":[{"taxonomy":"product_brand","embeddable":true,"href":"https:\/\/www.huntersfriend.eu\/sv\/wp-json\/wp\/v2\/product_brand?post=286995"},{"taxonomy":"product_cat","embeddable":true,"href":"https:\/\/www.huntersfriend.eu\/sv\/wp-json\/wp\/v2\/product_cat?post=286995"},{"taxonomy":"product_tag","embeddable":true,"href":"https:\/\/www.huntersfriend.eu\/sv\/wp-json\/wp\/v2\/product_tag?post=286995"}],"curies":[{"name":"wp","href":"https:\/\/api.w.org\/{rel}","templated":true}]}}