{"id":286986,"date":"2023-10-14T00:20:15","date_gmt":"2023-10-13T22:20:15","guid":{"rendered":"https:\/\/www.huntersfriend.eu\/product\/buck-gardner-grey-ghost-gaslock\/"},"modified":"2025-08-26T14:29:49","modified_gmt":"2025-08-26T12:29:49","slug":"buck-gardner-grey-ghost-gaslock","status":"publish","type":"product","link":"https:\/\/www.huntersfriend.eu\/sv\/produkt\/buck-gardner-grey-ghost-gaslock\/","title":{"rendered":"Buck Gardner Grey Ghost g\u00e5slock"},"content":{"rendered":"<p>Den h\u00e4r lockpipan \u00e4r byggd p\u00e5 v\u00e5r bepr\u00f6vade Grey Ghost-g\u00e5slock i akryl och har en kortare pipa och insats som \u00e4r utformad f\u00f6r att producera blixtsnabba dubbelkluck och en h\u00f6gre tonh\u00f6jd f\u00f6r h\u00f6gljudda, ringande tut som sticker ut fr\u00e5n m\u00e4ngden.<\/p>\n<p>Nu tillg\u00e4nglig med tv\u00e5 alternativ f\u00f6r in\u00e4lvor! V\u00e5ra patenterade Quick-Tune\u00ae-in\u00e4lvor eller Broken-In-in\u00e4lvor. Detta kan v\u00e4ljas n\u00e4r du v\u00e4ljer din f\u00e4rg.  <\/p>\n<p>BG Calls forts\u00e4tter att arbeta h\u00e5rt f\u00f6r att producera de mest kostnadseffektiva och h\u00f6gkvalitativa jaktlockpiporna f\u00f6r alla j\u00e4gare sedan 1996. Med det kommer v\u00e5r livstidsgaranti fr\u00e5n alla tillverkningsfel och gratis omst\u00e4mningsservice under lockpipans hela livsl\u00e4ngd! <\/p>\n<ul>\n<li>N\u00e4stintill of\u00f6rst\u00f6rbar polykarbonat<\/li>\n<li>Kort pipdesign<\/li>\n<li>Patenterade quick-tune\u00ae-in\u00e4lvor eller broken-in-in\u00e4lvor<\/li>\n<li>Livstidsgaranti<\/li>\n<li>Bepr\u00f6vad<\/li>\n<\/ul>\n","protected":false},"excerpt":{"rendered":"<p>Camo Green<\/p>\n","protected":false},"featured_media":256433,"comment_status":"open","ping_status":"closed","template":"","meta":[],"product_brand":[],"product_cat":[2805],"product_tag":[],"class_list":{"0":"post-286986","1":"product","2":"type-product","3":"status-publish","4":"has-post-thumbnail","6":"product_cat-gaslockpipor","8":"first","9":"instock","10":"taxable","11":"shipping-taxable","12":"purchasable","13":"product-type-simple"},"composite_virtual":false,"composite_layout":"","composite_add_to_cart_form_location":"","composite_editable_in_cart":false,"composite_sold_individually_context":"","composite_shop_price_calc":"","composite_components":[],"composite_scenarios":[],"group_of_quantity":0,"min_quantity":0,"max_quantity":"","exclude_order_quantity_value_rules":"no","exclude_category_quantity_rules":"no","combine_variations":"no","exclude_global_add_ons":[],"addons":[],"_links":{"self":[{"href":"https:\/\/www.huntersfriend.eu\/sv\/wp-json\/wp\/v2\/product\/286986","targetHints":{"allow":["GET"]}}],"collection":[{"href":"https:\/\/www.huntersfriend.eu\/sv\/wp-json\/wp\/v2\/product"}],"about":[{"href":"https:\/\/www.huntersfriend.eu\/sv\/wp-json\/wp\/v2\/types\/product"}],"replies":[{"embeddable":true,"href":"https:\/\/www.huntersfriend.eu\/sv\/wp-json\/wp\/v2\/comments?post=286986"}],"wp:featuredmedia":[{"embeddable":true,"href":"https:\/\/www.huntersfriend.eu\/sv\/wp-json\/wp\/v2\/media\/256433"}],"wp:attachment":[{"href":"https:\/\/www.huntersfriend.eu\/sv\/wp-json\/wp\/v2\/media?parent=286986"}],"wp:term":[{"taxonomy":"product_brand","embeddable":true,"href":"https:\/\/www.huntersfriend.eu\/sv\/wp-json\/wp\/v2\/product_brand?post=286986"},{"taxonomy":"product_cat","embeddable":true,"href":"https:\/\/www.huntersfriend.eu\/sv\/wp-json\/wp\/v2\/product_cat?post=286986"},{"taxonomy":"product_tag","embeddable":true,"href":"https:\/\/www.huntersfriend.eu\/sv\/wp-json\/wp\/v2\/product_tag?post=286986"}],"curies":[{"name":"wp","href":"https:\/\/api.w.org\/{rel}","templated":true}]}}