{"id":286982,"date":"2024-01-04T01:15:43","date_gmt":"2024-01-03T23:15:43","guid":{"rendered":"https:\/\/www.huntersfriend.eu\/product\/warne-weaver-horisontella-kikarsiktesringar-hog\/"},"modified":"2025-08-26T14:29:30","modified_gmt":"2025-08-26T12:29:30","slug":"warne-weaver-horisontella-kikarsiktesringar-hog","status":"publish","type":"product","link":"https:\/\/www.huntersfriend.eu\/sv\/produkt\/warne-weaver-horisontella-kikarsiktesringar-hog\/","title":{"rendered":"Warne Weaver horisontella kikarsiktesringar, h\u00f6g"},"content":{"rendered":"<p class=\"\" data-start=\"0\" data-end=\"105\"><strong data-start=\"0\" data-end=\"105\">Warne kikarsiktesf\u00e4sten \u2013 h\u00f6gkvalitativa och prisv\u00e4rda optikf\u00e4sten f\u00f6r praktiska j\u00e4gare och skyttar<\/strong><\/p>\n<p class=\"\" data-start=\"107\" data-end=\"310\">Warne kikarsiktesf\u00e4sten \u00e4r k\u00e4nda f\u00f6r sin kvalitet och prisv\u00e4rdhet, utformade f\u00f6r att m\u00f6ta behoven hos praktiska j\u00e4gare och skyttar. Warne Maxima-f\u00e4sten tillverkas i USA och \u00e4r tillverkade av st\u00e5l. <\/p>\n<p class=\"\" data-start=\"312\" data-end=\"646\"><strong data-start=\"316\" data-end=\"356\">Warne Maxima Horisontellt Weaver-f\u00e4ste<\/strong> \u00e4r utformat f\u00f6r att f\u00e4sta kikarsikten med 30 mm tub p\u00e5 skjutvapen. Weaver-f\u00e4stet \u00e4r kompatibelt med b\u00e5de Weaver- och Picatinny-skenor. Kikarsiktet f\u00e4sts p\u00e5 Warne Maxima-f\u00e4stet med fyra Torx T-15-skruvar i traditionell stil. F\u00e4stet f\u00e4sts p\u00e5 skjutvapnet med tv\u00e5 separata Torx T-15-skruvar.   <\/p>\n<p class=\"\" data-start=\"648\" data-end=\"888\"><strong data-start=\"652\" data-end=\"685\">Warne Weaver Horisontellt F\u00e4ste<\/strong> finns i <strong data-start=\"702\" data-end=\"709\">L\u00e5g<\/strong>, <strong data-start=\"711\" data-end=\"721\">Medium<\/strong> och <strong data-start=\"727\" data-end=\"735\">H\u00f6g<\/strong> h\u00f6jd. R\u00e4tt h\u00f6jd f\u00f6r f\u00e4stet beror p\u00e5 tjockleken p\u00e5 ditt gev\u00e4rs pipa och actionprofilen i f\u00f6rh\u00e5llande till kikarsiktet som monteras. <\/p>\n<p class=\"\" data-start=\"890\" data-end=\"909\"><strong data-start=\"890\" data-end=\"909\">Specifikationer:<\/strong><\/p>\n<ul data-start=\"910\" data-end=\"1074\" data-is-last-node=\"\" data-is-only-node=\"\">\n<li class=\"\" data-start=\"910\" data-end=\"955\">\n<p class=\"\" data-start=\"912\" data-end=\"955\"><strong data-start=\"912\" data-end=\"923\">H\u00f6jd:<\/strong> H\u00f6g (Max. 56 mm objektivlins)<\/p>\n<\/li>\n<li class=\"\" data-start=\"956\" data-end=\"981\">\n<p class=\"\" data-start=\"958\" data-end=\"981\"><strong data-start=\"958\" data-end=\"969\">Vikt:<\/strong> 195,6 gram<\/p>\n<\/li>\n<li class=\"\" data-start=\"982\" data-end=\"1074\">\n<p class=\"\" data-start=\"984\" data-end=\"999\"><strong data-start=\"984\" data-end=\"999\">M\u00e5tt:<\/strong><\/p>\n<ul data-start=\"1002\" data-end=\"1074\" data-is-last-node=\"\">\n<li class=\"\" data-start=\"1002\" data-end=\"1022\">\n<p class=\"\" data-start=\"1004\" data-end=\"1022\"><strong data-start=\"1004\" data-end=\"1017\">Tub (A):<\/strong> 30 mm<\/p>\n<\/li>\n<li class=\"\" data-start=\"1025\" data-end=\"1048\">\n<p class=\"\" data-start=\"1027\" data-end=\"1048\"><strong data-start=\"1027\" data-end=\"1040\">Bas (B):<\/strong> 13,34 mm<\/p>\n<\/li>\n<li class=\"\" data-start=\"1051\" data-end=\"1074\">\n<p class=\"\" data-start=\"1053\" data-end=\"1074\"><strong data-start=\"1053\" data-end=\"1067\">Bredd (C):<\/strong> 16,5 mm<\/p>\n<\/li>\n<\/ul>\n<\/li>\n<\/ul>\n","protected":false},"excerpt":{"rendered":"<p>Warne kikarsiktesf\u00e4sten \u2013 h\u00f6gkvalitativa och prisv\u00e4rda optikf\u00e4sten f\u00f6r praktiska j\u00e4gare och skyttar Warne kikarsiktesf\u00e4sten \u00e4r k\u00e4nda f\u00f6r sin kvalitet och prisv\u00e4rdhet, utformade f\u00f6r att m\u00f6ta behoven hos praktiska j\u00e4gare och skyttar. Warne Maxima-f\u00e4sten tillverkas i USA och \u00e4r tillverkade av st\u00e5l. Warne Maxima Horisontellt Weaver-f\u00e4ste \u00e4r utformat f\u00f6r att f\u00e4sta kikarsikten med 30 mm tub [&#8230;]\n","protected":false},"featured_media":277530,"comment_status":"open","ping_status":"closed","template":"","meta":[],"product_brand":[],"product_cat":[2619],"product_tag":[],"class_list":{"0":"post-286982","1":"product","2":"type-product","3":"status-publish","4":"has-post-thumbnail","6":"product_cat-kikarsiktesringar-och-fasten","8":"first","9":"instock","10":"taxable","11":"shipping-taxable","12":"purchasable","13":"product-type-simple"},"composite_virtual":false,"composite_layout":"","composite_add_to_cart_form_location":"","composite_editable_in_cart":false,"composite_sold_individually_context":"","composite_shop_price_calc":"","composite_components":[],"composite_scenarios":[],"group_of_quantity":0,"min_quantity":0,"max_quantity":"","exclude_order_quantity_value_rules":"no","exclude_category_quantity_rules":"no","combine_variations":"no","exclude_global_add_ons":[],"addons":[],"_links":{"self":[{"href":"https:\/\/www.huntersfriend.eu\/sv\/wp-json\/wp\/v2\/product\/286982","targetHints":{"allow":["GET"]}}],"collection":[{"href":"https:\/\/www.huntersfriend.eu\/sv\/wp-json\/wp\/v2\/product"}],"about":[{"href":"https:\/\/www.huntersfriend.eu\/sv\/wp-json\/wp\/v2\/types\/product"}],"replies":[{"embeddable":true,"href":"https:\/\/www.huntersfriend.eu\/sv\/wp-json\/wp\/v2\/comments?post=286982"}],"wp:featuredmedia":[{"embeddable":true,"href":"https:\/\/www.huntersfriend.eu\/sv\/wp-json\/wp\/v2\/media\/277530"}],"wp:attachment":[{"href":"https:\/\/www.huntersfriend.eu\/sv\/wp-json\/wp\/v2\/media?parent=286982"}],"wp:term":[{"taxonomy":"product_brand","embeddable":true,"href":"https:\/\/www.huntersfriend.eu\/sv\/wp-json\/wp\/v2\/product_brand?post=286982"},{"taxonomy":"product_cat","embeddable":true,"href":"https:\/\/www.huntersfriend.eu\/sv\/wp-json\/wp\/v2\/product_cat?post=286982"},{"taxonomy":"product_tag","embeddable":true,"href":"https:\/\/www.huntersfriend.eu\/sv\/wp-json\/wp\/v2\/product_tag?post=286982"}],"curies":[{"name":"wp","href":"https:\/\/api.w.org\/{rel}","templated":true}]}}