{"id":286981,"date":"2023-10-23T12:10:48","date_gmt":"2023-10-23T10:10:48","guid":{"rendered":"https:\/\/www.huntersfriend.eu\/product\/huntworth-performance-fleece-beanie-tarnen-2\/"},"modified":"2025-08-26T14:29:28","modified_gmt":"2025-08-26T12:29:28","slug":"huntworth-performance-fleece-beanie-tarnen-2","status":"publish","type":"product","link":"https:\/\/www.huntersfriend.eu\/sv\/produkt\/huntworth-performance-fleece-beanie-tarnen-2\/","title":{"rendered":"Huntworth performance fleece beanie tarnen"},"content":{"rendered":"<p><strong>Bard-m\u00f6ssan \u00e4r en medelviktig, rutn\u00e4tsfleece-fodrad m\u00f6ssa i Tarnen som \u00e4r designad f\u00f6r svalare jakter under mellans\u00e4songen.<\/strong> Tarnen\u00ae camo-jaktm\u00f6ssan \u00e4r tillverkad med ett hybrid-d\u00f6ljm\u00f6nster och best\u00e5r av en tyst stretch-performance-fleece i kronan och en vindt\u00e4t stretch-polyester i \u00f6ronbandet. En DWR-finish g\u00f6r att tyget st\u00f6ter bort l\u00e4tt fukt. Microban\u00ae antimikrobiell produktionsskydd p\u00e5 fodret kontrollerar din doft.  <\/p>\n<p>Ett mjukt rutn\u00e4tsfleecefoder t\u00e4cker ditt huvud och dina \u00f6ron och ger v\u00e4rme med minimal bulk. Det vindt\u00e4ta bandet skyddar sidorna och baksidan av ditt huvud fr\u00e5n kyliga vindar. Vi har paneler i performance-fleecen p\u00e5 framsidan av v\u00e4rmen f\u00f6r att s\u00e4kerst\u00e4lla en str\u00f6mlinjeformad, bekv\u00e4m passform.  <\/p>\n<p>H\u00e5ll kylan ute &#8211; Tarnen-m\u00f6nstrade m\u00f6ssan ger den v\u00e4rme och komfort som beh\u00f6vs f\u00f6r att hantera under svalare jakter.<\/p>\n<ul>\n<li><strong>Yttermaterial: <\/strong>Kronan \u00e4r sl\u00e4t performance 4-v\u00e4gs stretchfleece. \u00d6ronbandet \u00e4r texturerad stretchpolyester bunden till vindt\u00e4t film <\/li>\n<li><strong>DWR: <\/strong>Slitstark vattenavvisande (DWR) finish st\u00f6ter bort fukt och l\u00e4tt sn\u00f6<\/li>\n<li><strong>Foder: <\/strong>Helfodrad med mjuk rutn\u00e4tsfleece<\/li>\n<li><strong>Doftkontroll: <\/strong>Microban\u00ae antimikrobiellt produktionsskydd p\u00e5 rutn\u00e4tsfleecefodret f\u00f6r doftreducering<\/li>\n<\/ul>\n","protected":false},"excerpt":{"rendered":"<p>Bard-m\u00f6ssan \u00e4r en medelviktig, rutn\u00e4tsfleece-fodrad m\u00f6ssa i Tarnen som \u00e4r designad f\u00f6r svalare jakter under mellans\u00e4songen. Tarnen\u00ae camo-jaktm\u00f6ssan \u00e4r tillverkad med ett hybrid-d\u00f6ljm\u00f6nster och best\u00e5r av en tyst stretch-performance-fleece i kronan och en vindt\u00e4t stretch-polyester i \u00f6ronbandet. En DWR-finish g\u00f6r att tyget st\u00f6ter bort l\u00e4tt fukt. Microban\u00ae antimikrobiell produktionsskydd p\u00e5 fodret kontrollerar din doft. Ett [&#8230;]\n","protected":false},"featured_media":256417,"comment_status":"open","ping_status":"closed","template":"","meta":[],"product_brand":[],"product_cat":[2716],"product_tag":[],"class_list":{"0":"post-286981","1":"product","2":"type-product","3":"status-publish","4":"has-post-thumbnail","6":"product_cat-hattar-och-huvudbonader","8":"first","9":"instock","10":"taxable","11":"shipping-taxable","12":"purchasable","13":"product-type-variable"},"composite_virtual":false,"composite_layout":"","composite_add_to_cart_form_location":"","composite_editable_in_cart":false,"composite_sold_individually_context":"","composite_shop_price_calc":"","composite_components":[],"composite_scenarios":[],"group_of_quantity":0,"min_quantity":0,"max_quantity":"","exclude_order_quantity_value_rules":"no","exclude_category_quantity_rules":"no","combine_variations":"no","exclude_global_add_ons":[],"addons":[],"_links":{"self":[{"href":"https:\/\/www.huntersfriend.eu\/sv\/wp-json\/wp\/v2\/product\/286981","targetHints":{"allow":["GET"]}}],"collection":[{"href":"https:\/\/www.huntersfriend.eu\/sv\/wp-json\/wp\/v2\/product"}],"about":[{"href":"https:\/\/www.huntersfriend.eu\/sv\/wp-json\/wp\/v2\/types\/product"}],"replies":[{"embeddable":true,"href":"https:\/\/www.huntersfriend.eu\/sv\/wp-json\/wp\/v2\/comments?post=286981"}],"wp:featuredmedia":[{"embeddable":true,"href":"https:\/\/www.huntersfriend.eu\/sv\/wp-json\/wp\/v2\/media\/256417"}],"wp:attachment":[{"href":"https:\/\/www.huntersfriend.eu\/sv\/wp-json\/wp\/v2\/media?parent=286981"}],"wp:term":[{"taxonomy":"product_brand","embeddable":true,"href":"https:\/\/www.huntersfriend.eu\/sv\/wp-json\/wp\/v2\/product_brand?post=286981"},{"taxonomy":"product_cat","embeddable":true,"href":"https:\/\/www.huntersfriend.eu\/sv\/wp-json\/wp\/v2\/product_cat?post=286981"},{"taxonomy":"product_tag","embeddable":true,"href":"https:\/\/www.huntersfriend.eu\/sv\/wp-json\/wp\/v2\/product_tag?post=286981"}],"curies":[{"name":"wp","href":"https:\/\/api.w.org\/{rel}","templated":true}]}}