{"id":286980,"date":"2023-10-30T12:10:08","date_gmt":"2023-10-30T10:10:08","guid":{"rendered":"https:\/\/www.huntersfriend.eu\/product\/meat-seeker-rpg-anpassade-pilar\/"},"modified":"2026-04-24T07:51:10","modified_gmt":"2026-04-24T05:51:10","slug":"meat-seeker-rpg-anpassade-pilar","status":"publish","type":"product","link":"https:\/\/www.huntersfriend.eu\/sv\/produkt\/meat-seeker-rpg-anpassade-pilar\/","title":{"rendered":"Meat Seeker RPG Custom Arrows"},"content":{"rendered":"<div>Meat Seeker-produktfamiljen har f\u00e5tt en ny instegspil RPG som trots sitt l\u00e5ga pris \u00e4r en fullblodsjaktpil och passar f\u00f6r allt vilt!<\/div>\n<div><\/div>\n<div>.006 rakhet<\/div>\n<div>6,2 mm (.244&#8243;) ID<\/div>\n<div>Mycket konsekventa pilar<\/div>\n<div>GPI per spine<\/div>\n<div>300 till 9,1 GPI<\/div>\n<div>350 till 8,3 GPI<\/div>\n<div>400 till 7,5 GPI<\/div>\n<div>500 till 6,7 GPI<\/div>\n<div>Tillverkad av h\u00f6gkvalitativ kolfiber<\/div>\n<div>Inkluderar nocke i storlek S &#8211; 9 grain<\/div>\n<div>Inneh\u00e5ller h\u00f6gkvalitativa Meat Seeker insatser &#8211; 12 grain<\/div>\n<p><span lang=\"EN-US\">Denna spinetabell \u00e4r normaliserad f\u00f6r moderna compoundb\u00e5gar med IBO-hastigheter mellan 280-330 fps. F\u00f6r snabbare b\u00e5gar, l\u00e4s tabellen ett steg ned\u00e5t och \u00e5t h\u00f6ger. F\u00f6r l\u00e5ngsammare b\u00e5gar, l\u00e4s tabellen ett steg upp\u00e5t och \u00e5t v\u00e4nster. Tabellen g\u00e4ller inte f\u00f6r traditionella b\u00e5gar. OBS: Faktiska pilspinedeflektioner matchar inte n\u00f6dv\u00e4ndigtvis tillverkarens marknadsf\u00f6rda spinestorlekar (Gold Tip 5575, Carbon Force 200, Carbon Express 60\/75, etc.). Tillverkarnas spinestorlekssystem      <\/span><strong><span lang=\"EN-US\">kan vara godtyckliga<\/span><\/strong><span lang=\"EN-US\">  (100, 200, 300, 400) och kan eller kanske inte \u00e5terspegla pilarnas faktiska spinedeflektioner. Till exempel har en &#8221;Carbon Express Maxima 250&#8243; en faktisk spinedeflektion p\u00e5 .404&#8243;, inte .250&#8221; som storleken antyder. I detta fall \u00e4r betygssystemet godtyckligt. F\u00f6r att vara s\u00e4ker, ANTA INTE att en pils publicerade spinestorlek matchar pilens faktiska deflektion. Se faktiska pilspecifikationsdata ovan innan du anv\u00e4nder denna tabell f\u00f6r att v\u00e4lja l\u00e4mplig spinestyvhet f\u00f6r din b\u00e5ge.     <em><strong>Om du beh\u00f6ver hj\u00e4lp, ring v\u00e5r pro-shop p\u00e5 +358 45 208 6292 eller mejla oss f\u00f6r assistans.<\/strong><\/em><\/span><\/p>\n<p><strong>OM V\u00c5RT CUSTOM ARROW-PROGRAM:<\/strong><\/p>\n<p><strong>VARJE PIL \u00c4R HANDBYGGD FR\u00c5N R\u00c5SKAFT` <\/strong>Att handbygga pilar g\u00f6r att vi kan g\u00f6ra saker v\u00e5ra stormarknadskonkurrenter inte kan. Varje r\u00e5skaft och dess komponenter kontrolleras f\u00f6r tillverkningsfel f\u00f6re montering. Varje skaft f\u00f6rbereds ordentligt och varje fj\u00e4der handkontrolleras f\u00f6r korrekt vidh\u00e4ftning. Sedan orienteras alla nockar och varje pil kapas enligt dina specifikationer p\u00e5 en av v\u00e5ra 8 000 rpm h\u00f6ghastighetspils\u00e5gar. Vi installerar sedan dina insatser, tr\u00e4ningsspetsar (om best\u00e4llda separat) och reng\u00f6r pilarna f\u00f6r att ta bort eventuella oljor eller limrester. F\u00e4rdiga pilset m\u00e5ste sedan klara en grundlig flerpunktskontroll innan de godk\u00e4nns f\u00f6r leverans till v\u00e5ra kunder. Vi inser att vi inte bygger ballistiska missiler h\u00e4r, men vi \u00e4r ganska seri\u00f6sa med v\u00e5ra pilar. N\u00e4r dina custompilar anl\u00e4nder vill vi att du ska bli imponerad. V\u00e5ra custompilar levereras enligt dina exakta specifikationer och de \u00e4r 100% skjutklara. Detta \u00e4r den typ av service du bara kan f\u00e5 fr\u00e5n en riktig b\u00e5gskyttepro-shop, och vi \u00e4r stolta \u00f6ver att s\u00e4tta en kvalitetsstandard som en maskin helt enkelt inte kan matcha.         <\/p>\n<p><strong>VARJE PIL \u00c4R SKJUTKLAR`<\/strong> L\u00e5t dig inte luras av de s\u00e5 kallade &#8221;f\u00e4ltklara pilarna&#8221; som erbjuds i stormarknader och hos m\u00e5nga \u00e5terf\u00f6rs\u00e4ljare. De \u00e4r INTE <u>f\u00e4rdiga<\/u> pilar. Stormarknadspilarna \u00e4r helt enkelt full\u00e4ngds r\u00e5skaft som har maskinfj\u00e4drats med de billigaste tillg\u00e4ngliga materialen (ofta utomlands). De \u00e4r verkligen INTE klara f\u00f6r f\u00e4ltbruk och deras kvalitet kan inte j\u00e4mf\u00f6ras med handbyggda custompilar. F\u00f6r att inte tala om att kunden f\u00e5r v\u00e4ldigt lite valfrihet n\u00e4r man k\u00f6per maskinfj\u00e4drade prefabricerade pilar. Oftast f\u00e5r du bara vad som finns i l\u00e5dan och du f\u00e5r leva med det. Vi tycker att det \u00e4r en ganska l\u00e5g standard.      <\/p>\n<p><strong>ARBETE GJORT BARA F\u00d6R DIG` <\/strong>Custompilar \u00e4r BYGGDA OCH KAPADE ENLIGT DINA FAKTISKA BEST\u00c4LLNINGSSPECIFIKATIONER. Ingenting g\u00f6rs i f\u00f6rv\u00e4g. Ingen process b\u00f6rjar f\u00f6rr\u00e4n du l\u00e4gger din best\u00e4llning. Men var medveten om att n\u00e4r vi kn\u00e4cker \u00e4ggen och b\u00f6rjar din omelett kan vi inte l\u00e4gga tillbaka allt i skalet \u00e5t n\u00e5gon annan senare. Custompilar kan inte returneras till lager. N\u00e4r de v\u00e4l \u00e4r fj\u00e4drade, f\u00f6rsedda med insatser eller kapade till l\u00e4ngd kan custombest\u00e4llningar inte avbokas, returneras eller bytas &#8211; f\u00f6rutom i s\u00e4llsynta fall av tillverkardefekter eller shopfel p\u00e5 best\u00e4llningen. S\u00e5 var s\u00e4ker p\u00e5 dina specifikationer innan du best\u00e4ller. N\u00e4r ett customset pilar \u00e4r byggt BARA F\u00d6R DIG \u00e4r de dina. Naturligtvis, om det finns ett legitimt problem, st\u00e5r vi g\u00e4rna bakom v\u00e5rt arbete och g\u00f6r saker r\u00e4tt. Men vi kommer inte att beh\u00f6va det. Vi kommer att se till att dina pilar \u00e4r fantastiska f\u00f6rsta g\u00e5ngen. Du kommer att se &#8230;           <\/p>\n<p><strong>HUR L\u00c5NG TID TAR DET? N\u00c4R F\u00c5R JAG MINA PILAR?  <\/strong>Majoriteten (cirka 94%) av v\u00e5ra custom pro-shop-best\u00e4llningar bearbetas, byggs, inspekteras och skickas inom 2-4 arbetsdagar. Under de lugnare m\u00e5naderna (jan-juli) sl\u00e5r vi vanligtvis det genomsnittet med en dag. Under de mer hektiska m\u00e5naderna (augusti-december) tenderar vi att ta en extra dag. S\u00e5 allt sammantaget \u00e4r en officiell ledtid p\u00e5 1-5 dagar den mest \u00e4rliga uppskattningen vi kan erbjuda. Vi vet att v\u00e5ra kunder \u00e4r ivriga att f\u00e5 sina h\u00e4nder p\u00e5 varorna och komma ig\u00e5ng, s\u00e5 vi h\u00e5ller huvudet nere och f\u00e5r ut v\u00e5ra best\u00e4llningar s\u00e5 snabbt vi m\u00f6jligen kan. Om det uppst\u00e5r n\u00e5got problem eller undantag kommer vi att meddela dig.      Men generellt sett \u00e4r det s\u00e4kert att anta att din custom pro-shop-best\u00e4llning kommer att vara p\u00e5 v\u00e4g inom n\u00e5gra arbetsdagar. V\u00e5rt kundtj\u00e4nstmejlsystem kommer att h\u00e5lla dig uppdaterad om din best\u00e4llningsstatus l\u00e4ngs v\u00e4gen. Faktiska leveranstider varierar beroende p\u00e5 avst\u00e5nd fr\u00e5n pro-shopen\/lagret i Finland.  <\/p>\n","protected":false},"excerpt":{"rendered":"<p>Vi s\u00e4ljer i f\u00f6rpackningar om 12, 18, 24 st&#8230;.<\/p>\n","protected":false},"featured_media":256457,"comment_status":"open","ping_status":"closed","template":"","meta":[],"product_brand":[],"product_cat":[2555],"product_tag":[],"class_list":{"0":"post-286980","1":"product","2":"type-product","3":"status-publish","4":"has-post-thumbnail","6":"product_cat-kolfiber-handgjord","8":"first","9":"instock","10":"featured","11":"taxable","12":"shipping-taxable","13":"purchasable","14":"product-type-composite"},"composite_virtual":false,"composite_layout":"single","composite_add_to_cart_form_location":"default","composite_editable_in_cart":false,"composite_sold_individually_context":"product","composite_shop_price_calc":"min_max","composite_components":[{"id":"1698668506","title":"Pilskaft","description":"","query_type":"product_ids","query_ids":[287441],"default_option_id":287441,"thumbnail_id":"","thumbnail_src":"","quantity_min":12,"quantity_max":"","priced_individually":true,"shipped_individually":false,"optional":false,"discount":"","options_style":"dropdowns","pagination_style":"classic","display_prices":"absolute","show_sorting_options":false,"show_filtering_options":false,"attribute_filter_ids":[],"select_action":"view","product_title_visible":true,"product_descr_visible":true,"product_price_visible":true,"product_thumb_visible":true,"subtotal_visible_product":true,"subtotal_visible_cart":true,"subtotal_visible_orders":true,"product_addons_visible":true},{"id":"1550047977","title":"Cockfj\u00e4derf\u00e4rg","description":"<p>Detta \u00e4r en av de tre fj\u00e4drarna p\u00e5 pilen. Alla tre fj\u00e4drarna m\u00e5ste vara av samma typ men inte samma f\u00e4rg. <\/p>\n","query_type":"product_ids","query_ids":[288891,289307,289326,289335,289353,288860],"default_option_id":289307,"thumbnail_id":"","thumbnail_src":"","quantity_min":12,"quantity_max":"","priced_individually":false,"shipped_individually":false,"optional":false,"discount":"","options_style":"dropdowns","pagination_style":"classic","display_prices":"absolute","show_sorting_options":false,"show_filtering_options":false,"attribute_filter_ids":[],"select_action":"view","product_title_visible":true,"product_descr_visible":false,"product_price_visible":false,"product_thumb_visible":false,"subtotal_visible_product":true,"subtotal_visible_cart":true,"subtotal_visible_orders":true,"product_addons_visible":true},{"id":"1550047978","title":"Henfj\u00e4derf\u00e4rg","description":"<p>Dessa \u00e4r tv\u00e5 av de tre fj\u00e4drarna p\u00e5 pilen. Alla tre fj\u00e4drarna m\u00e5ste vara av samma typ men inte samma f\u00e4rg. <\/p>\n","query_type":"product_ids","query_ids":[288891,289307,289326,289335,289353,288860],"default_option_id":289307,"thumbnail_id":"","thumbnail_src":"","quantity_min":24,"quantity_max":"","priced_individually":false,"shipped_individually":false,"optional":false,"discount":"","options_style":"dropdowns","pagination_style":"classic","display_prices":"absolute","show_sorting_options":false,"show_filtering_options":false,"attribute_filter_ids":[],"select_action":"view","product_title_visible":true,"product_descr_visible":false,"product_price_visible":false,"product_thumb_visible":false,"subtotal_visible_product":true,"subtotal_visible_cart":true,"subtotal_visible_orders":true,"product_addons_visible":true}],"composite_scenarios":[],"group_of_quantity":0,"min_quantity":0,"max_quantity":"","exclude_order_quantity_value_rules":"no","exclude_category_quantity_rules":"no","combine_variations":"no","exclude_global_add_ons":false,"addons":[{"name":"Fj\u00e4dringsstil","type":"multiple_choice","position":0,"required":true,"title_format":"label","default":"","description_enable":false,"description":null,"placeholder_enable":false,"placeholder":null,"display":"select","restrictions_type":"any_text","adjust_price":false,"price":"","price_type":"flat_fee","restrictions":false,"min":"0","max":"0","options":[{"label":"Offset","price":"","price_type":"flat_fee","image":0,"visibility":true},{"label":"Helical","price":"","price_type":"flat_fee","image":0,"visibility":true},{"label":"Rak","price":"","price_type":"flat_fee","image":0,"visibility":true}],"id":1745493787}],"_links":{"self":[{"href":"https:\/\/www.huntersfriend.eu\/sv\/wp-json\/wp\/v2\/product\/286980","targetHints":{"allow":["GET"]}}],"collection":[{"href":"https:\/\/www.huntersfriend.eu\/sv\/wp-json\/wp\/v2\/product"}],"about":[{"href":"https:\/\/www.huntersfriend.eu\/sv\/wp-json\/wp\/v2\/types\/product"}],"replies":[{"embeddable":true,"href":"https:\/\/www.huntersfriend.eu\/sv\/wp-json\/wp\/v2\/comments?post=286980"}],"wp:featuredmedia":[{"embeddable":true,"href":"https:\/\/www.huntersfriend.eu\/sv\/wp-json\/wp\/v2\/media\/256457"}],"wp:attachment":[{"href":"https:\/\/www.huntersfriend.eu\/sv\/wp-json\/wp\/v2\/media?parent=286980"}],"wp:term":[{"taxonomy":"product_brand","embeddable":true,"href":"https:\/\/www.huntersfriend.eu\/sv\/wp-json\/wp\/v2\/product_brand?post=286980"},{"taxonomy":"product_cat","embeddable":true,"href":"https:\/\/www.huntersfriend.eu\/sv\/wp-json\/wp\/v2\/product_cat?post=286980"},{"taxonomy":"product_tag","embeddable":true,"href":"https:\/\/www.huntersfriend.eu\/sv\/wp-json\/wp\/v2\/product_tag?post=286980"}],"curies":[{"name":"wp","href":"https:\/\/api.w.org\/{rel}","templated":true}]}}