{"id":286979,"date":"2023-11-06T11:51:08","date_gmt":"2023-11-06T09:51:08","guid":{"rendered":"https:\/\/www.huntersfriend.eu\/product\/cbe-tactic-hybrid-1-pin-019-svart-rh-lh\/"},"modified":"2026-03-17T15:44:11","modified_gmt":"2026-03-17T13:44:11","slug":"cbe-tactic-hybrid-1-pin-019-svart-rh-lh","status":"publish","type":"product","link":"https:\/\/www.huntersfriend.eu\/sv\/produkt\/cbe-tactic-hybrid-1-pin-019-svart-rh-lh\/","title":{"rendered":"CBE TACTIC hybrid 1 PIN .019 \/ SVART RH\/LH"},"content":{"rendered":"<ul>\n<li>Smart f\u00e4ste med monteringsh\u00e5l f\u00f6r flera positioner<\/li>\n<li>H\u00f6jdjustering med visuella lasergraverade markeringar<\/li>\n<li>Mikrojustering av vindavdrift med visuella lasergraverade markeringar<\/li>\n<li>Finns med ett 1-stifts eller 3-stifts h\u00f6lje med .019&#8243; Blade-stift<\/li>\n<li>M\u00f6jlighet att st\u00e4lla in en flytande stift med ett snabbstopp<\/li>\n<li>Fiberhanteringssystem f\u00f6r \u00e4nnu ljusare stift och b\u00e4ttre skydd med 12&#8243; fiber<\/li>\n<li>Lasermarkerade markeringar f\u00f6r visuell hj\u00e4lp vid stiftjustering<\/li>\n<li>Ambidextri\u00f6s design<\/li>\n<li>Rheostat-siktljus ing\u00e5r<\/li>\n<li>Siktskalor ing\u00e5r<\/li>\n<\/ul>\n<p><em><strong>Produktvikt: 9,8 ounces<\/strong><\/em><\/p>\n","protected":false},"excerpt":{"rendered":"<p>Ambidextri\u00f6s<\/p>\n","protected":false},"featured_media":257179,"comment_status":"open","ping_status":"closed","template":"","meta":[],"product_brand":[],"product_cat":[2690],"product_tag":[],"class_list":{"0":"post-286979","1":"product","2":"type-product","3":"status-publish","4":"has-post-thumbnail","6":"product_cat-bagjaktsikten","8":"first","9":"instock","10":"taxable","11":"shipping-taxable","12":"purchasable","13":"product-type-simple"},"composite_virtual":false,"composite_layout":"","composite_add_to_cart_form_location":"","composite_editable_in_cart":false,"composite_sold_individually_context":"","composite_shop_price_calc":"","composite_components":[],"composite_scenarios":[],"group_of_quantity":0,"min_quantity":0,"max_quantity":"","exclude_order_quantity_value_rules":"no","exclude_category_quantity_rules":"no","combine_variations":"no","exclude_global_add_ons":[],"addons":[],"_links":{"self":[{"href":"https:\/\/www.huntersfriend.eu\/sv\/wp-json\/wp\/v2\/product\/286979","targetHints":{"allow":["GET"]}}],"collection":[{"href":"https:\/\/www.huntersfriend.eu\/sv\/wp-json\/wp\/v2\/product"}],"about":[{"href":"https:\/\/www.huntersfriend.eu\/sv\/wp-json\/wp\/v2\/types\/product"}],"replies":[{"embeddable":true,"href":"https:\/\/www.huntersfriend.eu\/sv\/wp-json\/wp\/v2\/comments?post=286979"}],"wp:featuredmedia":[{"embeddable":true,"href":"https:\/\/www.huntersfriend.eu\/sv\/wp-json\/wp\/v2\/media\/257179"}],"wp:attachment":[{"href":"https:\/\/www.huntersfriend.eu\/sv\/wp-json\/wp\/v2\/media?parent=286979"}],"wp:term":[{"taxonomy":"product_brand","embeddable":true,"href":"https:\/\/www.huntersfriend.eu\/sv\/wp-json\/wp\/v2\/product_brand?post=286979"},{"taxonomy":"product_cat","embeddable":true,"href":"https:\/\/www.huntersfriend.eu\/sv\/wp-json\/wp\/v2\/product_cat?post=286979"},{"taxonomy":"product_tag","embeddable":true,"href":"https:\/\/www.huntersfriend.eu\/sv\/wp-json\/wp\/v2\/product_tag?post=286979"}],"curies":[{"name":"wp","href":"https:\/\/api.w.org\/{rel}","templated":true}]}}