{"id":286957,"date":"2023-11-21T11:51:23","date_gmt":"2023-11-21T09:51:23","guid":{"rendered":"https:\/\/www.huntersfriend.eu\/product\/easton-sonic-6-0-anpassade-pilar\/"},"modified":"2026-04-24T07:51:11","modified_gmt":"2026-04-24T05:51:11","slug":"easton-sonic-6-0-anpassade-pilar","status":"publish","type":"product","link":"https:\/\/www.huntersfriend.eu\/sv\/produkt\/easton-sonic-6-0-anpassade-pilar\/","title":{"rendered":"Easton Sonic 6.0 specialanpassade pilar"},"content":{"rendered":"<p><em><strong>Alla v\u00e5ra specialanpassade pilar \u00e4r handgjorda till den niv\u00e5 du \u00f6nskar. N\u00e4r de \u00e4r f\u00e4rdigst\u00e4llda beh\u00f6ver du bara en tr\u00e4ningsspets eller jaktspets, sen \u00e4r du redo att skjuta. <\/strong><\/em><\/p>\n<p><strong>NAMNET S\u00c4GER ALLT: <\/strong><br \/>\nSatsa p\u00e5 fart eller tyngd! Det finns s\u00e5 m\u00e5nga pilval p\u00e5 marknaden idag att det kan k\u00e4nnas \u00f6verv\u00e4ldigande, och informationsfl\u00f6det kan snabbt bli f\u00f6rvirrande. Jag brukar alltid s\u00e4ga att valet i slut\u00e4ndan handlar om vad du planerar att g\u00f6ra med pilarna. Om du vill ha hastighet, v\u00e4lj en l\u00e4tt pil; om du letar efter mer r\u00f6relseenergi (KE), d\u00e5 \u00e4r en tyngre pil f\u00f6r dig. Om du befinner dig p\u00e5 hastighetssidan av ekvationen har du kommit r\u00e4tt. Easton Sonic 6.0 \u00e4r en 6 mm h\u00f6gpresterande jaktpil konstruerad med fokus p\u00e5 snabbhet och precision. Sonic 6.0 byggs fr\u00e5n grunden i USA med Eastons s\u00f6ml\u00f6sa Acu-Carbon-process f\u00f6r 100 % konsekvent vikt och styvhet (spine) fr\u00e5n skaft till skaft och dussin till dussin. En l\u00e4gre totalmassa ger ocks\u00e5 utrymme f\u00f6r fler byggalternativ; fr\u00e5n l\u00e4tta hastighetsupps\u00e4ttningar till tunga pilar med h\u00f6g FOC\/r\u00f6relsem\u00e4ngd. Sonic 6.0 \u00e4r en av de b\u00e4sta &#8221;fartpilarna&#8221; vi har sett p\u00e5 l\u00e4nge.         <strong><br \/>\n<\/strong><span style=\"color: #333333;\"><br \/>\nSPECIFIKATIONER<\/span><\/p>\n<table>\n<tbody>\n<tr>\n<td><strong>300<\/strong><br \/>\n.300&#8243; Deflection<br \/>\n8,8 GPI<br \/>\n+\/-.003&#8243; Rakhet<br \/>\n.286&#8243; Y.D.<\/td>\n<td><strong>350<\/strong><br \/>\n.350&#8243; Deflection<br \/>\n7,8 GPI<br \/>\n+\/-.003&#8243; Rakhet<br \/>\n.279&#8243; Y.D.<\/td>\n<td><strong>400<\/strong><br \/>\n.400&#8243; Deflection<br \/>\n7,2 GPI<br \/>\n+\/-.003&#8243; Rakhet<br \/>\n.275&#8243; Y.D.<\/td>\n<td><strong>500<\/strong><br \/>\n.500&#8243; Deflection<br \/>\n6,7 GPI<br \/>\n+\/-.003&#8243; Rakhet<br \/>\n.273&#8243; Y.D.<\/td>\n<\/tr>\n<\/tbody>\n<\/table>\n<div class=\"elementor-element elementor-element-0117952 elementor-widget elementor-widget-text-editor\" data-id=\"0117952\" data-element_type=\"widget\" data-widget_type=\"text-editor.default\">\n<div class=\"elementor-widget-container\">\n<div class=\"elementor-text-editor elementor-clearfix\">\n<p>EGENSKAPER:<span data-ccp-props=\"{\"> <\/span><\/p>\n<ul>\n<li><span data-contrast=\"auto\">6 mm ST-insatser ing\u00e5r<\/span> (18 grains)<\/li>\n<li data-leveltext=\"?\" data-font=\"Symbol\" data-listid=\"1\" data-aria-posinset=\"1\" data-aria-level=\"1\"><span data-contrast=\"auto\">6 mm reducerad diameter, konstruktion i 100 % kolfiber<\/span><span data-ccp-props=\"{\"> <\/span><\/li>\n<li data-leveltext=\"?\" data-font=\"Symbol\" data-listid=\"1\" data-aria-posinset=\"3\" data-aria-level=\"1\"><span data-contrast=\"auto\">F\u00f6rmonterade 6 mm nockar<\/span><span data-ccp-props=\"{\"> <\/span><\/li>\n<li data-leveltext=\"?\" data-font=\"Symbol\" data-listid=\"1\" data-aria-posinset=\"5\" data-aria-level=\"1\"><span data-contrast=\"auto\">Rakhet +\/- .003\u201d<br \/>\n<\/span><span data-contrast=\"auto\">Tillverkad i USA<\/span><\/li>\n<\/ul>\n<\/div>\n<\/div>\n<\/div>\n<p><strong>LEGENDARISK KVALITET:<br \/>\n<\/strong>Easton har varit ledande inom jaktpilar sedan 1940-talet. Deras erfarenhet och teknik syns i varje produkt de tillverkar. Eastons skaft anv\u00e4nds av fler b\u00e5gj\u00e4gare, armborstj\u00e4gare, 3D-t\u00e4vlande, tavelskyttar och olympiska b\u00e5gskyttar \u00e4n alla andra m\u00e4rken tillsammans. S\u00e5dana siffror ljuger inte \u2013 Easton h\u00e5ller h\u00f6gsta kvalitet. K\u00e4nn dig trygg och v\u00e4lj pilar fr\u00e5n Easton, du kommer inte bli besviken.    <\/p>\n<p><strong>STANDARDISERADE TABELLER F\u00d6R PILENS SPINE\/DEFLECTION<\/strong><\/p>\n<p>Denna tabell \u00e4r normaliserad f\u00f6r moderna compoundb\u00e5gar med IBO-hastigheter mellan 280\u2013330 fps. F\u00f6r snabbare b\u00e5gar, l\u00e4s tabellen ett steg ner och till h\u00f6ger. F\u00f6r l\u00e5ngsammare b\u00e5gar, l\u00e4s tabellen ett steg upp och till v\u00e4nster. Tabellen g\u00e4ller ej f\u00f6r traditionella b\u00e5gar. OBS: Faktisk deflection (nedb\u00f6jning) matchar inte n\u00f6dv\u00e4ndigtvis tillverkarens marknadsf\u00f6rda spine-storlekar (Gold Tip 5575, Carbon Force 200, Carbon Express 60\/75, etc.). Tillverkarnas storlekssystem <strong>kan vara godtyckliga<\/strong> (100, 200, 300, 400) och speglar inte alltid pilens faktiska styvhet. Till exempel har en &#8221;Carbon Express Maxima 250&#8243; en faktisk deflection p\u00e5 .404&#8243;, inte .250&#8221; som namnet antyder. I detta fall \u00e4r systemet godtyckligt. F\u00f6r s\u00e4kerhets skull, utg\u00e5 INTE fr\u00e5n att en pils publicerade spine-storlek matchar dess faktiska deflection. Se faktiska specifikationer ovan innan du anv\u00e4nder tabellen f\u00f6r att v\u00e4lja r\u00e4tt styvhet till din b\u00e5ge. Om du beh\u00f6ver hj\u00e4lp, ring v\u00e5r pro-shop eller mejla oss.          <\/p>\n<p><strong>OM V\u00c5RT PROGRAM F\u00d6R SPECIALANPASSADE PILAR:<\/strong><\/p>\n<p><strong>VARJE PIL HANDBYGGS FR\u00c5N R\u00c5A SKAFT <\/strong>Att bygga pilar f\u00f6r hand g\u00f6r att vi kan g\u00f6ra saker som v\u00e5ra konkurrenter i stormarknaderna inte kan. Varje r\u00e5tt skaft och dess komponenter kontrolleras f\u00f6r tillverkningsfel f\u00f6re montering. Varje skaft f\u00f6rbereds korrekt och varje fj\u00e4der handkontrolleras f\u00f6r r\u00e4tt vidh\u00e4ftning. Sedan orienteras alla nockar och varje pil kapas enligt dina specifikationer p\u00e5 en av v\u00e5ra h\u00f6ghastighetss\u00e5gar med 8 000 varv\/min. Vi installerar sedan dina insatser, tr\u00e4ningsspetsar (om de best\u00e4llts separat) och reng\u00f6r pilarna f\u00f6r att ta bort oljor eller limrester. F\u00e4rdiga pilset m\u00e5ste sedan genomg\u00e5 en noggrann kontroll i flera steg innan de godk\u00e4nns f\u00f6r leverans. Vi inser att vi inte bygger ballistiska missiler, men vi tar v\u00e5ra pilar p\u00e5 stort allvar. N\u00e4r dina specialanpassade pilar anl\u00e4nder vill vi att du ska bli imponerad. V\u00e5ra pilar levereras exakt enligt dina specifikationer och \u00e4r 100 % redo att skjutas. Detta \u00e4r den typ av service du bara kan f\u00e5 fr\u00e5n en riktig b\u00e5gskyttebutik, och vi \u00e4r stolta \u00f6ver att s\u00e4tta en kvalitetsstandard som en maskin helt enkelt inte kan matcha.         <\/p>\n<p><strong>VARJE PIL \u00c4R REDO ATT SKJUTAS <\/strong>L\u00e5t dig inte luras av s\u00e5 kallade &#8221;f\u00e4ltklara pilar&#8221; som erbjuds i stora varuhus. De \u00e4r INTE <u>f\u00e4rdiga<\/u> pilar. Dessa pilar \u00e4r ofta bara r\u00e5a skaft i full l\u00e4ngd som maskinfj\u00e4drats med de billigaste materialen (ofta utomlands). De \u00e4r definitivt inte redo f\u00f6r f\u00e4ltbruk och deras kvalitet kan inte j\u00e4mf\u00f6ras med handbyggda pilar. F\u00f6r att inte tala om att kunden har v\u00e4ldigt lite valm\u00f6jligheter n\u00e4r man k\u00f6per maskinfj\u00e4drade f\u00e4rdigprodukter. Oftast f\u00e5r du bara det som ligger i l\u00e5dan och f\u00e5r n\u00f6ja dig med det. Vi tycker att det \u00e4r en ganska l\u00e5g standard.      <\/p>\n<p><strong>ARBETE UTF\u00d6RT JUST F\u00d6R DIG <\/strong>Specialanpassade pilar BYGGS OCH KAPAS ENLIGT DINA FAKTISKA BEST\u00c4LLNINGSSPECIFIKATIONER. Ingenting tillverkas i f\u00f6rv\u00e4g. Ingen process p\u00e5b\u00f6rjas f\u00f6rr\u00e4n du har lagt din best\u00e4llning. Men var medveten om att n\u00e4r vi v\u00e4l har kn\u00e4ckt \u00e4ggen och b\u00f6rjat p\u00e5 din omelett, kan vi inte stoppa tillbaka allt i skalet till n\u00e5gon annan senare. Specialanpassade pilar kan inte returneras till lagret. N\u00e4r de v\u00e4l har fj\u00e4drats, f\u00e5tt insatser eller kapats till r\u00e4tt l\u00e4ngd kan best\u00e4llningen inte avbrytas, returneras eller bytas \u2013 utom i s\u00e4llsynta fall av tillverkningsfel eller butiksfel vid best\u00e4llningen. Var d\u00e4rf\u00f6r s\u00e4ker p\u00e5 dina specifikationer innan du best\u00e4ller. N\u00e4r en upps\u00e4ttning pilar har byggts JUST F\u00d6R DIG, \u00e4r de dina. Sj\u00e4lvklart, om det finns ett legitimt problem, st\u00e5r vi f\u00f6r v\u00e5rt arbete och r\u00e4ttar till det. Men det kommer inte att beh\u00f6vas.          Vi kommer att se till att dina pilar blir fantastiska direkt. Du ska f\u00e5 se&#8230; <\/p>\n<p><strong>HUR L\u00c5NG TID TAR DET? N\u00c4R F\u00c5R JAG MINA PILAR?  <\/strong>Majoriteten (ca 94 %) av v\u00e5ra specialbest\u00e4llningar behandlas, byggs, inspekteras och skickas inom 2\u20134 arbetsdagar. Under de lugnare m\u00e5naderna (jan\u2013juli) brukar vi sl\u00e5 det genomsnittet med en dag. Under de mer hektiska m\u00e5naderna (augusti\u2013december) tenderar det att ta en extra dag. Allt taget i beaktande \u00e4r en officiell ledtid p\u00e5 1\u20135 dagar den \u00e4rligaste uppskattning vi kan ge. Vi vet att v\u00e5ra kunder \u00e4r ivriga att f\u00e5 sina varor och komma ig\u00e5ng, s\u00e5 vi jobbar p\u00e5 och skickar best\u00e4llningarna s\u00e5 snabbt vi bara kan. Om det uppst\u00e5r n\u00e5got hinder eller undantag l\u00e5ter vi dig veta.      Men generellt sett kan du r\u00e4kna med att din specialbest\u00e4llning \u00e4r p\u00e5 v\u00e4g inom n\u00e5gra arbetsdagar. V\u00e5rt e-postsystem f\u00f6r kundtj\u00e4nst h\u00e5ller dig uppdaterad om din orderstatus l\u00e4ngs v\u00e4gen. Faktiska leveranstider varierar beroende p\u00e5 avst\u00e5ndet fr\u00e5n pro-shopen\/lagret i Finland.  <\/p>\n","protected":false},"excerpt":{"rendered":"<p>Vi s\u00e4ljer i paket om 12, 24 st&#8230;<\/p>\n","protected":false},"featured_media":257641,"comment_status":"open","ping_status":"closed","template":"","meta":[],"product_brand":[],"product_cat":[2555],"product_tag":[],"class_list":{"0":"post-286957","1":"product","2":"type-product","3":"status-publish","4":"has-post-thumbnail","6":"product_cat-kolfiber-handgjord","8":"first","9":"instock","10":"taxable","11":"shipping-taxable","12":"purchasable","13":"product-type-composite"},"composite_virtual":false,"composite_layout":"single","composite_add_to_cart_form_location":"default","composite_editable_in_cart":false,"composite_sold_individually_context":"product","composite_shop_price_calc":"min_max","composite_components":[{"id":"1700568465","title":"Pilskaft","description":"","query_type":"product_ids","query_ids":[286955],"default_option_id":286955,"thumbnail_id":"","thumbnail_src":"","quantity_min":12,"quantity_max":"","priced_individually":true,"shipped_individually":false,"optional":false,"discount":"","options_style":"dropdowns","pagination_style":"classic","display_prices":"absolute","show_sorting_options":false,"show_filtering_options":false,"attribute_filter_ids":[],"select_action":"view","product_title_visible":true,"product_descr_visible":true,"product_price_visible":true,"product_thumb_visible":true,"subtotal_visible_product":true,"subtotal_visible_cart":true,"subtotal_visible_orders":true,"product_addons_visible":true},{"id":"1700568466","title":"F\u00e4rg p\u00e5 styrfj\u00e4der","description":"<p>Detta \u00e4r en av de tre fj\u00e4drarna p\u00e5 pilen. Alla tre fj\u00e4drar m\u00e5ste vara av samma typ men beh\u00f6ver inte ha samma f\u00e4rg. <\/p>\n","query_type":"product_ids","query_ids":[288891,289307,289326,289335,289353,287651,288860],"default_option_id":289307,"thumbnail_id":"","thumbnail_src":"","quantity_min":12,"quantity_max":"","priced_individually":false,"shipped_individually":false,"optional":false,"discount":"","options_style":"dropdowns","pagination_style":"classic","display_prices":"absolute","show_sorting_options":false,"show_filtering_options":false,"attribute_filter_ids":[],"select_action":"view","product_title_visible":true,"product_descr_visible":true,"product_price_visible":true,"product_thumb_visible":true,"subtotal_visible_product":true,"subtotal_visible_cart":true,"subtotal_visible_orders":true,"product_addons_visible":true},{"id":"1700568467","title":"F\u00e4rg p\u00e5 \u00f6vriga fj\u00e4drar","description":"<p>Dessa \u00e4r tv\u00e5 av de tre fj\u00e4drarna p\u00e5 pilen. Alla tre fj\u00e4drar m\u00e5ste vara av samma typ men beh\u00f6ver inte ha samma f\u00e4rg. <\/p>\n","query_type":"product_ids","query_ids":[288891,289307,289326,289335,289353,287651,288860],"default_option_id":289307,"thumbnail_id":"","thumbnail_src":"","quantity_min":24,"quantity_max":"","priced_individually":false,"shipped_individually":false,"optional":false,"discount":"","options_style":"dropdowns","pagination_style":"classic","display_prices":"absolute","show_sorting_options":false,"show_filtering_options":false,"attribute_filter_ids":[],"select_action":"view","product_title_visible":true,"product_descr_visible":true,"product_price_visible":true,"product_thumb_visible":true,"subtotal_visible_product":true,"subtotal_visible_cart":true,"subtotal_visible_orders":true,"product_addons_visible":true}],"composite_scenarios":[],"group_of_quantity":0,"min_quantity":0,"max_quantity":"","exclude_order_quantity_value_rules":"no","exclude_category_quantity_rules":"no","combine_variations":"no","exclude_global_add_ons":false,"addons":[{"name":"Fj\u00e4derstil","type":"multiple_choice","position":0,"required":true,"title_format":"label","default":"","description_enable":false,"description":null,"placeholder_enable":false,"placeholder":null,"display":"select","restrictions_type":"any_text","adjust_price":false,"price":"","price_type":"flat_fee","restrictions":false,"min":"0","max":"0","options":[{"label":"Offset","price":"","price_type":"flat_fee","image":0,"visibility":true},{"label":"Helical (skruvad)","price":"","price_type":"flat_fee","image":0,"visibility":true},{"label":"Rak","price":"","price_type":"flat_fee","image":0,"visibility":true}],"id":1719833849}],"_links":{"self":[{"href":"https:\/\/www.huntersfriend.eu\/sv\/wp-json\/wp\/v2\/product\/286957","targetHints":{"allow":["GET"]}}],"collection":[{"href":"https:\/\/www.huntersfriend.eu\/sv\/wp-json\/wp\/v2\/product"}],"about":[{"href":"https:\/\/www.huntersfriend.eu\/sv\/wp-json\/wp\/v2\/types\/product"}],"replies":[{"embeddable":true,"href":"https:\/\/www.huntersfriend.eu\/sv\/wp-json\/wp\/v2\/comments?post=286957"}],"wp:featuredmedia":[{"embeddable":true,"href":"https:\/\/www.huntersfriend.eu\/sv\/wp-json\/wp\/v2\/media\/257641"}],"wp:attachment":[{"href":"https:\/\/www.huntersfriend.eu\/sv\/wp-json\/wp\/v2\/media?parent=286957"}],"wp:term":[{"taxonomy":"product_brand","embeddable":true,"href":"https:\/\/www.huntersfriend.eu\/sv\/wp-json\/wp\/v2\/product_brand?post=286957"},{"taxonomy":"product_cat","embeddable":true,"href":"https:\/\/www.huntersfriend.eu\/sv\/wp-json\/wp\/v2\/product_cat?post=286957"},{"taxonomy":"product_tag","embeddable":true,"href":"https:\/\/www.huntersfriend.eu\/sv\/wp-json\/wp\/v2\/product_tag?post=286957"}],"curies":[{"name":"wp","href":"https:\/\/api.w.org\/{rel}","templated":true}]}}