{"id":286956,"date":"2023-11-06T11:50:20","date_gmt":"2023-11-06T09:50:20","guid":{"rendered":"https:\/\/www.huntersfriend.eu\/product\/meindl-taiga-gtx-2\/"},"modified":"2025-08-26T14:29:08","modified_gmt":"2025-08-26T12:29:08","slug":"meindl-taiga-gtx-2","status":"publish","type":"product","link":"https:\/\/www.huntersfriend.eu\/sv\/produkt\/meindl-taiga-gtx-2\/","title":{"rendered":"Meindl Taiga GTX"},"content":{"rendered":"<p>Meindl Taiga MFS GTX-k\u00e4ngan \u00e4r utformad f\u00f6r att maximera din jaktprestanda. Den \u00e4r handgjord av mjukt nubuckl\u00e4der och \u00e4r t\u00e5lig och skyddande i sv\u00e5ra f\u00f6rh\u00e5llanden med en h\u00f6g \u00f6verdel f\u00f6r oslagbart st\u00f6d f\u00f6r fotleden. Din fot h\u00e5lls s\u00e4kert p\u00e5 plats tack vare Digafix-sn\u00f6rningssystemet som m\u00f6jligg\u00f6r enkel sn\u00f6rning, justerbar f\u00f6r vandring i kuperad terr\u00e4ng. Med ett GORE-TEX-foder och en Air-Active drysole-fotb\u00e4dd \u00e4r Taiga MFS GTX extremt ventilerande, v\u00e4lventilerad och vattent\u00e4t i alla v\u00e4der. MFS-skummen arbetar genom att forma sig efter fotens form med hj\u00e4lp av kroppsv\u00e4rme, vilket ger optimalt st\u00f6d. Memory Foam System (MFS) ger extra vaddering och maximal komfort, vilket ger en personlig passform och minskar o\u00f6nskade tryck och kl\u00e4m.     <\/p>\n<p>Taiga MFS GTX \u00e4r komplett med en Meindl Multigriff-sula (utvecklad med Vibram) som ger utm\u00e4rkt grepp p\u00e5 en m\u00e4ngd olika underlag, fr\u00e5n leriga f\u00e4lt till bergslandskap.<\/p>\n<p><span class=\"jCAhz ChMk0b\"><span class=\"ryNqvb\">Skornas vikt 1950 g\/par<\/span><\/span><\/p>\n","protected":false},"excerpt":{"rendered":"<p>Meindl Taiga MFS GTX-k\u00e4ngan \u00e4r utformad f\u00f6r att maximera din jaktprestanda. Den \u00e4r handgjord av mjukt nubuckl\u00e4der och \u00e4r t\u00e5lig och skyddande i sv\u00e5ra f\u00f6rh\u00e5llanden med en h\u00f6g \u00f6verdel f\u00f6r oslagbart st\u00f6d f\u00f6r fotleden. Din fot h\u00e5lls s\u00e4kert p\u00e5 plats tack vare Digafix-sn\u00f6rningssystemet som m\u00f6jligg\u00f6r enkel sn\u00f6rning, justerbar f\u00f6r vandring i kuperad terr\u00e4ng. Med ett [&#8230;]\n","protected":false},"featured_media":257192,"comment_status":"open","ping_status":"closed","template":"","meta":[],"product_brand":[],"product_cat":[2835],"product_tag":[],"class_list":{"0":"post-286956","1":"product","2":"type-product","3":"status-publish","4":"has-post-thumbnail","6":"product_cat-jaktkangor","7":"product_shipping_class-medium-sv","9":"first","10":"instock","11":"taxable","12":"shipping-taxable","13":"purchasable","14":"product-type-variable"},"composite_virtual":false,"composite_layout":"","composite_add_to_cart_form_location":"","composite_editable_in_cart":false,"composite_sold_individually_context":"","composite_shop_price_calc":"","composite_components":[],"composite_scenarios":[],"group_of_quantity":0,"min_quantity":0,"max_quantity":"","exclude_order_quantity_value_rules":"no","exclude_category_quantity_rules":"no","combine_variations":"no","exclude_global_add_ons":[],"addons":[],"_links":{"self":[{"href":"https:\/\/www.huntersfriend.eu\/sv\/wp-json\/wp\/v2\/product\/286956","targetHints":{"allow":["GET"]}}],"collection":[{"href":"https:\/\/www.huntersfriend.eu\/sv\/wp-json\/wp\/v2\/product"}],"about":[{"href":"https:\/\/www.huntersfriend.eu\/sv\/wp-json\/wp\/v2\/types\/product"}],"replies":[{"embeddable":true,"href":"https:\/\/www.huntersfriend.eu\/sv\/wp-json\/wp\/v2\/comments?post=286956"}],"wp:featuredmedia":[{"embeddable":true,"href":"https:\/\/www.huntersfriend.eu\/sv\/wp-json\/wp\/v2\/media\/257192"}],"wp:attachment":[{"href":"https:\/\/www.huntersfriend.eu\/sv\/wp-json\/wp\/v2\/media?parent=286956"}],"wp:term":[{"taxonomy":"product_brand","embeddable":true,"href":"https:\/\/www.huntersfriend.eu\/sv\/wp-json\/wp\/v2\/product_brand?post=286956"},{"taxonomy":"product_cat","embeddable":true,"href":"https:\/\/www.huntersfriend.eu\/sv\/wp-json\/wp\/v2\/product_cat?post=286956"},{"taxonomy":"product_tag","embeddable":true,"href":"https:\/\/www.huntersfriend.eu\/sv\/wp-json\/wp\/v2\/product_tag?post=286956"}],"curies":[{"name":"wp","href":"https:\/\/api.w.org\/{rel}","templated":true}]}}