{"id":286955,"date":"2023-11-21T11:41:15","date_gmt":"2023-11-21T09:41:15","guid":{"rendered":"https:\/\/www.huntersfriend.eu\/product\/easton-sonic-6-0-pilar\/"},"modified":"2026-04-09T19:42:00","modified_gmt":"2026-04-09T17:42:00","slug":"easton-sonic-6-0-pilar","status":"publish","type":"product","link":"https:\/\/www.huntersfriend.eu\/sv\/produkt\/easton-sonic-6-0-pilar\/","title":{"rendered":"Easton sonic 6.0 pilar"},"content":{"rendered":"<p><strong>NAMNET S\u00c4GER ALLT: <\/strong><br \/>\nK\u00f6r snabbt eller k\u00f6r tungt! Det finns s\u00e5 m\u00e5nga pilval p\u00e5 marknaden idag, det \u00e4r \u00f6verv\u00e4ldigande, och informations\u00f6verbelastningen kan bli f\u00f6rvirrande snabbt! Jag s\u00e4ger alltid att valet verkligen handlar om vad du planerar att g\u00f6ra med dessa pilar. Om du vill ha fart, satsa p\u00e5 en l\u00e4tt pil, om du letar efter mer KE s\u00e5 \u00e4r tyngre n\u00e5got f\u00f6r dig. Om du \u00e4r p\u00e5 hastighetssidan av denna ekvation s\u00e5 \u00e4r du p\u00e5 r\u00e4tt plats. Easton Sonic 6.0 \u00e4r en 6 mm h\u00f6gpresterande jaktpil konstruerad med h\u00f6gpresterande hastighet och jaktprecision i \u00e5tanke. Sonic 6.0 \u00e4r byggd fr\u00e5n grunden i USA med Eastons s\u00f6ml\u00f6sa Acu-Carbon-process f\u00f6r 100 % vikt- och ryggradskonsistens fr\u00e5n pil till pil och fr\u00e5n dussin till dussin. L\u00e4ttare totalvikt ger ocks\u00e5 ett bredare utbud av pilbyggalternativ; fr\u00e5n l\u00e4tta hastighetsinst\u00e4llningar till h\u00f6g-FOC\/h\u00f6g-momentum tungviktare. Sonic 6.0 \u00e4r en av de b\u00e4sta &#8221;hastighets&#8221;-pilarna som vi har sett p\u00e5 ett tag.         <strong><br \/>\n<\/strong><span style=\"color: #333333;\"><br \/>\nSPECIFIKATIONER<\/span><\/p>\n<table>\n<tbody>\n<tr>\n<td><strong>300-tal<\/strong><br \/>\n.300&#8243; Nedb\u00f6jning<br \/>\n8,8 GPI<br \/>\n+\/-.003&#8243; Rakhet<br \/>\n.286&#8243; Y.D.<\/td>\n<td><strong>350-tal<\/strong><br \/>\n.350&#8243; Nedb\u00f6jning<br \/>\n7,8 GPI<br \/>\n+\/-.003&#8243; Rakhet<br \/>\n.279&#8243; Y.D.<\/td>\n<td><strong>400-tal<\/strong><br \/>\n.400&#8243; Nedb\u00f6jning<br \/>\n7,2 GPI<br \/>\n+\/-.003&#8243; Rakhet<br \/>\n.275&#8243; Y.D.<\/td>\n<td><strong>500-tal<\/strong><br \/>\n.500&#8243; Nedb\u00f6jning<br \/>\n6,7 GPI<br \/>\n+\/-.003&#8243; Rakhet<br \/>\n.273&#8243; Y.D.<\/td>\n<\/tr>\n<\/tbody>\n<\/table>\n<div class=\"elementor-element elementor-element-0117952 elementor-widget elementor-widget-text-editor\" data-id=\"0117952\" data-element_type=\"widget\" data-widget_type=\"text-editor.default\">\n<div class=\"elementor-widget-container\">\n<div class=\"elementor-text-editor elementor-clearfix\">\n<p>FUNKTIONER:<span data-ccp-props=\"{\"> <\/span><\/p>\n<ul>\n<li><span data-contrast=\"auto\">6 mm ST-insatser ing\u00e5r<\/span> (18 grains)<\/li>\n<li data-leveltext=\"?\" data-font=\"Symbol\" data-listid=\"1\" data-aria-posinset=\"1\" data-aria-level=\"1\"><span data-contrast=\"auto\">6 mm reducerad diameter 100 % kolfiberkonstruktion<\/span><span data-ccp-props=\"{\"> <\/span><\/li>\n<li data-leveltext=\"?\" data-font=\"Symbol\" data-listid=\"1\" data-aria-posinset=\"3\" data-aria-level=\"1\"><span data-contrast=\"auto\">F\u00f6rinstallerade 6 mm nockar<\/span><span data-ccp-props=\"{\"> <\/span><\/li>\n<li data-leveltext=\"?\" data-font=\"Symbol\" data-listid=\"1\" data-aria-posinset=\"5\" data-aria-level=\"1\"><span data-contrast=\"auto\">Rakhet +\/- .003\u201d<br \/>\n<\/span><span data-contrast=\"auto\">Tillverkad i USA<\/span><\/li>\n<\/ul>\n<\/div>\n<\/div>\n<\/div>\n<p><strong>LEGENDARISK KVALITET:<br \/>\n<\/strong>Easton har varit ledande inom jaktpilar sedan 1940-talet. Deras erfarenhet och teknik syns i varje produkt de tillverkar. Easton-pilar anv\u00e4nds av fler b\u00e5gskyttar, armborstj\u00e4gare, 3D-t\u00e4vlande, m\u00e5l- och olympiska b\u00e5gskyttar \u00e4n alla andra m\u00e4rken tillsammans. Siffror som dessa ljuger inte \u2013 Easton \u00e4r f\u00f6rstklassig kvalitet. Var lugn och skaffa n\u00e5gra pilar fr\u00e5n Easton, du kommer inte att bli besviken.    <\/p>\n<h3>STANDARDISERADE PILRYGGS-\/NEDB\u00d6JNINGSTABELLER:<\/h3>\n<p>Den h\u00e4r tabellen \u00e4r normaliserad f\u00f6r moderna compoundb\u00e5gar med IBO-hastigheter mellan 280-330 fps. F\u00f6r snabbare b\u00e5gar, l\u00e4s tabellen ett block ned och till h\u00f6ger. F\u00f6r l\u00e5ngsammare b\u00e5gar, l\u00e4s tabellen ett block upp och till v\u00e4nster. Tabellen g\u00e4ller inte f\u00f6r traditionella b\u00e5gar. OBS: Faktiska pilryggsdeflektioner matchar inte n\u00f6dv\u00e4ndigtvis tillverkarens marknadsf\u00f6rda ryggradsstorlekar (Gold Tip 5575, Carbon Force 200, Carbon Express 60\/75, etc.). Tillverkarens system f\u00f6r ryggradsstorlekar <strong>kan vara godtyckliga<\/strong> (100, 200, 300, 400) och kanske eller kanske inte \u00e5terspeglar pilarnas faktiska ryggradsdeflektioner. Till exempel har en &#8221;Carbon Express Maxima 250&#8243; en faktisk ryggradsdeflektion p\u00e5 .404&#8243;, inte .250&#8221; som storleken antyder. I det h\u00e4r fallet \u00e4r klassificeringssystemet godtyckligt. F\u00f6r att vara s\u00e4ker, ANTA INTE att en pils publicerade ryggradsstorlek matchar pilens faktiska deflektion. Se faktiska pilspecifikationsdata ovan innan du anv\u00e4nder den h\u00e4r tabellen f\u00f6r att v\u00e4lja en l\u00e4mplig ryggradsstyvhet f\u00f6r din b\u00e5ge. Om du beh\u00f6ver hj\u00e4lp, ring v\u00e5r pro-shop eller mejla oss f\u00f6r hj\u00e4lp.          <\/p>\n<p><strong>Om du vill anpassa befj\u00e4dringen, g\u00e5 till v\u00e5rt <a href=\"https:\/\/www.huntersfriend.eu\/product-category\/arrows-shafts-and-bolts\/custom-arrows\/\">Custom Arrows-urval<\/a>.<\/strong><\/p>\n","protected":false},"excerpt":{"rendered":"<p>NAMNET S\u00c4GER ALLT: K\u00f6r snabbt eller k\u00f6r tungt! Det finns s\u00e5 m\u00e5nga pilval p\u00e5 marknaden idag, det \u00e4r \u00f6verv\u00e4ldigande, och informations\u00f6verbelastningen kan bli f\u00f6rvirrande snabbt! Jag s\u00e4ger alltid att valet verkligen handlar om vad du planerar att g\u00f6ra med dessa pilar. Om du vill ha fart, satsa p\u00e5 en l\u00e4tt pil, om du letar efter [&#8230;]\n","protected":false},"featured_media":257650,"comment_status":"open","ping_status":"closed","template":"","meta":[],"product_brand":[],"product_cat":[2550],"product_tag":[],"class_list":{"0":"post-286955","1":"product","2":"type-product","3":"status-publish","4":"has-post-thumbnail","6":"product_cat-koljaktskaft","8":"first","9":"outofstock","10":"taxable","11":"shipping-taxable","12":"purchasable","13":"product-type-variable"},"composite_virtual":false,"composite_layout":"","composite_add_to_cart_form_location":"","composite_editable_in_cart":false,"composite_sold_individually_context":"","composite_shop_price_calc":"","composite_components":[],"composite_scenarios":[],"group_of_quantity":0,"min_quantity":0,"max_quantity":"","exclude_order_quantity_value_rules":"no","exclude_category_quantity_rules":"no","combine_variations":"no","exclude_global_add_ons":false,"addons":[{"name":"Klipp till l\u00e4ngd","type":"multiple_choice","position":0,"required":true,"title_format":"label","default":"","description_enable":false,"description":null,"placeholder_enable":false,"placeholder":null,"display":"select","restrictions_type":"any_text","adjust_price":false,"price":"","price_type":"flat_fee","restrictions":false,"min":"0","max":"0","options":[{"label":"Klipp inte","price":"","price_type":"flat_fee","image":0,"visibility":true},{"label":"V\u00e4nligen klipp \u2013 l\u00e4gg till \u00f6nskad l\u00e4ngd i infof\u00e4ltet vid utcheckningen","price":"","price_type":"flat_fee","image":0,"visibility":true}]},{"name":"Insatser","type":"multiple_choice","position":1,"required":true,"title_format":"label","default":"","description_enable":false,"description":null,"placeholder_enable":false,"placeholder":null,"display":"select","restrictions_type":"any_text","adjust_price":false,"price":"","price_type":"flat_fee","restrictions":false,"min":"0","max":"0","options":[{"label":"Installera insatser (detta \u00e4r permanent!)","price":"","price_type":"flat_fee","image":0,"visibility":true},{"label":"Installera inte insatser (inkludera l\u00f6sa)","price":"","price_type":"flat_fee","image":0,"visibility":true}]}],"_links":{"self":[{"href":"https:\/\/www.huntersfriend.eu\/sv\/wp-json\/wp\/v2\/product\/286955","targetHints":{"allow":["GET"]}}],"collection":[{"href":"https:\/\/www.huntersfriend.eu\/sv\/wp-json\/wp\/v2\/product"}],"about":[{"href":"https:\/\/www.huntersfriend.eu\/sv\/wp-json\/wp\/v2\/types\/product"}],"replies":[{"embeddable":true,"href":"https:\/\/www.huntersfriend.eu\/sv\/wp-json\/wp\/v2\/comments?post=286955"}],"wp:featuredmedia":[{"embeddable":true,"href":"https:\/\/www.huntersfriend.eu\/sv\/wp-json\/wp\/v2\/media\/257650"}],"wp:attachment":[{"href":"https:\/\/www.huntersfriend.eu\/sv\/wp-json\/wp\/v2\/media?parent=286955"}],"wp:term":[{"taxonomy":"product_brand","embeddable":true,"href":"https:\/\/www.huntersfriend.eu\/sv\/wp-json\/wp\/v2\/product_brand?post=286955"},{"taxonomy":"product_cat","embeddable":true,"href":"https:\/\/www.huntersfriend.eu\/sv\/wp-json\/wp\/v2\/product_cat?post=286955"},{"taxonomy":"product_tag","embeddable":true,"href":"https:\/\/www.huntersfriend.eu\/sv\/wp-json\/wp\/v2\/product_tag?post=286955"}],"curies":[{"name":"wp","href":"https:\/\/api.w.org\/{rel}","templated":true}]}}