{"id":286953,"date":"2023-11-06T11:50:49","date_gmt":"2023-11-06T09:50:49","guid":{"rendered":"https:\/\/www.huntersfriend.eu\/product\/armytek-barracuda-pro-varmt-sokarljus\/"},"modified":"2025-08-26T14:28:45","modified_gmt":"2025-08-26T12:28:45","slug":"armytek-barracuda-pro-varmt-sokarljus","status":"publish","type":"product","link":"https:\/\/www.huntersfriend.eu\/sv\/produkt\/armytek-barracuda-pro-varmt-sokarljus\/","title":{"rendered":"Armytek Barracuda Pro varmt s\u00f6karljus"},"content":{"rendered":"<div class=\"ty-product-feature-group\">\n<div class=\"ty-subheader\"><strong>Ljus &amp; optik<\/strong><\/div>\n<div><\/div>\n<div class=\"ty-product-feature\"><span class=\"ty-product-feature__label\">F\u00e4rgtemperatur:<\/span> Varm<\/div>\n<div class=\"ty-product-feature\"><span class=\"ty-product-feature__label\">OTF-ljusfl\u00f6de:<\/span> 1390<span class=\"ty-product-feature__suffix\">lm<\/span><\/div>\n<div class=\"ty-product-feature\"><span class=\"ty-product-feature__label\">Optik:<\/span> Sl\u00e4t reflektor<\/div>\n<div class=\"ty-product-feature\"><span class=\"ty-product-feature__label\">R\u00e4ckvidd, meter:<\/span> 771<span class=\"ty-product-feature__suffix\"> m<\/span><\/div>\n<div class=\"ty-product-feature\"><span class=\"ty-product-feature__label\">Hotspot:<\/span> 5<span class=\"ty-product-feature__suffix\">\u00b0<\/span><\/div>\n<div class=\"ty-product-feature\"><span class=\"ty-product-feature__label\">Typ av ljusstyrkestabilisering:<\/span> FULL (konstant ljusstyrka)<\/div>\n<div class=\"ty-product-feature\"><span class=\"ty-product-feature__label\">Spill:<\/span> 40<span class=\"ty-product-feature__suffix\">\u00b0<\/span><\/div>\n<\/div>\n<div class=\"ty-product-feature-group\">\n<div><\/div>\n<div class=\"ty-subheader\"><strong>L\u00e4gen<\/strong><\/div>\n<div><\/div>\n<div class=\"ty-product-feature\"><span class=\"ty-product-feature__label\">Antal l\u00e4gen:<\/span> 9<\/div>\n<div class=\"ty-product-feature\"><span class=\"ty-product-feature__label\">Drifttid i maximalt l\u00e4ge:<\/span> 1 timme<\/div>\n<div class=\"ty-product-feature\"><span class=\"ty-product-feature__label\">Drifttid i minimuml\u00e4ge:<\/span> 500 dagar<\/div>\n<div class=\"ty-product-feature\"><span class=\"ty-product-feature__label\">Strobel\u00e4ge:<\/span><\/p>\n<div class=\"ty-product-feature__value\"><\/div>\n<\/div>\n<\/div>\n<div class=\"ty-product-feature-group\">\n<div class=\"ty-subheader\"><strong>M\u00e5tt &amp; vikt<\/strong><\/div>\n<div><\/div>\n<div class=\"ty-product-feature\"><span class=\"ty-product-feature__label\">Huvuddiameter:<\/span> 64<span class=\"ty-product-feature__suffix\"> mm<\/span><\/div>\n<div class=\"ty-product-feature\"><span class=\"ty-product-feature__label\">Kroppsdiameter:<\/span> 24,5<span class=\"ty-product-feature__suffix\"> mm<\/span><\/div>\n<div class=\"ty-product-feature\"><span class=\"ty-product-feature__label\">Vikt (utan batterier):<\/span> 259<span class=\"ty-product-feature__suffix\"> g<\/span><\/div>\n<\/div>\n<div class=\"ty-product-feature-group\">\n<div class=\"ty-subheader\">Kropp <span class=\"ty-product-feature__label\">Material<span class=\"ty-help-info\"><i class=\"ty-icon-help-circle\"><\/i> <\/span>:<\/span> Flygplansaluminium<\/div>\n<div class=\"ty-product-feature\"><span class=\"ty-product-feature__label\">N\u00f6tningsbest\u00e4ndig ytbehandling<span class=\"ty-help-info\"><i class=\"ty-icon-help-circle\"><\/i> <\/span>:<\/span> Premium typ III h\u00e5rdanodisering 400HV<\/div>\n<div class=\"ty-product-feature\"><span class=\"ty-product-feature__label\">Standard f\u00f6r vattent\u00e4thet och dammt\u00e4thet<span class=\"ty-help-info\"><i class=\"ty-icon-help-circle\"><\/i> <\/span>:<\/span> IP68 (h\u00f6gsta)<\/div>\n<div class=\"ty-product-feature\"><span class=\"ty-product-feature__label\">S\u00e4ker neds\u00e4nkningsdjup:<\/span> 10<span class=\"ty-product-feature__suffix\"> m<\/span><\/div>\n<div class=\"ty-product-feature\"><span class=\"ty-product-feature__label\">S\u00e4ker fallh\u00f6jd:<\/span> 30<span class=\"ty-product-feature__suffix\"> m<\/span><\/div>\n<div class=\"ty-product-feature\"><span class=\"ty-product-feature__label\">Drifttemperatur:<\/span> -25..+40<span class=\"ty-product-feature__suffix\"> \u00b0C<\/span><\/div>\n<div><\/div>\n<\/div>\n<div class=\"ty-product-feature-group\">\n<div class=\"ty-subheader\"><strong>Elektronik<\/strong><\/div>\n<div><\/div>\n<div class=\"ty-product-feature\"><span class=\"ty-product-feature__label\">Batterikompatibilitet:<\/span> 2&#215;18650 Li-Ion \/ 4xCR123A \/ 4xR123 Li-Ion<\/div>\n<div class=\"ty-product-feature\"><\/div>\n<\/div>\n","protected":false},"excerpt":{"rendered":"<p>Ljus &amp; optik F\u00e4rgtemperatur: Varm OTF-ljusfl\u00f6de: 1390lm Optik: Sl\u00e4t reflektor R\u00e4ckvidd, meter: 771 m Hotspot: 5\u00b0 Typ av ljusstyrkestabilisering: FULL (konstant ljusstyrka) Spill: 40\u00b0 L\u00e4gen Antal l\u00e4gen: 9 Drifttid i maximalt l\u00e4ge: 1 timme Drifttid i minimuml\u00e4ge: 500 dagar Strobel\u00e4ge: M\u00e5tt &amp; vikt Huvuddiameter: 64 mm Kroppsdiameter: 24,5 mm Vikt (utan batterier): 259 g Kropp [&#8230;]\n","protected":false},"featured_media":257183,"comment_status":"open","ping_status":"closed","template":"","meta":[],"product_brand":[],"product_cat":[2525],"product_tag":[],"class_list":{"0":"post-286953","1":"product","2":"type-product","3":"status-publish","4":"has-post-thumbnail","6":"product_cat-jaktlampor","8":"first","9":"instock","10":"taxable","11":"shipping-taxable","12":"purchasable","13":"product-type-simple"},"composite_virtual":false,"composite_layout":"","composite_add_to_cart_form_location":"","composite_editable_in_cart":false,"composite_sold_individually_context":"","composite_shop_price_calc":"","composite_components":[],"composite_scenarios":[],"group_of_quantity":0,"min_quantity":0,"max_quantity":"","exclude_order_quantity_value_rules":"no","exclude_category_quantity_rules":"no","combine_variations":"no","exclude_global_add_ons":[],"addons":[],"_links":{"self":[{"href":"https:\/\/www.huntersfriend.eu\/sv\/wp-json\/wp\/v2\/product\/286953","targetHints":{"allow":["GET"]}}],"collection":[{"href":"https:\/\/www.huntersfriend.eu\/sv\/wp-json\/wp\/v2\/product"}],"about":[{"href":"https:\/\/www.huntersfriend.eu\/sv\/wp-json\/wp\/v2\/types\/product"}],"replies":[{"embeddable":true,"href":"https:\/\/www.huntersfriend.eu\/sv\/wp-json\/wp\/v2\/comments?post=286953"}],"wp:featuredmedia":[{"embeddable":true,"href":"https:\/\/www.huntersfriend.eu\/sv\/wp-json\/wp\/v2\/media\/257183"}],"wp:attachment":[{"href":"https:\/\/www.huntersfriend.eu\/sv\/wp-json\/wp\/v2\/media?parent=286953"}],"wp:term":[{"taxonomy":"product_brand","embeddable":true,"href":"https:\/\/www.huntersfriend.eu\/sv\/wp-json\/wp\/v2\/product_brand?post=286953"},{"taxonomy":"product_cat","embeddable":true,"href":"https:\/\/www.huntersfriend.eu\/sv\/wp-json\/wp\/v2\/product_cat?post=286953"},{"taxonomy":"product_tag","embeddable":true,"href":"https:\/\/www.huntersfriend.eu\/sv\/wp-json\/wp\/v2\/product_tag?post=286953"}],"curies":[{"name":"wp","href":"https:\/\/api.w.org\/{rel}","templated":true}]}}